{"id":6566,"date":"2024-04-03T15:52:06","date_gmt":"2024-04-03T07:52:06","guid":{"rendered":"https:\/\/vivbliss.com\/?post_type=product&#038;p=6566"},"modified":"2024-10-24T01:19:12","modified_gmt":"2024-10-24T01:19:12","slug":"minissaia-sexy","status":"publish","type":"product","link":"https:\/\/vivbliss.com\/pt\/product\/sexy-mini-skirt\/","title":{"rendered":"Minissaia sexy"},"content":{"rendered":"<p>Esta minissaia sexy combina um design arrojado com uma eleg\u00e2ncia sedutora, tornando-a numa adi\u00e7\u00e3o apelativa a qualquer guarda-roupa. A saia de cintura alta envolve o corpo com um tecido transparente e respir\u00e1vel que acentua as curvas e proporciona conforto. O seu design minimalista \u00e9 ousado e sofisticado, perfeito para quem quer fazer uma afirma\u00e7\u00e3o.<\/p>\n<p>A saia inclui tiras de ligas ajust\u00e1veis que n\u00e3o s\u00f3 acrescentam charme vintage, como tamb\u00e9m garantem um ajuste seguro quando combinadas com meias at\u00e9 \u00e0 coxa. Os elegantes fechos de metal embelezam as tiras da liga, melhorando a est\u00e9tica geral com um toque subtil de ousadia.<\/p>\n<p>O suti\u00e3 que o acompanha, fabricado em tecido transparente a condizer, oferece uma cobertura e apoio m\u00ednimos com al\u00e7as delicadas e ajust\u00e1veis. Fitas finas emolduram lindamente o busto, criando uma silhueta lisonjeira e sedutora. A completar o conjunto est\u00e3o as ligas com al\u00e7as que envolvem as coxas, acrescentando um elemento l\u00fadico e sedutor. Estas ligas ajust\u00e1veis t\u00eam presilhas met\u00e1licas seguras para um ajuste perfeito e maior conforto.<\/p>\n<p>Fabricado com materiais de alta qualidade, este conjunto de mini-saias promete durabilidade e uma sensa\u00e7\u00e3o de luxo contra a pele. Ideal para uma sa\u00edda \u00e0 noite ou uma ocasi\u00e3o especial, este conjunto de minissaia sexy vai faz\u00ea-la sentir-se confiante e irresist\u00edvel. \ud83d\ude0d<\/p>","protected":false},"excerpt":{"rendered":"<p>This Sexy Mini Skirt combines bold design with alluring elegance, making it an eye-catching addition to any wardrobe. The high-waisted skirt hugs the body with sheer, breathable fabric that accentuates curves while providing comfort. Its minimalist design is daring and sophisticated, perfect for those who want to make a statement. The skirt includes adjustable garter straps that not only add vintage charm but also ensure a secure fit when paired with thigh-high stockings. Sleek metal clasps embellish the garter straps, enhancing the overall aesthetic with a subtle hint of edginess. The accompanying bra, crafted from matching sheer fabric, offers minimal coverage and support with delicate, adjustable straps. Thin bands beautifully frame the bust, creating a flattering and enticing silhouette. Completing the set are strappy garters that wrap around the thighs, adding a playful and seductive element. These adjustable garters feature secure metal clips for a perfect fit and added comfort. Crafted from high-quality materials, this mini skirt set promises durability and luxurious feel against the skin. Ideal for a night out or special occasion, this sexy mini skirt set will make you feel confident and irresistible. \ud83d\ude0d<\/p>","protected":false},"featured_media":6570,"template":"","meta":{"_acf_changed":false},"product_brand":[],"product_cat":[168],"product_tag":[569,571,574,575,572,519,573,287,570,284,553],"class_list":{"0":"post-6566","1":"product","2":"type-product","3":"status-publish","4":"has-post-thumbnail","6":"product_cat-see-through-skirt","7":"product_tag-bdsm-skirt","8":"product_tag-custom-made-skirt","9":"product_tag-garter-set","10":"product_tag-leg-garters","11":"product_tag-leg-harness","12":"product_tag-mesh-bra","13":"product_tag-mini-skirt","14":"product_tag-see-through-lingerie","15":"product_tag-sexy-skirt","16":"product_tag-sheer-bra","17":"product_tag-sheer-skirt","19":"first","20":"instock","21":"sale","22":"shipping-taxable","23":"purchasable","24":"product-type-variable","25":"has-default-attributes"},"acf":[],"_links":{"self":[{"href":"https:\/\/vivbliss.com\/pt\/wp-json\/wp\/v2\/product\/6566","targetHints":{"allow":["GET"]}}],"collection":[{"href":"https:\/\/vivbliss.com\/pt\/wp-json\/wp\/v2\/product"}],"about":[{"href":"https:\/\/vivbliss.com\/pt\/wp-json\/wp\/v2\/types\/product"}],"version-history":[{"count":0,"href":"https:\/\/vivbliss.com\/pt\/wp-json\/wp\/v2\/product\/6566\/revisions"}],"wp:featuredmedia":[{"embeddable":true,"href":"https:\/\/vivbliss.com\/pt\/wp-json\/wp\/v2\/media\/6570"}],"wp:attachment":[{"href":"https:\/\/vivbliss.com\/pt\/wp-json\/wp\/v2\/media?parent=6566"}],"wp:term":[{"taxonomy":"product_brand","embeddable":true,"href":"https:\/\/vivbliss.com\/pt\/wp-json\/wp\/v2\/product_brand?post=6566"},{"taxonomy":"product_cat","embeddable":true,"href":"https:\/\/vivbliss.com\/pt\/wp-json\/wp\/v2\/product_cat?post=6566"},{"taxonomy":"product_tag","embeddable":true,"href":"https:\/\/vivbliss.com\/pt\/wp-json\/wp\/v2\/product_tag?post=6566"}],"curies":[{"name":"wp","href":"https:\/\/api.w.org\/{rel}","templated":true}]}}