{"id":41581,"date":"2025-09-29T07:45:29","date_gmt":"2025-09-29T07:45:29","guid":{"rendered":"https:\/\/vivbliss.com\/product\/neon-lace-bra-and-garter-set\/"},"modified":"2025-09-30T08:09:53","modified_gmt":"2025-09-30T08:09:53","slug":"conjunto-de-sutia-e-liga-em-renda-neon","status":"publish","type":"product","link":"https:\/\/vivbliss.com\/pt\/product\/neon-lace-bra-and-garter-set\/","title":{"rendered":"Conjunto de suti\u00e3 e liga em renda n\u00e9on"},"content":{"rendered":"<p>Este conjunto apelativo em n\u00e9on inclui um suti\u00e3 de renda com acabamento em n\u00e9on contrastante, al\u00e7as ajust\u00e1veis, uma cueca e um cinto de ligas a condizer com al\u00e7as ajust\u00e1veis e ligas para as pernas.<\/p>","protected":false},"excerpt":{"rendered":"<p>Este conjunto apelativo em n\u00e9on inclui um suti\u00e3 de renda com acabamento em n\u00e9on contrastante, al\u00e7as ajust\u00e1veis, uma cueca e um cinto de ligas a condizer com al\u00e7as ajust\u00e1veis e ligas para as pernas.<\/p>","protected":false},"featured_media":41582,"template":"","meta":{"_acf_changed":false},"product_brand":[],"product_cat":[1817],"product_tag":[],"class_list":{"0":"post-41581","1":"product","2":"type-product","3":"status-publish","4":"has-post-thumbnail","6":"product_cat-underwear","8":"first","9":"instock","10":"sale","11":"shipping-taxable","12":"purchasable","13":"product-type-variable"},"acf":[],"_links":{"self":[{"href":"https:\/\/vivbliss.com\/pt\/wp-json\/wp\/v2\/product\/41581","targetHints":{"allow":["GET"]}}],"collection":[{"href":"https:\/\/vivbliss.com\/pt\/wp-json\/wp\/v2\/product"}],"about":[{"href":"https:\/\/vivbliss.com\/pt\/wp-json\/wp\/v2\/types\/product"}],"version-history":[{"count":1,"href":"https:\/\/vivbliss.com\/pt\/wp-json\/wp\/v2\/product\/41581\/revisions"}],"predecessor-version":[{"id":41824,"href":"https:\/\/vivbliss.com\/pt\/wp-json\/wp\/v2\/product\/41581\/revisions\/41824"}],"wp:featuredmedia":[{"embeddable":true,"href":"https:\/\/vivbliss.com\/pt\/wp-json\/wp\/v2\/media\/41582"}],"wp:attachment":[{"href":"https:\/\/vivbliss.com\/pt\/wp-json\/wp\/v2\/media?parent=41581"}],"wp:term":[{"taxonomy":"product_brand","embeddable":true,"href":"https:\/\/vivbliss.com\/pt\/wp-json\/wp\/v2\/product_brand?post=41581"},{"taxonomy":"product_cat","embeddable":true,"href":"https:\/\/vivbliss.com\/pt\/wp-json\/wp\/v2\/product_cat?post=41581"},{"taxonomy":"product_tag","embeddable":true,"href":"https:\/\/vivbliss.com\/pt\/wp-json\/wp\/v2\/product_tag?post=41581"}],"curies":[{"name":"wp","href":"https:\/\/api.w.org\/{rel}","templated":true}]}}