{"id":41312,"date":"2025-09-29T07:35:56","date_gmt":"2025-09-29T07:35:56","guid":{"rendered":"https:\/\/vivbliss.com\/product\/busty-bows-lingerie-babydoll\/"},"modified":"2025-09-30T08:13:13","modified_gmt":"2025-09-30T08:13:13","slug":"babydoll-de-lingerie-com-lacos-de-peito","status":"publish","type":"product","link":"https:\/\/vivbliss.com\/pt\/product\/busty-bows-lingerie-babydoll\/","title":{"rendered":"Babydoll de lingerie com la\u00e7os de peito"},"content":{"rendered":"<p>Esta babydoll peituda com la\u00e7os para o Dia dos Namorados Lingerie apresenta um busto aberto com um la\u00e7o de cetim de grandes dimens\u00f5es, uma faixa de renda de margarida sob o busto, uma parte inferior com saia de malha e uma tanga a condizer.<\/p>","protected":false},"excerpt":{"rendered":"<p>Esta babydoll peituda com la\u00e7os para o Dia dos Namorados Lingerie apresenta um busto aberto com um la\u00e7o de cetim de grandes dimens\u00f5es, uma faixa de renda de margarida sob o busto, uma parte inferior com saia de malha e uma tanga a condizer.<\/p>","protected":false},"featured_media":41315,"template":"","meta":{"_acf_changed":false},"product_brand":[],"product_cat":[1817],"product_tag":[],"class_list":{"0":"post-41312","1":"product","2":"type-product","3":"status-publish","4":"has-post-thumbnail","6":"product_cat-underwear","8":"first","9":"instock","10":"sale","11":"shipping-taxable","12":"purchasable","13":"product-type-variable"},"acf":[],"_links":{"self":[{"href":"https:\/\/vivbliss.com\/pt\/wp-json\/wp\/v2\/product\/41312","targetHints":{"allow":["GET"]}}],"collection":[{"href":"https:\/\/vivbliss.com\/pt\/wp-json\/wp\/v2\/product"}],"about":[{"href":"https:\/\/vivbliss.com\/pt\/wp-json\/wp\/v2\/types\/product"}],"version-history":[{"count":1,"href":"https:\/\/vivbliss.com\/pt\/wp-json\/wp\/v2\/product\/41312\/revisions"}],"predecessor-version":[{"id":41840,"href":"https:\/\/vivbliss.com\/pt\/wp-json\/wp\/v2\/product\/41312\/revisions\/41840"}],"wp:featuredmedia":[{"embeddable":true,"href":"https:\/\/vivbliss.com\/pt\/wp-json\/wp\/v2\/media\/41315"}],"wp:attachment":[{"href":"https:\/\/vivbliss.com\/pt\/wp-json\/wp\/v2\/media?parent=41312"}],"wp:term":[{"taxonomy":"product_brand","embeddable":true,"href":"https:\/\/vivbliss.com\/pt\/wp-json\/wp\/v2\/product_brand?post=41312"},{"taxonomy":"product_cat","embeddable":true,"href":"https:\/\/vivbliss.com\/pt\/wp-json\/wp\/v2\/product_cat?post=41312"},{"taxonomy":"product_tag","embeddable":true,"href":"https:\/\/vivbliss.com\/pt\/wp-json\/wp\/v2\/product_tag?post=41312"}],"curies":[{"name":"wp","href":"https:\/\/api.w.org\/{rel}","templated":true}]}}