{"id":40841,"date":"2025-09-25T10:22:42","date_gmt":"2025-09-25T10:22:42","guid":{"rendered":"https:\/\/vivbliss.com\/product\/nerdy-lingerie-costume-set\/"},"modified":"2025-09-25T10:24:45","modified_gmt":"2025-09-25T10:24:45","slug":"conjunto-de-fantasia-de-lingerie-para-nerds","status":"publish","type":"product","link":"https:\/\/vivbliss.com\/pt\/product\/nerdy-lingerie-costume-set\/","title":{"rendered":"Conjunto de fantasia Nerdy Lingerie"},"content":{"rendered":"<p>Este conjunto de lingerie Nerdy Talk inclui uma camisola de al\u00e7as branca com serigrafia \"Talk nerdy to me\", uma micro-saia plissada em xadrez, suspens\u00f3rios, tanga a condizer, la\u00e7o em xadrez e \u00f3culos.<\/p>","protected":false},"excerpt":{"rendered":"<p>Este conjunto de lingerie Nerdy Talk inclui uma camisola de al\u00e7as branca com serigrafia \"Talk nerdy to me\", uma micro-saia plissada em xadrez, suspens\u00f3rios, tanga a condizer, la\u00e7o em xadrez e \u00f3culos.<\/p>","protected":false},"featured_media":40842,"template":"","meta":{"_acf_changed":false},"product_brand":[],"product_cat":[162],"product_tag":[],"class_list":{"0":"post-40841","1":"product","2":"type-product","3":"status-publish","4":"has-post-thumbnail","6":"product_cat-lace-lingerie","8":"first","9":"instock","10":"shipping-taxable","11":"purchasable","12":"product-type-simple"},"acf":[],"_links":{"self":[{"href":"https:\/\/vivbliss.com\/pt\/wp-json\/wp\/v2\/product\/40841","targetHints":{"allow":["GET"]}}],"collection":[{"href":"https:\/\/vivbliss.com\/pt\/wp-json\/wp\/v2\/product"}],"about":[{"href":"https:\/\/vivbliss.com\/pt\/wp-json\/wp\/v2\/types\/product"}],"version-history":[{"count":1,"href":"https:\/\/vivbliss.com\/pt\/wp-json\/wp\/v2\/product\/40841\/revisions"}],"predecessor-version":[{"id":40855,"href":"https:\/\/vivbliss.com\/pt\/wp-json\/wp\/v2\/product\/40841\/revisions\/40855"}],"wp:featuredmedia":[{"embeddable":true,"href":"https:\/\/vivbliss.com\/pt\/wp-json\/wp\/v2\/media\/40842"}],"wp:attachment":[{"href":"https:\/\/vivbliss.com\/pt\/wp-json\/wp\/v2\/media?parent=40841"}],"wp:term":[{"taxonomy":"product_brand","embeddable":true,"href":"https:\/\/vivbliss.com\/pt\/wp-json\/wp\/v2\/product_brand?post=40841"},{"taxonomy":"product_cat","embeddable":true,"href":"https:\/\/vivbliss.com\/pt\/wp-json\/wp\/v2\/product_cat?post=40841"},{"taxonomy":"product_tag","embeddable":true,"href":"https:\/\/vivbliss.com\/pt\/wp-json\/wp\/v2\/product_tag?post=40841"}],"curies":[{"name":"wp","href":"https:\/\/api.w.org\/{rel}","templated":true}]}}