{"id":40513,"date":"2025-09-25T10:15:41","date_gmt":"2025-09-25T10:15:41","guid":{"rendered":"https:\/\/vivbliss.com\/product\/french-dot-bra-and-ribbon-panty\/"},"modified":"2025-09-25T10:25:48","modified_gmt":"2025-09-25T10:25:48","slug":"sutia-de-ponto-frances-e-cuecas-de-fita","status":"publish","type":"product","link":"https:\/\/vivbliss.com\/pt\/product\/french-dot-bra-and-ribbon-panty\/","title":{"rendered":"Soutien de pontos franceses e cuecas com fita"},"content":{"rendered":"<p>Este conjunto de lingerie inclui um suti\u00e3 com aro em malha de pontos franceses, com um decote de corte alto e acabamento em cetim, e uma cueca de fita a condizer com dois orif\u00edcios para as pernas, criando uma virilha aberta, e um fecho de la\u00e7o de cetim \u00e0 volta. <\/p>","protected":false},"excerpt":{"rendered":"<p>Este conjunto de lingerie inclui um suti\u00e3 com aro em malha de pontos franceses, com um decote de corte alto e acabamento em cetim, e uma cueca de fita a condizer com dois orif\u00edcios para as pernas, criando uma virilha aberta, e um fecho de la\u00e7o de cetim \u00e0 volta.<\/p>","protected":false},"featured_media":40518,"template":"","meta":{"_acf_changed":false},"product_brand":[],"product_cat":[938],"product_tag":[],"class_list":{"0":"post-40513","1":"product","2":"type-product","3":"status-publish","4":"has-post-thumbnail","6":"product_cat-slutty-dress","8":"first","9":"instock","10":"sale","11":"shipping-taxable","12":"purchasable","13":"product-type-variable"},"acf":[],"_links":{"self":[{"href":"https:\/\/vivbliss.com\/pt\/wp-json\/wp\/v2\/product\/40513","targetHints":{"allow":["GET"]}}],"collection":[{"href":"https:\/\/vivbliss.com\/pt\/wp-json\/wp\/v2\/product"}],"about":[{"href":"https:\/\/vivbliss.com\/pt\/wp-json\/wp\/v2\/types\/product"}],"version-history":[{"count":1,"href":"https:\/\/vivbliss.com\/pt\/wp-json\/wp\/v2\/product\/40513\/revisions"}],"predecessor-version":[{"id":40859,"href":"https:\/\/vivbliss.com\/pt\/wp-json\/wp\/v2\/product\/40513\/revisions\/40859"}],"wp:featuredmedia":[{"embeddable":true,"href":"https:\/\/vivbliss.com\/pt\/wp-json\/wp\/v2\/media\/40518"}],"wp:attachment":[{"href":"https:\/\/vivbliss.com\/pt\/wp-json\/wp\/v2\/media?parent=40513"}],"wp:term":[{"taxonomy":"product_brand","embeddable":true,"href":"https:\/\/vivbliss.com\/pt\/wp-json\/wp\/v2\/product_brand?post=40513"},{"taxonomy":"product_cat","embeddable":true,"href":"https:\/\/vivbliss.com\/pt\/wp-json\/wp\/v2\/product_cat?post=40513"},{"taxonomy":"product_tag","embeddable":true,"href":"https:\/\/vivbliss.com\/pt\/wp-json\/wp\/v2\/product_tag?post=40513"}],"curies":[{"name":"wp","href":"https:\/\/api.w.org\/{rel}","templated":true}]}}