{"id":38670,"date":"2025-09-18T09:04:03","date_gmt":"2025-09-18T09:04:03","guid":{"rendered":"https:\/\/vivbliss.com\/product\/10-speed-tongue-vibrator-for-female-g-spot-masturbation\/"},"modified":"2025-09-18T09:04:46","modified_gmt":"2025-09-18T09:04:46","slug":"vibrador-de-lingua-de-10-velocidades-para-masturbacao-do-ponto-g-feminino","status":"publish","type":"product","link":"https:\/\/vivbliss.com\/pt\/product\/10-speed-tongue-vibrator-for-female-g-spot-masturbation\/","title":{"rendered":"Vibrador de l\u00edngua de 10 velocidades para o ponto G feminino e masturba\u00e7\u00e3o"},"content":{"rendered":"<img decoding=\"async\" src=\"https:\/\/vivbliss.com\/wp-content\/uploads\/2025\/09\/baoguo2_17732911-e12e-4702-8fe9-d70c883d438b-13.jpg\" alt=\"vibrador de l\u00edngua masturba\u00e7\u00e3o feminina\" class=\"product-desc-image\" style=\"max-width: 100%; height: auto; display: block; margin: 10px auto;\" \/>\n<h2>Carater\u00edsticas:<\/h2>\n<ul>\n<li>100% novo e de alta qualidade<\/li>\n<li>Motor Hi-Torque \u00fanico. Extrair. Rodar. Vibra. Lambe. Massagem profundamente relaxante<\/li>\n<li>Conce\u00e7\u00e3o de alta frequ\u00eancia<\/li>\n<li>Artigo: L\u00edngua de vibra\u00e7\u00e3o<\/li>\n<li>Material: Silicone l\u00edquido<\/li>\n<li>Alimenta\u00e7\u00e3o: Carregamento USB<\/li>\n<li>Cor: cor-de-rosa<\/li>\n<li>Modo: 10 Frequ\u00eancia m\u00faltipla<\/li>\n<li>Tamanho: Conforme as imagens apresentadas<\/li>\n<\/ul>\n<p><img decoding=\"async\" src=\"https:\/\/vivbliss.com\/wp-content\/uploads\/2025\/09\/f31616639a16456542c64f7fd76207a5.jpeg\" alt=\"indefinido\" class=\"product-desc-image\" style=\"max-width: 100%; height: auto; display: block; margin: 10px auto;\" \/><img decoding=\"async\" src=\"https:\/\/vivbliss.com\/wp-content\/uploads\/2025\/09\/0f20fbdbc54ebe23dbd2b1da5abd0399.jpeg\" alt=\"indefinido\" class=\"product-desc-image\" style=\"max-width: 100%; height: auto; display: block; margin: 10px auto;\" \/><img decoding=\"async\" src=\"https:\/\/vivbliss.com\/wp-content\/uploads\/2025\/09\/10fb42ccf96569f039ceef6b3cb6124e.jpeg\" alt=\"indefinido\" class=\"product-desc-image\" style=\"max-width: 100%; height: auto; display: block; margin: 10px auto;\" \/><img decoding=\"async\" src=\"https:\/\/vivbliss.com\/wp-content\/uploads\/2025\/09\/9e5ceaa39c3f108706c2314d1851b2c8.jpeg\" alt=\"indefinido\" class=\"product-desc-image\" style=\"max-width: 100%; height: auto; display: block; margin: 10px auto;\" \/><img decoding=\"async\" src=\"https:\/\/vivbliss.com\/wp-content\/uploads\/2025\/09\/b97ca04ffc87776e75c7cf4c4135cd3b.jpeg\" alt=\"indefinido\" class=\"product-desc-image\" style=\"max-width: 100%; height: auto; display: block; margin: 10px auto;\" \/><img decoding=\"async\" src=\"https:\/\/vivbliss.com\/wp-content\/uploads\/2025\/09\/84b86dbd62d9eac971dd4a10ea07c538.jpeg\" alt=\"indefinido\" class=\"product-desc-image\" style=\"max-width: 100%; height: auto; display: block; margin: 10px auto;\" \/><img decoding=\"async\" src=\"https:\/\/vivbliss.com\/wp-content\/uploads\/2025\/09\/ce77e96157244301ee938d93f821ae9c.jpeg\" alt=\"indefinido\" class=\"product-desc-image\" style=\"max-width: 100%; height: auto; display: block; margin: 10px auto;\" \/><img decoding=\"async\" src=\"https:\/\/vivbliss.com\/wp-content\/uploads\/2025\/09\/e8229e8d33dd0fdbf09dbebf4c444746.jpeg\" alt=\"indefinido\" class=\"product-desc-image\" style=\"max-width: 100%; height: auto; display: block; margin: 10px auto;\" \/><img decoding=\"async\" src=\"https:\/\/vivbliss.com\/wp-content\/uploads\/2025\/09\/1f48b3c6045dfae0171a78e3b5a83f2d.jpeg\" alt=\"indefinido\" class=\"product-desc-image\" style=\"max-width: 100%; height: auto; display: block; margin: 10px auto;\" \/><\/p>","protected":false},"excerpt":{"rendered":"<p>Features: 100% brand new and high quality Unique Hi-Torque motor. Extract. Rotate. Vibrate. Lick. Deeply relaxing massage High frequency design Item: Vibration tongue Material: Liquid Silicone Power: USB charging Color: Pink Mode: 10 Multiple frequency Size: As the pictures shown<\/p>","protected":false},"featured_media":38673,"template":"","meta":{"_acf_changed":false},"product_brand":[],"product_cat":[1862],"product_tag":[],"class_list":{"0":"post-38670","1":"product","2":"type-product","3":"status-publish","4":"has-post-thumbnail","6":"product_cat-female-toys","8":"first","9":"instock","10":"shipping-taxable","11":"purchasable","12":"product-type-simple"},"acf":[],"_links":{"self":[{"href":"https:\/\/vivbliss.com\/pt\/wp-json\/wp\/v2\/product\/38670","targetHints":{"allow":["GET"]}}],"collection":[{"href":"https:\/\/vivbliss.com\/pt\/wp-json\/wp\/v2\/product"}],"about":[{"href":"https:\/\/vivbliss.com\/pt\/wp-json\/wp\/v2\/types\/product"}],"version-history":[{"count":0,"href":"https:\/\/vivbliss.com\/pt\/wp-json\/wp\/v2\/product\/38670\/revisions"}],"wp:featuredmedia":[{"embeddable":true,"href":"https:\/\/vivbliss.com\/pt\/wp-json\/wp\/v2\/media\/38673"}],"wp:attachment":[{"href":"https:\/\/vivbliss.com\/pt\/wp-json\/wp\/v2\/media?parent=38670"}],"wp:term":[{"taxonomy":"product_brand","embeddable":true,"href":"https:\/\/vivbliss.com\/pt\/wp-json\/wp\/v2\/product_brand?post=38670"},{"taxonomy":"product_cat","embeddable":true,"href":"https:\/\/vivbliss.com\/pt\/wp-json\/wp\/v2\/product_cat?post=38670"},{"taxonomy":"product_tag","embeddable":true,"href":"https:\/\/vivbliss.com\/pt\/wp-json\/wp\/v2\/product_tag?post=38670"}],"curies":[{"name":"wp","href":"https:\/\/api.w.org\/{rel}","templated":true}]}}