{"id":38271,"date":"2025-09-16T02:48:28","date_gmt":"2025-09-16T02:48:28","guid":{"rendered":"https:\/\/vivbliss.com\/product\/9-44-inch-wearable-thick-soft-silicone-dildo\/"},"modified":"2025-09-16T02:48:38","modified_gmt":"2025-09-16T02:48:38","slug":"9-dildo-de-silicone-macio-e-espesso-de-44-polegadas-para-usar","status":"publish","type":"product","link":"https:\/\/vivbliss.com\/pt\/product\/9-44-inch-wearable-thick-soft-silicone-dildo\/","title":{"rendered":"Dildo de silicone macio e espesso de 9,44 polegadas"},"content":{"rendered":"<h2><strong>DESTAQUES<\/strong><\/h2>\n<ul>\n<li>Pode ser utilizado em v\u00e1rias posi\u00e7\u00f5es, por exemplo, em cima de uma secret\u00e1ria ou por tr\u00e1s, no duche.<\/li>\n<li>As nossas embalagens expresso n\u00e3o cont\u00eam qualquer informa\u00e7\u00e3o sobre o produto, pelo que n\u00e3o tem de se preocupar com fugas de privacidade.<\/li>\n<li>O \u00e2ngulo pode ser ajustado \u00e0 vontade.<\/li>\n<li>Quando tiver dores no corpo, tens\u00e3o muscular ou les\u00f5es desportivas, a utiliza\u00e7\u00e3o do produto aliviar\u00e1 rapidamente o seu desconforto e dar-lhe-\u00e1 uma sensa\u00e7\u00e3o de relaxamento e conforto.<\/li>\n<li>Design port\u00e1til: Pequeno e leve, para que o possa levar consigo. Perfeito para viagens ou viagens de neg\u00f3cios.<\/li>\n<\/ul>\n<p><img decoding=\"async\" src=\"https:\/\/vivbliss.com\/wp-content\/uploads\/2025\/09\/2-211.jpeg\" alt=\"dildo de silicone macio e espesso para usar\" class=\"product-desc-image\" style=\"max-width: 100%; height: auto; display: block; margin: 10px auto;\" \/><img decoding=\"async\" src=\"https:\/\/vivbliss.com\/wp-content\/uploads\/2025\/09\/3-186.jpeg\" alt=\"dildo de silicone macio e espesso para usar\" class=\"product-desc-image\" style=\"max-width: 100%; height: auto; display: block; margin: 10px auto;\" \/><img decoding=\"async\" src=\"https:\/\/vivbliss.com\/wp-content\/uploads\/2025\/09\/JEUSN-R40-Sex-Cannon-Machines-For-Women-1-3.jpeg\" alt=\"dildo de silicone macio e espesso para usar\" class=\"product-desc-image\" style=\"max-width: 100%; height: auto; display: block; margin: 10px auto;\" \/><img decoding=\"async\" src=\"https:\/\/vivbliss.com\/wp-content\/uploads\/2025\/09\/1-195.jpeg\" alt=\"dildo de silicone macio e espesso para usar\" class=\"product-desc-image\" style=\"max-width: 100%; height: auto; display: block; margin: 10px auto;\" \/><\/p>\n<h2><strong>ESPECIFICA\u00c7\u00c3O<\/strong><\/h2>\n<ul>\n<li><strong>Nome do produto:<\/strong> Dildo artificial de silicone grosso e macio para usar<\/li>\n<li><strong>Material:<\/strong> Silicone+PVC<\/li>\n<li><strong>Cor:<\/strong> P\u00farpura<\/li>\n<li><strong>Tamanho do produto:<\/strong> 11,2*2,24-2,16 pol.<\/li>\n<li><strong>Peso do produto:<\/strong> 2,15 lbs<\/li>\n<li><strong>Profundidade:<\/strong> 9,44 pol.<\/li>\n<li><strong>\u00c0 prova de \u00e1gua:<\/strong> 100% \u00e0 prova de \u00e1gua<\/li>\n<\/ul>","protected":false},"excerpt":{"rendered":"<p>HIGHLIGHTS It can be used in multiple positions. such as on top of a desk or from behind in the shower. Our express packages do not contain any product information. so you don&#8217;t have to worry about privacy leaks. The angle can be adjusted at will. When you have body aches. muscle tension or sports injuries. using the product will quickly relieve your discomfort and give you a feeling of relaxation and comfort. Portable Design: Small and lightweight. so you can take it with you. perfect for travel or business trips. SPECIFICATION Product name: Wearable Thick And Soft Silicone Artificial Dildo Material: Silicone+PVC Color: Purple Product size: 11.2*2.24-2.16 in Product weight: 2.15 lbs Depth: 9.44 in Waterproof: 100% waterproof<\/p>","protected":false},"featured_media":38272,"template":"","meta":{"_acf_changed":false},"product_brand":[],"product_cat":[1892],"product_tag":[],"class_list":{"0":"post-38271","1":"product","2":"type-product","3":"status-publish","4":"has-post-thumbnail","6":"product_cat-couple-toys","8":"first","9":"instock","10":"shipping-taxable","11":"purchasable","12":"product-type-simple"},"acf":[],"_links":{"self":[{"href":"https:\/\/vivbliss.com\/pt\/wp-json\/wp\/v2\/product\/38271","targetHints":{"allow":["GET"]}}],"collection":[{"href":"https:\/\/vivbliss.com\/pt\/wp-json\/wp\/v2\/product"}],"about":[{"href":"https:\/\/vivbliss.com\/pt\/wp-json\/wp\/v2\/types\/product"}],"version-history":[{"count":0,"href":"https:\/\/vivbliss.com\/pt\/wp-json\/wp\/v2\/product\/38271\/revisions"}],"wp:featuredmedia":[{"embeddable":true,"href":"https:\/\/vivbliss.com\/pt\/wp-json\/wp\/v2\/media\/38272"}],"wp:attachment":[{"href":"https:\/\/vivbliss.com\/pt\/wp-json\/wp\/v2\/media?parent=38271"}],"wp:term":[{"taxonomy":"product_brand","embeddable":true,"href":"https:\/\/vivbliss.com\/pt\/wp-json\/wp\/v2\/product_brand?post=38271"},{"taxonomy":"product_cat","embeddable":true,"href":"https:\/\/vivbliss.com\/pt\/wp-json\/wp\/v2\/product_cat?post=38271"},{"taxonomy":"product_tag","embeddable":true,"href":"https:\/\/vivbliss.com\/pt\/wp-json\/wp\/v2\/product_tag?post=38271"}],"curies":[{"name":"wp","href":"https:\/\/api.w.org\/{rel}","templated":true}]}}