{"id":37967,"date":"2025-09-16T02:38:44","date_gmt":"2025-09-16T02:38:44","guid":{"rendered":"https:\/\/vivbliss.com\/product\/penis-ring-tongue-design-with-9-vibration-modes\/"},"modified":"2025-09-16T02:38:58","modified_gmt":"2025-09-16T02:38:58","slug":"anel-para-o-penis-com-9-modos-de-vibracao","status":"publish","type":"product","link":"https:\/\/vivbliss.com\/pt\/product\/penis-ring-tongue-design-with-9-vibration-modes\/","title":{"rendered":"Anel para o p\u00e9nis com design de l\u00edngua e 9 modos de vibra\u00e7\u00e3o"},"content":{"rendered":"<h2>Sobre este artigo<\/h2>\n<ul>\n<li>\u3010Grandes brinquedos sexuais para casais\u3011 Este anel de p\u00e9nis vibrat\u00f3rio torna o p\u00e9nis masculino mais duro e mais forte. A l\u00edngua pode estimular o clit\u00f3ris, mamilo ou outra \u00e1rea sens\u00edvel da mulher, adequada para casais usarem juntos.<\/li>\n<li>\u30109 modos de vibra\u00e7\u00e3o potentes\u3011 O vibrador de anel peniano tem dois motores potentes para fornecer 9 frequ\u00eancias de vibra\u00e7\u00e3o, escolha a que mais lhe conv\u00e9m e diga adeus ao tradicional anel peniano.<\/li>\n<li>\u3010Atualiza\u00e7\u00e3o do controlo remoto APP\u3011 Atrav\u00e9s do APP voc\u00ea pode realizar o controle de cross-country deste vibrador de casal. APP fornece 6 modos, voc\u00ea tamb\u00e9m pode desfrutar de chamadas de v\u00eddeo, m\u00fasica e muitas outras divers\u00f5es.<\/li>\n<li>\u3010Big Mouth Cockring\u3011 Ao contr\u00e1rio da forma redonda tradicional, a forma da boca vai chamar a sua aten\u00e7\u00e3o. O design exclusivo da l\u00edngua pode esfregar os test\u00edculos ou ser usado como um estimulador de clit\u00f3ris para mulheres. Diferentes estilos de uso trar\u00e3o experi\u00eancias diferentes.<\/li>\n<li>\u3010IPX7 \u00e0 prova de \u00e1gua e recarga USB\u3011 Este vibrador masculino \u00e9 \u00e0 prova d'\u00e1gua IPX7 e f\u00e1cil de limpar ap\u00f3s o uso. E \u00e9 carregamento USB, compat\u00edvel com uma ampla gama de dispositivos, 1,5 horas de carga e at\u00e9 1 hora de uso.<\/li>\n<li>\u3010Material el\u00e1stico macio e tamanho adequado\u3011 Feito de silicone el\u00e1stico macio e ABS, este brinquedo sexual masculino \u00e9 flex\u00edvel e pode facilmente esticar para o tamanho apropriado, adequado para a maioria dos homens.<\/li>\n<li>\u3010Design de baixo ru\u00eddo\u3011 O n\u00edvel de ru\u00eddo deste vibrador de p\u00e9nis foi concebido para ser inferior a 50 decib\u00e9is. Voc\u00ea pode us\u00e1-lo sem se preocupar que ele ir\u00e1 danificar a boa atmosfera.<\/li>\n<li>\u3010Embalagem discreta e brinquedos sexuais para ele\u3011 O anel peniano vibrat\u00f3rio ser\u00e1 embalado numa caixa discreta para garantir a sua privacidade. Como um presente para quem voc\u00ea ama, este brinquedo sexual adulto tamb\u00e9m \u00e9 uma \u00f3tima escolha!<\/li>\n<\/ul>","protected":false},"excerpt":{"rendered":"<p>About this item \u3010Great Couple Sex Toys\u3011 This vibrating penis ring makes the male penis harder and stronger. The tongue can stimulate the clitoral, nipple, or other sensitive area of the female, suitable for couples to use together. \u30109 Powerful Vibration Modes\u3011 The cock ring vibrator has two powerful motors to provide 9 vibration frequencies, choose the one that suits you and say goodbye to the traditional penis ring. \u3010Upgrade APP Remote Control\u3011 Through APP you can realize cross-country control of this couple vibrator. APP provides 6 modes, you can also enjoy video call, music and many other fun. \u3010Big Mouth Cockring\u3011 Unlike the traditional round shape, the mouth shape will get your attention. The unique tongue design can either rub the testicles or be used as a clitoral stimulator for women. Different wearing styles will bring different experiences. \u3010IPX7 Waterproof &amp; USB Recharge\u3011 This male vibrator is IPX7 waterproof and easy to clean after use. And it is USB charging, compatible with a wide range of devices, 1.5 hours charge and up to 1 hour of use. \u3010Soft Stretchy Material &amp; Suitable Size\u3011 Made from soft stretch silicone and ABS, this mens sex toys is flexible and can easily stretch to the appropriate size, suitable for most men. \u3010Low Noise Design\u3011 The noise level of this penis vibrator is designed to be less than 50 decibels. You can use it without worry that it will damage the good atmosphere. \u3010Discreet Packing &amp; Sex Toys for Him\u3011 The cock ring vibrating will be packaged in a discreet box to ensure your privacy. As a gift for the one you love, this adult sex toy is also a great choice!<\/p>","protected":false},"featured_media":37968,"template":"","meta":{"_acf_changed":false},"product_brand":[],"product_cat":[1892],"product_tag":[],"class_list":{"0":"post-37967","1":"product","2":"type-product","3":"status-publish","4":"has-post-thumbnail","6":"product_cat-couple-toys","8":"first","9":"instock","10":"shipping-taxable","11":"purchasable","12":"product-type-simple"},"acf":[],"_links":{"self":[{"href":"https:\/\/vivbliss.com\/pt\/wp-json\/wp\/v2\/product\/37967","targetHints":{"allow":["GET"]}}],"collection":[{"href":"https:\/\/vivbliss.com\/pt\/wp-json\/wp\/v2\/product"}],"about":[{"href":"https:\/\/vivbliss.com\/pt\/wp-json\/wp\/v2\/types\/product"}],"version-history":[{"count":0,"href":"https:\/\/vivbliss.com\/pt\/wp-json\/wp\/v2\/product\/37967\/revisions"}],"wp:featuredmedia":[{"embeddable":true,"href":"https:\/\/vivbliss.com\/pt\/wp-json\/wp\/v2\/media\/37968"}],"wp:attachment":[{"href":"https:\/\/vivbliss.com\/pt\/wp-json\/wp\/v2\/media?parent=37967"}],"wp:term":[{"taxonomy":"product_brand","embeddable":true,"href":"https:\/\/vivbliss.com\/pt\/wp-json\/wp\/v2\/product_brand?post=37967"},{"taxonomy":"product_cat","embeddable":true,"href":"https:\/\/vivbliss.com\/pt\/wp-json\/wp\/v2\/product_cat?post=37967"},{"taxonomy":"product_tag","embeddable":true,"href":"https:\/\/vivbliss.com\/pt\/wp-json\/wp\/v2\/product_tag?post=37967"}],"curies":[{"name":"wp","href":"https:\/\/api.w.org\/{rel}","templated":true}]}}