{"id":37902,"date":"2025-09-16T02:36:06","date_gmt":"2025-09-16T02:36:06","guid":{"rendered":"https:\/\/vivbliss.com\/product\/rose-cock-ring-vibrator-clit-stimulator\/"},"modified":"2025-09-16T02:36:34","modified_gmt":"2025-09-16T02:36:34","slug":"anel-peniano-rosa-vibrador-estimulador-de-clitoris","status":"publish","type":"product","link":"https:\/\/vivbliss.com\/pt\/product\/rose-cock-ring-vibrator-clit-stimulator\/","title":{"rendered":"Vibrador com anel para p\u00e9nis e estimulador de clit\u00f3ris Rose"},"content":{"rendered":"<h2>Descri\u00e7\u00e3o<\/h2>\n<ul>\n<li>Nome do produto: Anel de vibra\u00e7\u00e3o rosa para o p\u00e9nis e estimulador do clit\u00f3ris<\/li>\n<li>Material: Silicone<\/li>\n<li>Cor: vermelho<\/li>\n<li>G\u00e9nero: Homem, mulher, casal<\/li>\n<li>Idade: Adulto<\/li>\n<li>Carater\u00edsticas: Forma de rosa<\/li>\n<li>Fun\u00e7\u00e3o: 9 modos de vibra\u00e7\u00e3o<\/li>\n<li>\u00c0 prova de \u00e1gua: IPX6<\/li>\n<li>Sem som: &lt;55DB<\/li>\n<li>Tamanho: 4 * 2,625 \"<\/li>\n<li>Lista de embalagem: Anel para p\u00e9nis x1, controlador x1, carregador x1, instru\u00e7\u00f5es x1<\/li>\n<\/ul>","protected":false},"excerpt":{"rendered":"<p>Description Product Name: Rose Vibration Penis Ring &amp; Clit Stimulator Material: Silicone Color: Red Gender: Male, female, couple Age: Adult Features: Rose shape Function: 9 vibrating modes Waterproof: IPX6 Mute: &lt;55DB Size: 4 * 2.625 &#8221; Packing List: Cock ring x1, Controller x1, Charger x1, Instruction x1<\/p>","protected":false},"featured_media":37903,"template":"","meta":{"_acf_changed":false},"product_brand":[],"product_cat":[1892],"product_tag":[],"class_list":{"0":"post-37902","1":"product","2":"type-product","3":"status-publish","4":"has-post-thumbnail","6":"product_cat-couple-toys","8":"first","9":"instock","10":"sale","11":"shipping-taxable","12":"purchasable","13":"product-type-variable"},"acf":[],"_links":{"self":[{"href":"https:\/\/vivbliss.com\/pt\/wp-json\/wp\/v2\/product\/37902","targetHints":{"allow":["GET"]}}],"collection":[{"href":"https:\/\/vivbliss.com\/pt\/wp-json\/wp\/v2\/product"}],"about":[{"href":"https:\/\/vivbliss.com\/pt\/wp-json\/wp\/v2\/types\/product"}],"version-history":[{"count":0,"href":"https:\/\/vivbliss.com\/pt\/wp-json\/wp\/v2\/product\/37902\/revisions"}],"wp:featuredmedia":[{"embeddable":true,"href":"https:\/\/vivbliss.com\/pt\/wp-json\/wp\/v2\/media\/37903"}],"wp:attachment":[{"href":"https:\/\/vivbliss.com\/pt\/wp-json\/wp\/v2\/media?parent=37902"}],"wp:term":[{"taxonomy":"product_brand","embeddable":true,"href":"https:\/\/vivbliss.com\/pt\/wp-json\/wp\/v2\/product_brand?post=37902"},{"taxonomy":"product_cat","embeddable":true,"href":"https:\/\/vivbliss.com\/pt\/wp-json\/wp\/v2\/product_cat?post=37902"},{"taxonomy":"product_tag","embeddable":true,"href":"https:\/\/vivbliss.com\/pt\/wp-json\/wp\/v2\/product_tag?post=37902"}],"curies":[{"name":"wp","href":"https:\/\/api.w.org\/{rel}","templated":true}]}}