{"id":37884,"date":"2025-09-16T02:27:33","date_gmt":"2025-09-16T02:27:33","guid":{"rendered":"https:\/\/vivbliss.com\/product\/rose-vibrating-cock-ring-clitoris-stimulator\/"},"modified":"2025-09-16T02:27:49","modified_gmt":"2025-09-16T02:27:49","slug":"anel-peniano-vibratorio-rosa-estimulador-do-clitoris","status":"publish","type":"product","link":"https:\/\/vivbliss.com\/pt\/product\/rose-vibrating-cock-ring-clitoris-stimulator\/","title":{"rendered":"Anel vibrat\u00f3rio para p\u00e9nis e estimulador do clit\u00f3ris Rose"},"content":{"rendered":"<h2><strong>Especifica\u00e7\u00f5es:<\/strong><\/h2>\n<p><strong>Marca:<\/strong> Gunwai<\/p>\n<p><strong>Material:<\/strong> Silicone<\/p>\n<p><strong>N\u00edvel de impermeabilidade:<\/strong> Diariamente \u00e0 prova de \u00e1gua<\/p>\n<p><strong>Cor:<\/strong> Vermelho<\/p>\n<p><strong>Baterias:<\/strong> 1 Pilhas de i\u00f5es de l\u00edtio necess\u00e1rias<\/p>\n<p><strong>Aproveitar o tempo:<\/strong> 40min<\/p>\n<p><strong>Tempo de carregamento:<\/strong> 1h<\/p>\n<p><strong>Tamanho do corpo principal:<\/strong> 58*70*42mm<\/p>\n<h2><strong>Carater\u00edsticas principais:<\/strong><\/h2>\n<p><strong>Design de anel duplo + estimulador de clit\u00f3ris<\/strong> - O anel vibrat\u00f3rio para o p\u00e9nis possui dois an\u00e9is de silicone para melhorar o apoio e manter a firmeza, enquanto o estimulador de clit\u00f3ris suave e potente visa o prazer dela com vibra\u00e7\u00f5es intensas.<\/p>\n<p><strong>Tamanho e desempenho melhorados<\/strong> - Concebido para aumentar o tamanho e a resist\u00eancia, o anel de silicone el\u00e1stico restringe o fluxo sangu\u00edneo, criando mais press\u00e3o e pot\u00eancia para um desempenho prolongado e uma sensa\u00e7\u00e3o mais completa.<\/p>\n<p><strong>M\u00faltiplos modos de vibra\u00e7\u00e3o<\/strong> - Com 10 defini\u00e7\u00f5es de vibra\u00e7\u00e3o, incluindo 9 modos e velocidades \u00fanicos, os utilizadores podem ajustar desde um zumbido provocante a vibra\u00e7\u00f5es intensas para uma experi\u00eancia personalizada.<\/p>\n<p><strong>\u00c0 prova de \u00e1gua e recarreg\u00e1vel<\/strong> - Totalmente \u00e0 prova de \u00e1gua para utiliza\u00e7\u00e3o no duche ou na banheira, e recarreg\u00e1vel atrav\u00e9s de USB at\u00e9 70 minutos de utiliza\u00e7\u00e3o cont\u00ednua, oferecendo comodidade e facilidade de manuten\u00e7\u00e3o.<\/p>\n<p><img decoding=\"async\" src=\"https:\/\/vivbliss.com\/wp-content\/uploads\/2025\/09\/b852a93b-5e80-4c7b-830d-5c26cf03dca3.__CR001464600_PT0_SX1464_V1___.jpg\" alt=\"vibrador\" class=\"product-desc-image\" style=\"max-width: 100%; height: auto; display: block; margin: 10px auto;\" \/><img decoding=\"async\" src=\"https:\/\/vivbliss.com\/wp-content\/uploads\/2025\/09\/c4db6156-b266-4f8f-b41e-385041e80fc9.__CR001464600_PT0_SX1464_V1___.jpg\" alt=\"brinquedo sexual\" class=\"product-desc-image\" style=\"max-width: 100%; height: auto; display: block; margin: 10px auto;\" \/><img decoding=\"async\" src=\"https:\/\/vivbliss.com\/wp-content\/uploads\/2025\/09\/e51405b9-75a8-4f3e-9471-f628852b14db.__CR001464600_PT0_SX1464_V1___.jpg\" alt=\"vibrador para homem\" class=\"product-desc-image\" style=\"max-width: 100%; height: auto; display: block; margin: 10px auto;\" \/><img decoding=\"async\" src=\"https:\/\/vivbliss.com\/wp-content\/uploads\/2025\/09\/fe58c1aa-f985-49e7-90c6-80d3bea39392.__CR001464600_PT0_SX1464_V1___.jpg\" alt=\"vibrador masculino\" class=\"product-desc-image\" style=\"max-width: 100%; height: auto; display: block; margin: 10px auto;\" \/><\/p>","protected":false},"excerpt":{"rendered":"<p>Specifications: Brand: Gunwai Material: Silicone Waterproof level: Daily Waterproof Color: Red Batteries: 1 Lithium Ion batteries required Enjoy Time: 40min Charging Time: 1h Main body size: 58*70*42mm Key Features: Dual Ring Design + Clitoral Stimulator &#8211; The vibrating cock ring features two silicone loops to enhance support and maintain firmness, while the soft, powerful clitoral stimulator targets her pleasure with intense vibrations. Enhanced Size &amp; Performance &#8211; Designed to boost size and stamina, the stretchy silicone ring restricts blood flow, creating more pressure and power for prolonged performance and a fuller sensation. Multiple Vibration Modes &#8211; With 10 vibration settings, including 9 unique modes and speeds, users can adjust from a teasing buzz to intense vibrations for a customized experience. Waterproof &amp; Rechargeable &#8211; Fully waterproof for use in the shower or bath, and rechargeable via USB for up to 70 minutes of continuous use, offering convenience and ease of maintenance.<\/p>","protected":false},"featured_media":37886,"template":"","meta":{"_acf_changed":false},"product_brand":[],"product_cat":[1892],"product_tag":[],"class_list":{"0":"post-37884","1":"product","2":"type-product","3":"status-publish","4":"has-post-thumbnail","6":"product_cat-couple-toys","8":"first","9":"instock","10":"shipping-taxable","11":"purchasable","12":"product-type-simple"},"acf":[],"_links":{"self":[{"href":"https:\/\/vivbliss.com\/pt\/wp-json\/wp\/v2\/product\/37884","targetHints":{"allow":["GET"]}}],"collection":[{"href":"https:\/\/vivbliss.com\/pt\/wp-json\/wp\/v2\/product"}],"about":[{"href":"https:\/\/vivbliss.com\/pt\/wp-json\/wp\/v2\/types\/product"}],"version-history":[{"count":0,"href":"https:\/\/vivbliss.com\/pt\/wp-json\/wp\/v2\/product\/37884\/revisions"}],"wp:featuredmedia":[{"embeddable":true,"href":"https:\/\/vivbliss.com\/pt\/wp-json\/wp\/v2\/media\/37886"}],"wp:attachment":[{"href":"https:\/\/vivbliss.com\/pt\/wp-json\/wp\/v2\/media?parent=37884"}],"wp:term":[{"taxonomy":"product_brand","embeddable":true,"href":"https:\/\/vivbliss.com\/pt\/wp-json\/wp\/v2\/product_brand?post=37884"},{"taxonomy":"product_cat","embeddable":true,"href":"https:\/\/vivbliss.com\/pt\/wp-json\/wp\/v2\/product_cat?post=37884"},{"taxonomy":"product_tag","embeddable":true,"href":"https:\/\/vivbliss.com\/pt\/wp-json\/wp\/v2\/product_tag?post=37884"}],"curies":[{"name":"wp","href":"https:\/\/api.w.org\/{rel}","templated":true}]}}