{"id":37693,"date":"2025-09-16T01:54:59","date_gmt":"2025-09-16T01:54:59","guid":{"rendered":"https:\/\/vivbliss.com\/product\/penis-extender-sleeve-vibrating-cock-ring-with-app-remote-control\/"},"modified":"2025-09-16T01:55:19","modified_gmt":"2025-09-16T01:55:19","slug":"manga-extensora-do-penis-anel-vibratorio-para-o-penis-com-controlo-remoto-app","status":"publish","type":"product","link":"https:\/\/vivbliss.com\/pt\/product\/penis-extender-sleeve-vibrating-cock-ring-with-app-remote-control\/","title":{"rendered":"Anel extensor do p\u00e9nis e anel vibrat\u00f3rio para o p\u00e9nis com aplica\u00e7\u00e3o e controlo remoto"},"content":{"rendered":"<p><strong>Especifica\u00e7\u00e3o<\/strong><\/p>\n<p> Nome do produto: Vibrador de p\u00e9nis com manga - FYSHAVO 4IN1 brinquedo sexual masculino realista para adultos<br \/>Material: Silicone + TPE<br \/>Fun\u00e7\u00f5es: 9 modos de vibra\u00e7\u00e3o<br \/>M\u00e9todo de controlo: Controlo por aplica\u00e7\u00e3o, Controlo remoto<br \/>Cor: cor de carne<br \/>M\u00e9todo de carregamento: Carregamento USB DC<br \/>N\u00edvel de impermeabilidade: Impermeabilidade di\u00e1ria<br \/>Tempo de utiliza\u00e7\u00e3o: Mais de 60 minutos<br \/>Tempo de carregamento: 1 hora<br \/>Cen\u00e1rios de utiliza\u00e7\u00e3o: Adequado para jogos a solo, melhoria da intimidade do casal; ideal para melhorar a experi\u00eancia sexual<\/p>\n<p><strong>Carater\u00edsticas principais<\/strong><\/p>\n<p> <strong>Aumento do tamanho e do prazer<\/strong><br \/>Esta manga de p\u00e9nis reutiliz\u00e1vel, equipada com um vibrador em forma de bala, acrescenta 2,4 polegadas de comprimento e 35% de espessura. Com 9 modos de vibra\u00e7\u00e3o, oferece um prazer personaliz\u00e1vel, estimulando eficazmente \u00e1reas como o clit\u00f3ris e o ponto G, enriquecendo a experi\u00eancia sexual. <\/p>\n<p> <strong>Ajuste seguro e confort\u00e1vel<\/strong><br \/>O esticador de bolas el\u00e1stico e o anel para o p\u00e9nis garantem um ajuste seguro, fixando as bolas no lugar. Isto promove o ingurgitamento, aumentando o comprimento e a espessura, e intensificando as sensa\u00e7\u00f5es para um prazer prolongado. <\/p>\n<p> <strong>Material realista e seguro<\/strong><br \/>Fabricado em silicone realista e amigo da pele, imita os detalhes e a sensa\u00e7\u00e3o de um p\u00e9nis real. A flexibilidade e elasticidade do material asseguram uma experi\u00eancia natural, e a sua propriedade hipoalerg\u00e9nica garante a seguran\u00e7a durante a utiliza\u00e7\u00e3o.<\/p>\n<p><img decoding=\"async\" src=\"https:\/\/vivbliss.com\/wp-content\/uploads\/2025\/09\/224edfdc-fd9a-40d2-8f11-6aa75f1937ca.__CR001464600_PT0_SX1464_V1___.jpg\" alt=\"brinquedos sexuais masculinos\" class=\"product-desc-image\" style=\"max-width: 100%; height: auto; display: block; margin: 10px auto;\" \/><img decoding=\"async\" src=\"https:\/\/vivbliss.com\/wp-content\/uploads\/2025\/09\/0312d0be-a859-4f79-bd8a-cab0eda0484a.__CR001464600_PT0_SX1464_V1___.jpg\" alt=\"brinquedo sexual masculino\" class=\"product-desc-image\" style=\"max-width: 100%; height: auto; display: block; margin: 10px auto;\" \/><img decoding=\"async\" src=\"https:\/\/vivbliss.com\/wp-content\/uploads\/2025\/09\/28e3b4bf-6591-405e-bc69-93a268be3fd1.__CR001464600_PT0_SX1464_V1___.jpg\" alt=\"brinquedos para adultos para homens\" class=\"product-desc-image\" style=\"max-width: 100%; height: auto; display: block; margin: 10px auto;\" \/><img decoding=\"async\" src=\"https:\/\/vivbliss.com\/wp-content\/uploads\/2025\/09\/3b503ab7-5051-42e8-97b6-65a030744161.__CR001464600_PT0_SX1464_V1___.png\" alt=\"brinquedos sexuais para homens\" class=\"product-desc-image\" style=\"max-width: 100%; height: auto; display: block; margin: 10px auto;\" \/><img decoding=\"async\" src=\"https:\/\/vivbliss.com\/wp-content\/uploads\/2025\/09\/30493110-c231-41f0-abf4-8edce910a925.__CR001464600_PT0_SX1464_V1___.jpg\" alt=\"brinquedo sexual para homens\" class=\"product-desc-image\" style=\"max-width: 100%; height: auto; display: block; margin: 10px auto;\" \/><\/p>","protected":false},"excerpt":{"rendered":"<p>Specification Product Name: Penis Sleeve Cock Sleeve Vibrator &#8211; FYSHAVO 4IN1 Realistic Adult Male Sex ToyMaterial: Silicone + TPEFunctions: 9 Vibration ModesControl Method: App control, Remote controlColor: Flesh colorCharging Method: USB DC chargingWaterproof Level: Daily WaterproofUsage Time: Over 60 minutesCharging Time: 1 hourUsage Scenarios: Suitable for solo play, couple intimacy enhancement; ideal for enhancing sexual experience Key Feature Enhanced Size and PleasureThis reusable penis sleeve, equipped with a bullet &#8211; shaped vibrator, adds 2.4 inches in length and 35% thickness. With 9 vibration modes, it offers customizable pleasure, effectively stimulating areas like the clit and G &#8211; spot, enriching the sexual experience. Secure and Comfortable FitThe elastic ball stretcher and penis ring ensure a secure fit, locking the balls in place. This promotes engorgement, increasing length and thickness, and intensifying sensations for prolonged pleasure. Realistic and Safe MaterialCrafted from lifelike, skin &#8211; friendly silicone, it mimics the details and feel of a real penis. The material&#8217;s flexibility and elasticity ensure a natural experience, and its hypoallergenic property guarantees safety during use.<\/p>","protected":false},"featured_media":37694,"template":"","meta":{"_acf_changed":false},"product_brand":[],"product_cat":[1892],"product_tag":[],"class_list":{"0":"post-37693","1":"product","2":"type-product","3":"status-publish","4":"has-post-thumbnail","6":"product_cat-couple-toys","8":"first","9":"instock","10":"shipping-taxable","11":"purchasable","12":"product-type-variable"},"acf":[],"_links":{"self":[{"href":"https:\/\/vivbliss.com\/pt\/wp-json\/wp\/v2\/product\/37693","targetHints":{"allow":["GET"]}}],"collection":[{"href":"https:\/\/vivbliss.com\/pt\/wp-json\/wp\/v2\/product"}],"about":[{"href":"https:\/\/vivbliss.com\/pt\/wp-json\/wp\/v2\/types\/product"}],"version-history":[{"count":0,"href":"https:\/\/vivbliss.com\/pt\/wp-json\/wp\/v2\/product\/37693\/revisions"}],"wp:featuredmedia":[{"embeddable":true,"href":"https:\/\/vivbliss.com\/pt\/wp-json\/wp\/v2\/media\/37694"}],"wp:attachment":[{"href":"https:\/\/vivbliss.com\/pt\/wp-json\/wp\/v2\/media?parent=37693"}],"wp:term":[{"taxonomy":"product_brand","embeddable":true,"href":"https:\/\/vivbliss.com\/pt\/wp-json\/wp\/v2\/product_brand?post=37693"},{"taxonomy":"product_cat","embeddable":true,"href":"https:\/\/vivbliss.com\/pt\/wp-json\/wp\/v2\/product_cat?post=37693"},{"taxonomy":"product_tag","embeddable":true,"href":"https:\/\/vivbliss.com\/pt\/wp-json\/wp\/v2\/product_tag?post=37693"}],"curies":[{"name":"wp","href":"https:\/\/api.w.org\/{rel}","templated":true}]}}