{"id":36352,"date":"2025-09-13T03:48:36","date_gmt":"2025-09-13T03:48:36","guid":{"rendered":"https:\/\/vivbliss.com\/product\/rose-warming-g-spot-tongue-licking-vibrator-toy\/"},"modified":"2025-09-13T03:49:23","modified_gmt":"2025-09-13T03:49:23","slug":"rosa-aquecer-o-ponto-g-lamber-a-lingua-brinquedo-vibrador","status":"publish","type":"product","link":"https:\/\/vivbliss.com\/pt\/product\/rose-warming-g-spot-tongue-licking-vibrator-toy\/","title":{"rendered":"Brinquedo vibrador para lamber a l\u00edngua e aquecer o ponto G Rose"},"content":{"rendered":"<p>\u2764\u3010Rose Ornament\u3011A apar\u00eancia da rosa \u00e9 como um belo ornamento. mesmo que seja colocado em qualquer lugar. n\u00e3o ser\u00e1 considerado um produto sexual. carregue-o consigo. e experimente o prazer m\u00e1ximo a qualquer momento.<\/p>\n<p>\u2764\u301010 Frequ\u00eancia\u3011Poderoso modo de suc\u00e7\u00e3o e modo de vibra\u00e7\u00e3o de frequ\u00eancia. o fluxo de ar girat\u00f3rio gerado pela vibra\u00e7\u00e3o interna suga e provoca a suc\u00e7\u00e3o do clit\u00f3ris e do mamilo. ajudando voc\u00ea a atingir o orgasmo em pouco tempo.<\/p>\n<p>\u2764\u3010F\u00e1cil comuta\u00e7\u00e3o\u3011 Voc\u00ea s\u00f3 precisa pressionar e segurar ON\/OFF para lig\u00e1-lo e clicar para mudar a frequ\u00eancia de bombeamento. que \u00e9 simples e conveniente.<\/p>\n<p>\u2764\u3010Material Soft\u3011Silicone amig\u00e1vel \u00e0 pele \u00e9 usado. que \u00e9 mais macio. mais confort\u00e1vel. mais seguro. e ins\u00edpido. O toque suave e delicado dar-lhe-\u00e1 a mais bela experi\u00eancia.<\/p>\n<p>\u2764\u3010Baixo decibel\u3011Deixe voc\u00ea ouvir apenas gemidos sensuais e nenhum ru\u00eddo. ideal para jogos sensuais de cama \/ quarto de casais.<\/p>\n<p><img decoding=\"async\" src=\"https:\/\/vivbliss.com\/wp-content\/uploads\/2025\/09\/4471b041d788ab89b41e3156ca0c0526_540x.webp\" alt=\"vibrador de aquecimento rosa para o ponto g\" class=\"product-desc-image\" style=\"max-width: 100%; height: auto; display: block; margin: 10px auto;\" \/><img decoding=\"async\" src=\"https:\/\/vivbliss.com\/wp-content\/uploads\/2025\/09\/17f9603212f7d7887a9bdfb855362a68_540x.webp\" alt=\"vibrador de aquecimento rosa para o ponto g\" class=\"product-desc-image\" style=\"max-width: 100%; height: auto; display: block; margin: 10px auto;\" \/><img decoding=\"async\" src=\"https:\/\/vivbliss.com\/wp-content\/uploads\/2025\/09\/d5cfc58f331cda8c619619e5fd06cbaa_540x.webp\" alt=\"vibrador de aquecimento rosa para o ponto g\" class=\"product-desc-image\" style=\"max-width: 100%; height: auto; display: block; margin: 10px auto;\" \/><img decoding=\"async\" src=\"https:\/\/vivbliss.com\/wp-content\/uploads\/2025\/09\/ca191547e786787ee6c1cb1c6068af13_540x.webp\" alt=\"vibrador de aquecimento rosa para o ponto g\" class=\"product-desc-image\" style=\"max-width: 100%; height: auto; display: block; margin: 10px auto;\" \/><img decoding=\"async\" src=\"https:\/\/vivbliss.com\/wp-content\/uploads\/2025\/09\/26d54e86204a32db381887edbbb555b6_540x.webp\" alt=\"vibrador de aquecimento rosa para o ponto g\" class=\"product-desc-image\" style=\"max-width: 100%; height: auto; display: block; margin: 10px auto;\" \/><\/p>","protected":false},"excerpt":{"rendered":"<p>\u2764\u3010Rose Ornament\u3011The appearance of the rose is like a beautiful ornament. even if it is placed anywhere. it will not be found to be a sex product. carry it with you. and experience the ultimate pleasure at any time. \u2764\u301010 Frequency\u3011Powerful suction mode and frequency vibration mode. the swirling airflow generated by internal vibration sucks and teases clitoris and nipple sucking. helping you to orgasm in a short time. \u2764\u3010Easy switching\u3011 You only need to press and hold ON\/OFF to turn it on and click to switch the pumping frequency. which is simple and convenient. \u2764\u3010Material Soft\u3011Skin-friendly silicone is used. which is softer. more comfortable. safer. and tasteless. The soft and delicate touch will give you the most beautiful experience. \u2764\u3010Low decibel\u3011Let you only hear sexy moans and no noise. ideal for couples bed\/bedroom sexy games.<\/p>","protected":false},"featured_media":36353,"template":"","meta":{"_acf_changed":false},"product_brand":[],"product_cat":[1862],"product_tag":[],"class_list":{"0":"post-36352","1":"product","2":"type-product","3":"status-publish","4":"has-post-thumbnail","6":"product_cat-female-toys","8":"first","9":"instock","10":"sale","11":"shipping-taxable","12":"purchasable","13":"product-type-variable"},"acf":[],"_links":{"self":[{"href":"https:\/\/vivbliss.com\/pt\/wp-json\/wp\/v2\/product\/36352","targetHints":{"allow":["GET"]}}],"collection":[{"href":"https:\/\/vivbliss.com\/pt\/wp-json\/wp\/v2\/product"}],"about":[{"href":"https:\/\/vivbliss.com\/pt\/wp-json\/wp\/v2\/types\/product"}],"version-history":[{"count":0,"href":"https:\/\/vivbliss.com\/pt\/wp-json\/wp\/v2\/product\/36352\/revisions"}],"wp:featuredmedia":[{"embeddable":true,"href":"https:\/\/vivbliss.com\/pt\/wp-json\/wp\/v2\/media\/36353"}],"wp:attachment":[{"href":"https:\/\/vivbliss.com\/pt\/wp-json\/wp\/v2\/media?parent=36352"}],"wp:term":[{"taxonomy":"product_brand","embeddable":true,"href":"https:\/\/vivbliss.com\/pt\/wp-json\/wp\/v2\/product_brand?post=36352"},{"taxonomy":"product_cat","embeddable":true,"href":"https:\/\/vivbliss.com\/pt\/wp-json\/wp\/v2\/product_cat?post=36352"},{"taxonomy":"product_tag","embeddable":true,"href":"https:\/\/vivbliss.com\/pt\/wp-json\/wp\/v2\/product_tag?post=36352"}],"curies":[{"name":"wp","href":"https:\/\/api.w.org\/{rel}","templated":true}]}}