{"id":36206,"date":"2025-09-13T00:33:58","date_gmt":"2025-09-13T00:33:58","guid":{"rendered":"https:\/\/vivbliss.com\/product\/rose-clitoris-stimulator\/"},"modified":"2025-09-13T00:34:33","modified_gmt":"2025-09-13T00:34:33","slug":"estimulador-de-clitoris-rosa","status":"publish","type":"product","link":"https:\/\/vivbliss.com\/pt\/product\/rose-clitoris-stimulator\/","title":{"rendered":"Estimulador de Cl\u00edtoris Rose"},"content":{"rendered":"<h2>DESCRI\u00c7\u00c3O<\/h2>\n<img decoding=\"async\" src=\"https:\/\/vivbliss.com\/wp-content\/uploads\/2025\/09\/baoguo2_17732911-e12e-4702-8fe9-d70c883d438b-4.jpg\" alt=\"Estimulador de Cl\u00edtoris Rose\" class=\"product-desc-image\" style=\"max-width: 100%; height: auto; display: block; margin: 10px auto;\" \/>\n<p><strong>VIBRA\u00c7\u00c3O. FUMAR e bater asas:<\/strong><\/p>\n<p>Novo vibrador rosa com 10 frequ\u00eancias de vibra\u00e7\u00e3o. modos de suc\u00e7\u00e3o. modos de batida. um motor potente. despertar\u00e1 todas as suas paix\u00f5es. Proporciona-lhe um prazer mais luxuoso.<\/p>\n<p><strong>\u00c0 PROVA DE \u00c1GUA E SEGURO PARA O CORPO:<\/strong><\/p>\n<p>O brinquedo rosa \u00e9 amigo da pele, n\u00e3o tem cheiro e n\u00e3o \u00e9 t\u00f3xico. \u00c9 bastante seguro utilizar este brinquedo rosa, uma vez que \u00e9 feito de silicone de qualidade m\u00e9dica e \u00e9 totalmente \u00e0 prova de \u00e1gua. Funciona incrivelmente debaixo de \u00e1gua e pode ser facilmente limpo. Ap\u00f3s a utiliza\u00e7\u00e3o, enxaguar com \u00e1gua limpa e secar com um pano ou uma toalha que n\u00e3o largue p\u00ealos.<\/p>\n<p><strong>RECARREG\u00c1VEL:<\/strong><\/p>\n<p>\u00c9 fornecido com um cabo de carregamento USB magn\u00e9tico para o poder carregar em qualquer lugar!<\/p>\n<p><strong>DESIGN SILENCIOSO:<\/strong><\/p>\n<p>Com o seu design silencioso, o prazer e a excita\u00e7\u00e3o surgem silenciosamente. Adequado para casais.<\/p>\n<p><strong>D\u00c1DIVA:<\/strong><\/p>\n<p>\u00c9 um presente divertido e maravilhoso para si ou para as pessoas de quem gosta.<\/p>\n<p><strong>Especifica\u00e7\u00e3o:<\/strong><\/p>\n<p>Tipo de projeto: Vibrador de suc\u00e7\u00e3o + Vibrador de flapping<br \/>Material: Silicone + ABS<br \/>\u00c0 prova de \u00e1gua: IPX6<br \/>Frequ\u00eancia: 10 modos de vibra\u00e7\u00e3o<br \/>Cor: Vermelho rosa. Cor-de-rosa. F\u00facsia. Verde escuro<br \/>Carregamento: Carregamento por USB<br \/>N\u00edvel de ru\u00eddo: &lt;50dB<\/p>\n<p><img decoding=\"async\" src=\"https:\/\/vivbliss.com\/wp-content\/uploads\/2025\/09\/b5c04ffd1bfc51e8ed1f9f5868cf5192.jpeg\" alt=\"Estimulador de Cl\u00edtoris Rose\" class=\"product-desc-image\" style=\"max-width: 100%; height: auto; display: block; margin: 10px auto;\" \/><img decoding=\"async\" src=\"https:\/\/vivbliss.com\/wp-content\/uploads\/2025\/09\/92b3ddbf5f9c02b1dbfcaa77d55b1a60.jpeg\" alt=\"Estimulador de Cl\u00edtoris Rose\" class=\"product-desc-image\" style=\"max-width: 100%; height: auto; display: block; margin: 10px auto;\" \/><img decoding=\"async\" src=\"https:\/\/vivbliss.com\/wp-content\/uploads\/2025\/09\/f45381811daa6ebd04d0d8feb9a833c3.jpeg\" alt=\"Estimulador de Cl\u00edtoris Rose\" class=\"product-desc-image\" style=\"max-width: 100%; height: auto; display: block; margin: 10px auto;\" \/><img decoding=\"async\" src=\"https:\/\/vivbliss.com\/wp-content\/uploads\/2025\/09\/e0cbf9e9d1b735307c5fa9828659fda1.jpeg\" alt=\"Estimulador de Cl\u00edtoris Rose\" class=\"product-desc-image\" style=\"max-width: 100%; height: auto; display: block; margin: 10px auto;\" \/><img decoding=\"async\" src=\"https:\/\/vivbliss.com\/wp-content\/uploads\/2025\/09\/428877991dddc415e081ea98f6cdb54a.jpeg\" alt=\"Estimulador de Cl\u00edtoris Rose\" class=\"product-desc-image\" style=\"max-width: 100%; height: auto; display: block; margin: 10px auto;\" \/><\/p>","protected":false},"excerpt":{"rendered":"<p>DESCRIPTION VIBRATING. SUCKING &amp; Flapping: New rose vibrator with 10 frequency vibrating. sucking. flapping modes. a powerful motor. will awaken your every passion. Bring you a more luxurious pleasure. WATERPROOF &amp; BODY SAFE: The rose toy is skin friendly. non-odorless. and non-toxic. It is quite safe to use this rose toy since it is made of medical grade silicone and is fully waterproof. It works incredibly underwater and you can easily clean it. After use. rinse with clean water and dry using a lint-free cloth or towel. RECHARGEABLE: It comes with a Magnetic USB charging cable so you can charge it anywhere! SILENT DESIGN: With the silent design. pleasure and excitement are coming quietly. suitable for couples. GIFT: It is a funny and wonderful gift for yourself or the people you love. Specification: Project type: Sucking Vibrator +Flapping VibratorMaterial: Silicone + ABSWaterproof: IPX6Frequency: 10 modes of vibrationColor: Rose Red. Pink. Fuchsia. Dark GreenCharge: USB chargingNoise level: &lt;50dB<\/p>","protected":false},"featured_media":36210,"template":"","meta":{"_acf_changed":false},"product_brand":[],"product_cat":[1862],"product_tag":[],"class_list":{"0":"post-36206","1":"product","2":"type-product","3":"status-publish","4":"has-post-thumbnail","6":"product_cat-female-toys","8":"first","9":"instock","10":"sale","11":"shipping-taxable","12":"purchasable","13":"product-type-variable"},"acf":[],"_links":{"self":[{"href":"https:\/\/vivbliss.com\/pt\/wp-json\/wp\/v2\/product\/36206","targetHints":{"allow":["GET"]}}],"collection":[{"href":"https:\/\/vivbliss.com\/pt\/wp-json\/wp\/v2\/product"}],"about":[{"href":"https:\/\/vivbliss.com\/pt\/wp-json\/wp\/v2\/types\/product"}],"version-history":[{"count":0,"href":"https:\/\/vivbliss.com\/pt\/wp-json\/wp\/v2\/product\/36206\/revisions"}],"wp:featuredmedia":[{"embeddable":true,"href":"https:\/\/vivbliss.com\/pt\/wp-json\/wp\/v2\/media\/36210"}],"wp:attachment":[{"href":"https:\/\/vivbliss.com\/pt\/wp-json\/wp\/v2\/media?parent=36206"}],"wp:term":[{"taxonomy":"product_brand","embeddable":true,"href":"https:\/\/vivbliss.com\/pt\/wp-json\/wp\/v2\/product_brand?post=36206"},{"taxonomy":"product_cat","embeddable":true,"href":"https:\/\/vivbliss.com\/pt\/wp-json\/wp\/v2\/product_cat?post=36206"},{"taxonomy":"product_tag","embeddable":true,"href":"https:\/\/vivbliss.com\/pt\/wp-json\/wp\/v2\/product_tag?post=36206"}],"curies":[{"name":"wp","href":"https:\/\/api.w.org\/{rel}","templated":true}]}}