{"id":36168,"date":"2025-09-13T00:32:13","date_gmt":"2025-09-13T00:32:13","guid":{"rendered":"https:\/\/vivbliss.com\/product\/polly-sucking-air-pulse-vibrator\/"},"modified":"2025-09-13T00:34:16","modified_gmt":"2025-09-13T00:34:16","slug":"vibrador-de-pulso-de-ar-de-succao-polly","status":"publish","type":"product","link":"https:\/\/vivbliss.com\/pt\/product\/polly-sucking-air-pulse-vibrator\/","title":{"rendered":"Vibrador de pulso de ar Polly Sucking"},"content":{"rendered":"<h2>Descri\u00e7\u00e3o<\/h2>\n<ol>\n<li>\n<p>Vibra\u00e7\u00e3o de 10 frequ\u00eancias: Experimente uma gama de vibra\u00e7\u00f5es intensas com o nosso modo de vibra\u00e7\u00e3o de 10 frequ\u00eancias. Encontre o n\u00edvel de estimula\u00e7\u00e3o perfeito para satisfazer os seus desejos.<\/p>\n<\/li>\n<li>\n<p>Suc\u00e7\u00e3o de 5 frequ\u00eancias: Desfrute de sensa\u00e7\u00f5es agrad\u00e1veis com o nosso modo de suc\u00e7\u00e3o de 5 frequ\u00eancias. Explore diferentes intensidades de suc\u00e7\u00e3o para aumentar o seu prazer.<\/p>\n<\/li>\n<li>\n<p>Boca de suc\u00e7\u00e3o aquecida: Desfrute de uma experi\u00eancia quente e realista com a nossa boca de suc\u00e7\u00e3o aquecida. O calor suave acrescenta um toque de realismo e aumenta a sua satisfa\u00e7\u00e3o geral.<\/p>\n<\/li>\n<li>\n<p>\u00c0 prova de \u00e1gua para uso quotidiano: Concebido para o seu conforto, o nosso produto \u00e9 \u00e0 prova de \u00e1gua para uma utiliza\u00e7\u00e3o quotidiana. Leve-o consigo para o duche ou para o banho e desfrute dos seus momentos de prazer pessoal sem preocupa\u00e7\u00f5es.<\/p>\n<\/li>\n<li>\n<p>Carregamento magn\u00e9tico: Diga adeus \u00e0 confus\u00e3o com os cabos. O nosso produto possui carregamento magn\u00e9tico, o que facilita o recarregamento. Basta alinhar os conectores magn\u00e9ticos e o seu dispositivo ser\u00e1 carregado sem problemas.<\/p>\n<\/li>\n<\/ol>\n<p><img decoding=\"async\" src=\"https:\/\/vivbliss.com\/wp-content\/uploads\/2025\/09\/03b6c1caee8b7bda93b6d89e769b0a7e_900x.gif\" alt=\"Vibrador de impulso de ar Polly\" class=\"product-desc-image\" style=\"max-width: 100%; height: auto; display: block; margin: 10px auto;\" \/><img decoding=\"async\" src=\"https:\/\/vivbliss.com\/wp-content\/uploads\/2025\/09\/2bc60d2ef170e24664b41485ced44e34_900x.gif\" alt=\"Vibrador de impulso de ar Polly\" class=\"product-desc-image\" style=\"max-width: 100%; height: auto; display: block; margin: 10px auto;\" \/><img decoding=\"async\" src=\"https:\/\/vivbliss.com\/wp-content\/uploads\/2025\/09\/c15b01504693f45bac4461a3da2ef4ec_900x.gif\" alt=\"Vibrador de impulso de ar Polly\" class=\"product-desc-image\" style=\"max-width: 100%; height: auto; display: block; margin: 10px auto;\" \/><img decoding=\"async\" src=\"https:\/\/vivbliss.com\/wp-content\/uploads\/2025\/09\/08c3489a1000b06e7b5b50759c0daf00_1280x.gif\" alt=\"Vibrador de impulso de ar Polly\" class=\"product-desc-image\" style=\"max-width: 100%; height: auto; display: block; margin: 10px auto;\" \/><img decoding=\"async\" src=\"https:\/\/vivbliss.com\/wp-content\/uploads\/2025\/09\/7e9bb4156ef23eee5c150f7513a3525e_1536x.gif\" alt=\"Vibrador de impulso de ar Polly\" class=\"product-desc-image\" style=\"max-width: 100%; height: auto; display: block; margin: 10px auto;\" \/><img decoding=\"async\" src=\"https:\/\/vivbliss.com\/wp-content\/uploads\/2025\/09\/8904cc22facbb886908a2a93946c5b82_1536x.gif\" alt=\"Vibrador de impulso de ar Polly\" class=\"product-desc-image\" style=\"max-width: 100%; height: auto; display: block; margin: 10px auto;\" \/><img decoding=\"async\" src=\"https:\/\/vivbliss.com\/wp-content\/uploads\/2025\/09\/760ffcdc96f5ee88d8ead561a18a8240_900x.gif\" alt=\"Vibrador de impulso de ar Polly\" class=\"product-desc-image\" style=\"max-width: 100%; height: auto; display: block; margin: 10px auto;\" \/><img decoding=\"async\" src=\"https:\/\/vivbliss.com\/wp-content\/uploads\/2025\/09\/96524a1c5cadeb8031b3f3a5143362df_1280x.webp\" alt=\"Vibrador de impulso de ar Polly\" class=\"product-desc-image\" style=\"max-width: 100%; height: auto; display: block; margin: 10px auto;\" \/><img decoding=\"async\" src=\"https:\/\/vivbliss.com\/wp-content\/uploads\/2025\/09\/6dde76099e282ce8068b92d08e016ab4_1366x.webp\" alt=\"Vibrador de impulso de ar Polly\" class=\"product-desc-image\" style=\"max-width: 100%; height: auto; display: block; margin: 10px auto;\" \/><img decoding=\"async\" src=\"https:\/\/vivbliss.com\/wp-content\/uploads\/2025\/09\/da3d382d7f4d31c795c18f328ff58704_1280x.gif\" alt=\"Vibrador de impulso de ar Polly\" class=\"product-desc-image\" style=\"max-width: 100%; height: auto; display: block; margin: 10px auto;\" \/><img decoding=\"async\" src=\"https:\/\/vivbliss.com\/wp-content\/uploads\/2025\/09\/3055fa3a4accdfbd3bd02cd6469fa363_1280x.gif\" alt=\"Vibrador de impulso de ar Polly\" class=\"product-desc-image\" style=\"max-width: 100%; height: auto; display: block; margin: 10px auto;\" \/><img decoding=\"async\" src=\"https:\/\/vivbliss.com\/wp-content\/uploads\/2025\/09\/edafb3881e0113733c8f902724629262_1280x.gif\" alt=\"Vibrador de impulso de ar Polly\" class=\"product-desc-image\" style=\"max-width: 100%; height: auto; display: block; margin: 10px auto;\" \/><img decoding=\"async\" src=\"https:\/\/vivbliss.com\/wp-content\/uploads\/2025\/09\/fe8a0dba2b8cb6e834875e28fcd278cd_900x.gif\" alt=\"Vibrador de impulso de ar Polly\" class=\"product-desc-image\" style=\"max-width: 100%; height: auto; display: block; margin: 10px auto;\" \/><img decoding=\"async\" src=\"https:\/\/vivbliss.com\/wp-content\/uploads\/2025\/09\/bf04b438518ac7c2af038e83b07da37d_900x.gif\" alt=\"Vibrador de impulso de ar Polly\" class=\"product-desc-image\" style=\"max-width: 100%; height: auto; display: block; margin: 10px auto;\" \/><img decoding=\"async\" src=\"https:\/\/vivbliss.com\/wp-content\/uploads\/2025\/09\/c2b019d7f2542e9194fe667da90d810b_900x.webp\" alt=\"Vibrador de impulso de ar Polly\" class=\"product-desc-image\" style=\"max-width: 100%; height: auto; display: block; margin: 10px auto;\" \/><img decoding=\"async\" src=\"https:\/\/vivbliss.com\/wp-content\/uploads\/2025\/09\/0f21e3ede0e38f2b1d69fc1ba4671f4d_900x.gif\" alt=\"Vibrador de impulso de ar Polly\" class=\"product-desc-image\" style=\"max-width: 100%; height: auto; display: block; margin: 10px auto;\" \/><img decoding=\"async\" src=\"https:\/\/vivbliss.com\/wp-content\/uploads\/2025\/09\/0ff21b5258b31cd961518e7834c851c4_900x.webp\" alt=\"Vibrador de impulso de ar Polly\" class=\"product-desc-image\" style=\"max-width: 100%; height: auto; display: block; margin: 10px auto;\" \/><img decoding=\"async\" src=\"https:\/\/vivbliss.com\/wp-content\/uploads\/2025\/09\/cd04a735fbfffa9057a0be684766f25c_900x.webp\" alt=\"Vibrador de impulso de ar Polly\" class=\"product-desc-image\" style=\"max-width: 100%; height: auto; display: block; margin: 10px auto;\" \/><img decoding=\"async\" src=\"https:\/\/vivbliss.com\/wp-content\/uploads\/2025\/09\/ec97c32a31b7cdfc52a164f2b18999ea_900x.webp\" alt=\"Vibrador de impulso de ar Polly\" class=\"product-desc-image\" style=\"max-width: 100%; height: auto; display: block; margin: 10px auto;\" \/><img decoding=\"async\" src=\"https:\/\/vivbliss.com\/wp-content\/uploads\/2025\/09\/fa04a19f3dbeebebba298f6b5ebd9783_900x.png\" alt=\"Vibrador de impulso de ar Polly\" class=\"product-desc-image\" style=\"max-width: 100%; height: auto; display: block; margin: 10px auto;\" \/><img decoding=\"async\" src=\"https:\/\/vivbliss.com\/wp-content\/uploads\/2025\/09\/64254b367a9cccf669477a178030a9da_900x.webp\" alt=\"Vibrador de impulso de ar Polly\" class=\"product-desc-image\" style=\"max-width: 100%; height: auto; display: block; margin: 10px auto;\" \/><\/p>\n<p><img decoding=\"async\" src=\"https:\/\/vivbliss.com\/wp-content\/uploads\/2025\/09\/1d0232be6e2486dd354861bc0666c01b_900x.png\" alt=\"Vibrador de impulso de ar Polly\" class=\"product-desc-image\" style=\"max-width: 100%; height: auto; display: block; margin: 10px auto;\" \/><img decoding=\"async\" src=\"https:\/\/vivbliss.com\/wp-content\/uploads\/2025\/09\/95b685045dc68d23df61ce2ef091a0d0_900x.webp\" alt=\"Vibrador de impulso de ar Polly\" class=\"product-desc-image\" style=\"max-width: 100%; height: auto; display: block; margin: 10px auto;\" \/><img decoding=\"async\" src=\"https:\/\/vivbliss.com\/wp-content\/uploads\/2025\/09\/89011d4a0022c575afc5e97639016a72_900x.png\" alt=\"Vibrador de impulso de ar Polly\" class=\"product-desc-image\" style=\"max-width: 100%; height: auto; display: block; margin: 10px auto;\" \/><\/p>","protected":false},"excerpt":{"rendered":"<p>Description 10-frequency vibration: Experience a range of intense vibrations with our 10-frequency vibration mode. Find the perfect level of stimulation to suit your desires. 5-frequency suction: Indulge in pleasurable sensations with our 5-frequency suction mode. Explore different suction intensities to enhance your pleasure. Heated suction mouth: Enjoy a warm and realistic experience with our heated suction mouth. The gentle warmth adds a touch of realism and enhances your overall satisfaction. Daily waterproof: Designed for your convenience. our product is waterproof for everyday use. Take it with you in the shower or bath and enjoy your personal moments of bliss without worry. Magnetic charging: Say goodbye to fumbling with cables. Our product features magnetic charging. making it effortless to recharge. Simply align the magnetic connectors. and your device will charge seamlessly.<\/p>","protected":false},"featured_media":36170,"template":"","meta":{"_acf_changed":false},"product_brand":[],"product_cat":[1862],"product_tag":[],"class_list":{"0":"post-36168","1":"product","2":"type-product","3":"status-publish","4":"has-post-thumbnail","6":"product_cat-female-toys","8":"first","9":"instock","10":"sale","11":"shipping-taxable","12":"purchasable","13":"product-type-variable"},"acf":[],"_links":{"self":[{"href":"https:\/\/vivbliss.com\/pt\/wp-json\/wp\/v2\/product\/36168","targetHints":{"allow":["GET"]}}],"collection":[{"href":"https:\/\/vivbliss.com\/pt\/wp-json\/wp\/v2\/product"}],"about":[{"href":"https:\/\/vivbliss.com\/pt\/wp-json\/wp\/v2\/types\/product"}],"version-history":[{"count":0,"href":"https:\/\/vivbliss.com\/pt\/wp-json\/wp\/v2\/product\/36168\/revisions"}],"wp:featuredmedia":[{"embeddable":true,"href":"https:\/\/vivbliss.com\/pt\/wp-json\/wp\/v2\/media\/36170"}],"wp:attachment":[{"href":"https:\/\/vivbliss.com\/pt\/wp-json\/wp\/v2\/media?parent=36168"}],"wp:term":[{"taxonomy":"product_brand","embeddable":true,"href":"https:\/\/vivbliss.com\/pt\/wp-json\/wp\/v2\/product_brand?post=36168"},{"taxonomy":"product_cat","embeddable":true,"href":"https:\/\/vivbliss.com\/pt\/wp-json\/wp\/v2\/product_cat?post=36168"},{"taxonomy":"product_tag","embeddable":true,"href":"https:\/\/vivbliss.com\/pt\/wp-json\/wp\/v2\/product_tag?post=36168"}],"curies":[{"name":"wp","href":"https:\/\/api.w.org\/{rel}","templated":true}]}}