{"id":36097,"date":"2025-09-13T00:29:59","date_gmt":"2025-09-13T00:29:59","guid":{"rendered":"https:\/\/vivbliss.com\/product\/tongue-licking-female-second-tide-masturbation-vibrator\/"},"modified":"2025-09-13T00:30:17","modified_gmt":"2025-09-13T00:30:17","slug":"lingua-a-lamber-femea-segunda-mare-masturbacao-vibrador","status":"publish","type":"product","link":"https:\/\/vivbliss.com\/pt\/product\/tongue-licking-female-second-tide-masturbation-vibrator\/","title":{"rendered":"Lambidelas com a l\u00edngua F\u00eamea Segunda Mar\u00e9 Masturba\u00e7\u00e3o Vibrador"},"content":{"rendered":"<img decoding=\"async\" src=\"https:\/\/vivbliss.com\/wp-content\/uploads\/2025\/09\/baoguo2_17732911-e12e-4702-8fe9-d70c883d438b-2.jpg\" alt=\"Vibrador feminino para lamber a l\u00edngua\" class=\"product-desc-image\" style=\"max-width: 100%; height: auto; display: block; margin: 10px auto;\" \/>\n<h2>Especifica\u00e7\u00e3o<\/h2>\n<p>L\u00edngua \u00fanica: vibra\u00e7\u00e3o de 10 frequ\u00eancias<\/p>\n<p>Double Tongue1.0: Vibra\u00e7\u00e3o de 7 frequ\u00eancias<\/p>\n<p>Double Tongue2.0: vibra\u00e7\u00e3o de 7 frequ\u00eancias + aquecimento<\/p>\n<p>Material: Silicone + ABS<\/p>\n<p>Alimenta\u00e7\u00e3o: Entrada de interface USB.<\/p>\n<p>Modo: 7 frequ\u00eancias com aquecimento<\/p>\n<p>Sil\u00eancio extremo: &lt;50 db.<\/p>\n<p>Conte\u00fado da embalagem: 1 x vibrador de l\u00edngua. 1 x cabo de carregamento USB<\/p>\n<h2>Descri\u00e7\u00e3o<\/h2>\n<p>\u203bLambagem da l\u00edngua para mulheres: o brinquedo de l\u00edngua realista tem uma fun\u00e7\u00e3o de vibra\u00e7\u00e3o \u00fanica para lamber a l\u00edngua. De flerte suave a lambidas selvagens. cl\u00edmaxes extremos e um toque suave. Traz-lhe comich\u00e3o e prazer molhado inebriante.<\/p>\n<img decoding=\"async\" src=\"https:\/\/vivbliss.com\/wp-content\/uploads\/2025\/09\/f49418b3266c213f89bd41cb40992bcd.jpeg\" alt=\"Vibrador feminino para lamber a l\u00edngua\" class=\"product-desc-image\" style=\"max-width: 100%; height: auto; display: block; margin: 10px auto;\" \/>\n<p>\u203bVibradores de l\u00edngua para clit\u00f3ris com 7 modos: vibrador de clit\u00f3ris com 7 modos de vibra\u00e7\u00e3o potentes. Pode ser usado como massajador pessoal de mamilos. . Estimulador de clit\u00f3ris ponto G para mulheres. que \u00e9 uma \u00f3tima ferramenta para flertar durante as preliminares.<\/p>\n<p><img decoding=\"async\" src=\"https:\/\/vivbliss.com\/wp-content\/uploads\/2025\/09\/6646d3bd9f4bd236a8c7dc796a0dfefa.gif\" alt=\"Vibrador feminino para lamber a l\u00edngua\" class=\"product-desc-image\" style=\"max-width: 100%; height: auto; display: block; margin: 10px auto;\" \/><img decoding=\"async\" src=\"https:\/\/vivbliss.com\/wp-content\/uploads\/2025\/09\/b4aed53e32df059ff755f62d94709385.gif\" alt=\"Vibrador feminino para lamber a l\u00edngua\" class=\"product-desc-image\" style=\"max-width: 100%; height: auto; display: block; margin: 10px auto;\" \/><img decoding=\"async\" src=\"https:\/\/vivbliss.com\/wp-content\/uploads\/2025\/09\/ca8275d417583bf708d77fac2bb36ce2.gif\" alt=\"Vibrador feminino para lamber a l\u00edngua\" class=\"product-desc-image\" style=\"max-width: 100%; height: auto; display: block; margin: 10px auto;\" \/><\/p>\n<p>\u203bVibrador de l\u00edngua dupla realista: material de silicone de alta qualidade. seguro. material n\u00e3o t\u00f3xico. Design realista e ergon\u00f3mico. macio. flex\u00edvel e confort\u00e1vel ao toque. modelagem de simula\u00e7\u00e3o. textura realista. traz-lhe uma experi\u00eancia real.<\/p>\n<p><img decoding=\"async\" src=\"https:\/\/vivbliss.com\/wp-content\/uploads\/2025\/09\/53f7ed62d963ba68ef774fd757ab2171.jpeg\" alt=\"Vibrador feminino para lamber a l\u00edngua\" class=\"product-desc-image\" style=\"max-width: 100%; height: auto; display: block; margin: 10px auto;\" \/><img decoding=\"async\" src=\"https:\/\/vivbliss.com\/wp-content\/uploads\/2025\/09\/6000db9e88a0274a2eb26aa9f1e3e7ec.jpeg\" alt=\"Vibrador feminino para lamber a l\u00edngua\" class=\"product-desc-image\" style=\"max-width: 100%; height: auto; display: block; margin: 10px auto;\" \/><\/p>\n<p>\u203b100% \u00e0 prova de \u00e1gua e carregamento USB: o vibrador de l\u00edngua tem uma classifica\u00e7\u00e3o IPX 7 \u00e0 prova de \u00e1gua que o torna o companheiro perfeito para o duche ou banho. Com cabo de carregamento USB. Taxa para 1,5 horas. o tempo de uso ser\u00e1 de 1 hora.<\/p>\n<p><img decoding=\"async\" src=\"https:\/\/vivbliss.com\/wp-content\/uploads\/2025\/09\/a2ed2b0fb23a136c28a2626b387899fb.jpeg\" alt=\"Vibrador feminino para lamber a l\u00edngua\" class=\"product-desc-image\" style=\"max-width: 100%; height: auto; display: block; margin: 10px auto;\" \/><img decoding=\"async\" src=\"https:\/\/vivbliss.com\/wp-content\/uploads\/2025\/09\/c953daf02fae95db67cb80e5ed2bfa2a.jpeg\" alt=\"Vibrador feminino para lamber a l\u00edngua\" class=\"product-desc-image\" style=\"max-width: 100%; height: auto; display: block; margin: 10px auto;\" \/><img decoding=\"async\" src=\"https:\/\/vivbliss.com\/wp-content\/uploads\/2025\/09\/799271f7ee9b36ea7c06f4bf6e924d72.jpeg\" alt=\"Vibrador feminino para lamber a l\u00edngua\" class=\"product-desc-image\" style=\"max-width: 100%; height: auto; display: block; margin: 10px auto;\" \/><img decoding=\"async\" src=\"https:\/\/vivbliss.com\/wp-content\/uploads\/2025\/09\/a6954775b48d14a6b6f9bdd3bcab9a9d.jpeg\" alt=\"Vibrador feminino para lamber a l\u00edngua\" class=\"product-desc-image\" style=\"max-width: 100%; height: auto; display: block; margin: 10px auto;\" \/><img decoding=\"async\" src=\"https:\/\/vivbliss.com\/wp-content\/uploads\/2025\/09\/0234c57356e8f72f8fa963620737afd5.jpeg\" alt=\"Vibrador feminino para lamber a l\u00edngua\" class=\"product-desc-image\" style=\"max-width: 100%; height: auto; display: block; margin: 10px auto;\" \/><\/p>\n<p>\u203bPacote discreto e servi\u00e7o confi\u00e1vel: seu espa\u00e7o privado \u00e9 nossa prioridade. o produto vem em embalagem discreta. ningu\u00e9m saber\u00e1 o que est\u00e1 na caixa.<img decoding=\"async\" src=\"https:\/\/vivbliss.com\/wp-content\/uploads\/2025\/09\/7eea5444e926f7feac4a53029587052b.jpeg\" alt=\"Vibrador feminino para lamber a l\u00edngua\" class=\"product-desc-image\" style=\"max-width: 100%; height: auto; display: block; margin: 10px auto;\" \/><\/p>\n<p><img decoding=\"async\" src=\"https:\/\/vivbliss.com\/wp-content\/uploads\/2025\/09\/4b7c677a1177cceadfc2ac0449a3e234.gif\" alt=\"Vibrador feminino para lamber a l\u00edngua\" class=\"product-desc-image\" style=\"max-width: 100%; height: auto; display: block; margin: 10px auto;\" \/><img decoding=\"async\" src=\"https:\/\/vivbliss.com\/wp-content\/uploads\/2025\/09\/1e191063c0f02182e3b1e7983e836b93.gif\" alt=\"Vibrador feminino para lamber a l\u00edngua\" class=\"product-desc-image\" style=\"max-width: 100%; height: auto; display: block; margin: 10px auto;\" \/><img decoding=\"async\" src=\"https:\/\/vivbliss.com\/wp-content\/uploads\/2025\/09\/c75e06daaf997819657b6666d9f109bb.jpeg\" alt=\"Vibrador feminino para lamber a l\u00edngua\" class=\"product-desc-image\" style=\"max-width: 100%; height: auto; display: block; margin: 10px auto;\" \/><img decoding=\"async\" src=\"https:\/\/vivbliss.com\/wp-content\/uploads\/2025\/09\/f8034a9e163e8399995ea40331cd3f97.jpeg\" alt=\"Vibrador feminino para lamber a l\u00edngua\" class=\"product-desc-image\" style=\"max-width: 100%; height: auto; display: block; margin: 10px auto;\" \/><\/p>\n<h2>Nota<\/h2>\n<p>Para ligar o vibrador, prima longamente o bot\u00e3o de alimenta\u00e7\u00e3o! Premir e manter premido durante 3 segundos<\/p>\n<p>Carregue totalmente o massajador antes de o utilizar. Utilize o cabo de carregamento recomendado na embalagem<\/p>\n<p>Desinfetar o massajador com \u00e1gua morna e sab\u00e3o antibacteriano antes de o utilizar<\/p>\n<p>\u00c9 proibido utilizar \u00f3leo de massagem, creme para as m\u00e3os, detergentes, gasolina ou acetona como lubrificante<\/p>\n<p>Se o massajador se desligar automaticamente, pode ser devido a falta de energia.<\/p>\n<p>\u3010Daily Waterproof &amp; Easy to clean\u3011voc\u00ea pode usar este vibrador em uma banheira. chuveiro ou em QUALQUER outro lugar. Use com \u00e1gua limpa ou \u00e1gua com sab\u00e3o e seque com uma toalha macia ou pano sem fiapos.<\/p>\n<p>Pacote Privado:Todos os brinquedos sexuais ser\u00e3o enviados para si com um pacote discreto. ningu\u00e9m sabe o que voc\u00ea recebe.por favor contacte-nos primeiro se tiver alguma d\u00favida.<\/p>\n<p>Um vibrador que lhe pode provocar um orgasmo rapidamente<\/p>","protected":false},"excerpt":{"rendered":"<p>Specification Single Tongue: 10-frequency vibration Double Tongue1.0: 7-frequency vibration Double Tongue2.0: 7-frequency vibration + heating Material: Silicone + ABS Power: USB interface input. Mode: 7 frequency with heating Extreme mute: &lt;50 db. Package contents: 1 x tongue vibrator. 1 x USB charging cable Description \u203bTongue licking for women: the realistic tongue toy has a unique vibration function for tongue licking. From soft flirting to wild licking. extreme climaxes and a soft touch. Brings you itchy and intoxicating wet pleasure. \u203bClitoris tongue vibrators with 7 modes: clitoris vibrator with 7 powerful vibration modes. It can be used as a personal nipple massager. . G-spot clitoris stimulator for women. which is a great tool for flirting during foreplay. \u203bRealistic double tongue vibrator: high-quality Silicone material. safe. non-toxic material. Realistic and ergonomic design. soft. flexible and comfortable to touch. simulation modelling. realistic texture. brings you a real experience. \u203b100% waterproof and USB charging: the tongue vibrator has an IPX 7 waterproof rating that makes it the perfect companion for the shower or bath. With USB charging cable. Fee for 1.5 hours. the use time will be 1 hour. \u203bDiscreet package and reliable service: your private space is our priority. the product comes in discreet packaging. no one will know what is in the box. Note To start the vibrator. long press the power button! Press and hold for 3 seconds Please fully charge the massager before using. Use the recommended charging cable in the packaging Please disinfect the massager with warm water and anti-bacterial soap before using Forbidden to use massage oil. hand cream. detergents. gasoline or acetone as lubricant If the massager shutdown automatically. it maybe caused by no power. please charging it in time \u3010Daily Waterproof &amp; Easy to clean\u3011you can use this vibrator in a bath. shower or ANYWHERE else. Use with clean water or soap water and dry with a soft towel or lint-free cloth. Private Package:All sex toys will be shipped to you with discreet package. no one knows what you get.please contact us first if you have any questions. A vibrator that can quickly bring you an orgasm<\/p>","protected":false},"featured_media":36098,"template":"","meta":{"_acf_changed":false},"product_brand":[],"product_cat":[1862],"product_tag":[],"class_list":{"0":"post-36097","1":"product","2":"type-product","3":"status-publish","4":"has-post-thumbnail","6":"product_cat-female-toys","8":"first","9":"instock","10":"sale","11":"shipping-taxable","12":"purchasable","13":"product-type-simple"},"acf":[],"_links":{"self":[{"href":"https:\/\/vivbliss.com\/pt\/wp-json\/wp\/v2\/product\/36097","targetHints":{"allow":["GET"]}}],"collection":[{"href":"https:\/\/vivbliss.com\/pt\/wp-json\/wp\/v2\/product"}],"about":[{"href":"https:\/\/vivbliss.com\/pt\/wp-json\/wp\/v2\/types\/product"}],"version-history":[{"count":0,"href":"https:\/\/vivbliss.com\/pt\/wp-json\/wp\/v2\/product\/36097\/revisions"}],"wp:featuredmedia":[{"embeddable":true,"href":"https:\/\/vivbliss.com\/pt\/wp-json\/wp\/v2\/media\/36098"}],"wp:attachment":[{"href":"https:\/\/vivbliss.com\/pt\/wp-json\/wp\/v2\/media?parent=36097"}],"wp:term":[{"taxonomy":"product_brand","embeddable":true,"href":"https:\/\/vivbliss.com\/pt\/wp-json\/wp\/v2\/product_brand?post=36097"},{"taxonomy":"product_cat","embeddable":true,"href":"https:\/\/vivbliss.com\/pt\/wp-json\/wp\/v2\/product_cat?post=36097"},{"taxonomy":"product_tag","embeddable":true,"href":"https:\/\/vivbliss.com\/pt\/wp-json\/wp\/v2\/product_tag?post=36097"}],"curies":[{"name":"wp","href":"https:\/\/api.w.org\/{rel}","templated":true}]}}