{"id":33314,"date":"2022-02-21T04:43:51","date_gmt":"2022-02-21T04:43:51","guid":{"rendered":"https:\/\/vivbliss.com\/wishlist-2\/"},"modified":"2024-10-15T12:57:40","modified_gmt":"2024-10-15T12:57:40","slug":"lista-de-desejos","status":"publish","type":"page","link":"https:\/\/vivbliss.com\/pt\/wishlist\/","title":{"rendered":"Lista de desejos"},"content":{"rendered":"<div class=\"woosw-list\"><table class=\"woosw-items\" data-key=\"WOOSW\"><tr class=\"woosw-item woosw-item-24467\" data-id=\"24467\"><td class=\"woosw-item--image\"><a  href=\"https:\/\/vivbliss.com\/pt\/product\/nude-bikini\/\" ><img fetchpriority=\"high\" decoding=\"async\" width=\"300\" height=\"400\" src=\"https:\/\/vivbliss.com\/wp-content\/uploads\/2024\/06\/Nude-Bikini4-300x400.webp\" class=\"attachment-woocommerce_thumbnail size-woocommerce_thumbnail\" alt=\"Biqu\u00edni nude\" \/><\/a><\/td><td class=\"woosw-item--info\"><div class=\"woosw-item--name\"><a  href=\"https:\/\/vivbliss.com\/pt\/product\/nude-bikini\/\" >Biqu\u00edni nude<\/a><\/div><div class=\"woosw-item--price\"><div class=\"wmc-cache-pid\" data-wmc_product_id=\"24467\"><div class=\"price\"><del aria-hidden=\"true\"><span class=\"woocommerce-Price-amount amount\"><span class=\"woocommerce-Price-currencySymbol\">&#036;<\/span>32.00<\/span><\/del> <span class=\"screen-reader-text\" data-no-translation=\"\" data-trp-gettext=\"\">O pre\u00e7o original era: &#036;32.00.<\/span><ins aria-hidden=\"true\"><span class=\"woocommerce-Price-amount amount\"><span class=\"woocommerce-Price-currencySymbol\">&#036;<\/span>29.00<\/span><\/ins><span class=\"screen-reader-text\" data-no-translation=\"\" data-trp-gettext=\"\">O pre\u00e7o atual \u00e9: &#036;29.00.<\/span><\/div><\/div><\/div><div class=\"woosw-item--time\">1 de mar\u00e7o de 2026<\/div><\/td><td class=\"woosw-item--actions\"><div class=\"woosw-item--stock\"><\/div><div class=\"woosw-item--atc\"><p class=\"product woocommerce add_to_cart_inline\" style=\"\"><div class=\"product-action hint--bounce hint--top woocommerce_loop_add_to_cart_wrap\"\n     data-hint=\"Selecionar op\u00e7\u00f5es\" data-no-translation-data-hint=\"\">\n\t<a href=\"https:\/\/vivbliss.com\/pt\/product\/nude-bikini\/\" aria-describedby=\"woocommerce_loop_add_to_cart_link_describedby_24467\" data-quantity=\"1\" class=\"button product_type_variable add_to_cart_button\" data-product_id=\"24467\" data-product_sku=\"24467\" aria-label=\"Selecionar op\u00e7\u00f5es para &quot;Nude Bikini&quot;\" rel=\"nofollow\" data-no-translation-aria-label=\"\"><span data-no-translation=\"\" data-trp-gettext=\"\">Selecionar op\u00e7\u00f5es<\/span><\/a>\n\t\t\t<span id=\"woocommerce_loop_add_to_cart_link_describedby_24467\" class=\"screen-reader-text\">\n\t\t\t\t\tEste produto tem v\u00e1rias variantes. As op\u00e7\u00f5es podem ser selecionadas na p\u00e1gina do produto\t\t\t<\/span>\n\t<\/div>\n<\/p><\/div><\/td><\/tr><tr class=\"woosw-item woosw-item-6601\" data-id=\"6601\"><td class=\"woosw-item--image\"><a  href=\"https:\/\/vivbliss.com\/pt\/product\/sexy-red-lingerie\/\" ><img decoding=\"async\" width=\"300\" height=\"400\" src=\"https:\/\/vivbliss.com\/wp-content\/uploads\/2024\/04\/stripper-clothes1-scaled-300x400.jpg\" class=\"attachment-woocommerce_thumbnail size-woocommerce_thumbnail\" alt=\"Lingerie vermelha sexy\" \/><\/a><\/td><td class=\"woosw-item--info\"><div class=\"woosw-item--name\"><a  href=\"https:\/\/vivbliss.com\/pt\/product\/sexy-red-lingerie\/\" >Lingerie vermelha sexy<\/a><\/div><div class=\"woosw-item--price\"><div class=\"wmc-cache-pid\" data-wmc_product_id=\"6601\"><div class=\"price\"><del aria-hidden=\"true\"><span class=\"woocommerce-Price-amount amount\"><span class=\"woocommerce-Price-currencySymbol\">&#036;<\/span>42.00<\/span><\/del> <span class=\"screen-reader-text\" data-no-translation=\"\" data-trp-gettext=\"\">O pre\u00e7o original era: &#036;42.00.<\/span><ins aria-hidden=\"true\"><span class=\"woocommerce-Price-amount amount\"><span class=\"woocommerce-Price-currencySymbol\">&#036;<\/span>30.00<\/span><\/ins><span class=\"screen-reader-text\" data-no-translation=\"\" data-trp-gettext=\"\">O pre\u00e7o atual \u00e9: &#036;30.00.<\/span><\/div><\/div><\/div><div class=\"woosw-item--time\">13 de janeiro de 2026<\/div><\/td><td class=\"woosw-item--actions\"><div class=\"woosw-item--stock\"><\/div><div class=\"woosw-item--atc\"><p class=\"product woocommerce add_to_cart_inline\" style=\"\"><div class=\"product-action hint--bounce hint--top woocommerce_loop_add_to_cart_wrap\"\n     data-hint=\"Selecionar op\u00e7\u00f5es\" data-no-translation-data-hint=\"\">\n\t<a href=\"https:\/\/vivbliss.com\/pt\/product\/sexy-red-lingerie\/\" aria-describedby=\"woocommerce_loop_add_to_cart_link_describedby_6601\" data-quantity=\"1\" class=\"button product_type_variable add_to_cart_button\" data-product_id=\"6601\" data-product_sku=\"6601\" aria-label=\"Selecionar op\u00e7\u00f5es para &quot;Sexy Red Lingerie&quot;\" rel=\"nofollow\" data-no-translation-aria-label=\"\"><span data-no-translation=\"\" data-trp-gettext=\"\">Selecionar op\u00e7\u00f5es<\/span><\/a>\n\t\t\t<span id=\"woocommerce_loop_add_to_cart_link_describedby_6601\" class=\"screen-reader-text\">\n\t\t\t\t\tEste produto tem v\u00e1rias variantes. As op\u00e7\u00f5es podem ser selecionadas na p\u00e1gina do produto\t\t\t<\/span>\n\t<\/div>\n<\/p><\/div><\/td><\/tr><tr class=\"woosw-item woosw-item-29600\" data-id=\"29600\"><td class=\"woosw-item--image\"><a  href=\"https:\/\/vivbliss.com\/pt\/product\/white-lace-nightgown\/\" ><img decoding=\"async\" width=\"300\" height=\"400\" src=\"https:\/\/vivbliss.com\/wp-content\/uploads\/2024\/07\/White-Lace-Nightgown1-300x400.webp\" class=\"attachment-woocommerce_thumbnail size-woocommerce_thumbnail\" alt=\"Camisa de noite de renda branca\" \/><\/a><\/td><td class=\"woosw-item--info\"><div class=\"woosw-item--name\"><a  href=\"https:\/\/vivbliss.com\/pt\/product\/white-lace-nightgown\/\" >Camisa de noite de renda branca<\/a><\/div><div class=\"woosw-item--price\"><div class=\"wmc-cache-pid\" data-wmc_product_id=\"29600\"><div class=\"price\"><del aria-hidden=\"true\"><span class=\"woocommerce-Price-amount amount\"><span class=\"woocommerce-Price-currencySymbol\">&#036;<\/span>48.00<\/span><\/del> <span class=\"screen-reader-text\" data-no-translation=\"\" data-trp-gettext=\"\">O pre\u00e7o original era: &#036;48.00.<\/span><ins aria-hidden=\"true\"><span class=\"woocommerce-Price-amount amount\"><span class=\"woocommerce-Price-currencySymbol\">&#036;<\/span>36.00<\/span><\/ins><span class=\"screen-reader-text\" data-no-translation=\"\" data-trp-gettext=\"\">O pre\u00e7o atual \u00e9: &#036;36.00.<\/span><\/div><\/div><\/div><div class=\"woosw-item--time\">31 de dezembro de 2025<\/div><\/td><td class=\"woosw-item--actions\"><div class=\"woosw-item--stock\"><\/div><div class=\"woosw-item--atc\"><p class=\"product woocommerce add_to_cart_inline\" style=\"\"><div class=\"product-action hint--bounce hint--top woocommerce_loop_add_to_cart_wrap\"\n     data-hint=\"Selecionar op\u00e7\u00f5es\" data-no-translation-data-hint=\"\">\n\t<a href=\"https:\/\/vivbliss.com\/pt\/product\/white-lace-nightgown\/\" aria-describedby=\"woocommerce_loop_add_to_cart_link_describedby_29600\" data-quantity=\"1\" class=\"button product_type_variable add_to_cart_button\" data-product_id=\"29600\" data-product_sku=\"29600\" aria-label=\"Selecionar op\u00e7\u00f5es para &quot;White Lace Nightgown&quot;\" rel=\"nofollow\" data-no-translation-aria-label=\"\"><span data-no-translation=\"\" data-trp-gettext=\"\">Selecionar op\u00e7\u00f5es<\/span><\/a>\n\t\t\t<span id=\"woocommerce_loop_add_to_cart_link_describedby_29600\" class=\"screen-reader-text\">\n\t\t\t\t\tEste produto tem v\u00e1rias variantes. As op\u00e7\u00f5es podem ser selecionadas na p\u00e1gina do produto\t\t\t<\/span>\n\t<\/div>\n<\/p><\/div><\/td><\/tr><\/table><div class=\"woosw-actions\"><div class=\"woosw-share\"><span class=\"woosw-share-label\">Share on:<\/span><a class=\"woosw-share-mail\" href=\"mailto:?body=https%3A%2F%2Fvivbliss.com%2Fpt%2Fwishlist%2FWOOSW\" target=\"_blank\"><i class='woosw-icon'><\/i><\/a><\/div><!-- \/woosw-share --><div class=\"woosw-copy\"><span class=\"woosw-copy-label\">Wishlist link:<\/span><span class=\"woosw-copy-url\"><input id=\"woosw_copy_url\" type=\"url\" value=\"https:\/\/vivbliss.com\/pt\/wishlist\/WOOSW\" readonly><\/span><span class=\"woosw-copy-btn\"><button id=\"woosw_copy_btn\" type=\"button\" class=\"button\">Copy<\/button><\/span><\/div><!-- \/woosw-copy --><\/div><!-- \/woosw-actions --><\/div><!-- \/woosw-list -->","protected":false},"excerpt":{"rendered":"","protected":false},"author":1,"featured_media":0,"parent":0,"menu_order":0,"comment_status":"closed","ping_status":"closed","template":"","meta":{"_acf_changed":false,"footnotes":""},"class_list":["post-33314","page","type-page","status-publish","hentry","post-no-thumbnail"],"acf":[],"_links":{"self":[{"href":"https:\/\/vivbliss.com\/pt\/wp-json\/wp\/v2\/pages\/33314","targetHints":{"allow":["GET"]}}],"collection":[{"href":"https:\/\/vivbliss.com\/pt\/wp-json\/wp\/v2\/pages"}],"about":[{"href":"https:\/\/vivbliss.com\/pt\/wp-json\/wp\/v2\/types\/page"}],"author":[{"embeddable":true,"href":"https:\/\/vivbliss.com\/pt\/wp-json\/wp\/v2\/users\/1"}],"replies":[{"embeddable":true,"href":"https:\/\/vivbliss.com\/pt\/wp-json\/wp\/v2\/comments?post=33314"}],"version-history":[{"count":0,"href":"https:\/\/vivbliss.com\/pt\/wp-json\/wp\/v2\/pages\/33314\/revisions"}],"wp:attachment":[{"href":"https:\/\/vivbliss.com\/pt\/wp-json\/wp\/v2\/media?parent=33314"}],"curies":[{"name":"wp","href":"https:\/\/api.w.org\/{rel}","templated":true}]}}