{"id":37967,"date":"2025-09-16T02:38:44","date_gmt":"2025-09-16T02:38:44","guid":{"rendered":"https:\/\/vivbliss.com\/product\/penis-ring-tongue-design-with-9-vibration-modes\/"},"modified":"2025-09-16T02:38:58","modified_gmt":"2025-09-16T02:38:58","slug":"design-a-lingua-dellanello-per-il-pene-con-9-modalita-di-vibrazione","status":"publish","type":"product","link":"https:\/\/vivbliss.com\/it\/product\/penis-ring-tongue-design-with-9-vibration-modes\/","title":{"rendered":"Anello del pene con design a lingua con 9 modalit\u00e0 di vibrazione"},"content":{"rendered":"<h2>Informazioni su questo articolo<\/h2>\n<ul>\n<li>Giocattoli erotici di coppia\u3011 Questo anello vibrante per il pene rende il pene maschile pi\u00f9 duro e pi\u00f9 forte. La lingua pu\u00f2 stimolare il clitoride, il capezzolo o altre aree sensibili della femmina, adatto per le coppie da usare insieme.<\/li>\n<li>\u30109 potenti modalit\u00e0 di vibrazione\u3011 Il vibratore cock ring ha due potenti motori per fornire 9 frequenze di vibrazione, scegliete quella che fa per voi e dite addio al tradizionale anello per il pene.<\/li>\n<li>Aggiornamento del telecomando APP Attraverso l'APP \u00e8 possibile realizzare il controllo di questo vibratore di coppia in tutto il mondo. L'APP offre 6 modalit\u00e0, si pu\u00f2 anche godere di videochiamate, musica e molti altri divertimenti.<\/li>\n<li>Cockring con bocca grande A differenza della tradizionale forma rotonda, la forma a bocca attirer\u00e0 la vostra attenzione. Il design unico della lingua pu\u00f2 strofinare i testicoli o essere usato come stimolatore clitorideo per le donne. Diversi stili di indossamento porteranno esperienze diverse.<\/li>\n<li>IPX7 impermeabile e ricarica USB Questo vibratore maschile \u00e8 impermeabile IPX7 e facile da pulire dopo l'uso. E si ricarica via USB, compatibile con una vasta gamma di dispositivi, 1,5 ore di carica e fino a 1 ora di utilizzo.<\/li>\n<li>Materiale morbido ed elastico e dimensioni adeguate Realizzato in morbido silicone elasticizzato e ABS, questo sex toys maschile \u00e8 flessibile e pu\u00f2 facilmente allungarsi fino a raggiungere le dimensioni appropriate, adatte alla maggior parte degli uomini.<\/li>\n<li>Design a bassa rumorosit\u00e0 Il livello di rumore di questo vibratore per il pene \u00e8 progettato per essere inferiore a 50 decibel. \u00c8 possibile utilizzarlo senza preoccuparsi che possa danneggiare la buona atmosfera.<\/li>\n<li>Imballaggio discreto e giocattoli sessuali per lui\u3011 Il cock ring vibrante sar\u00e0 confezionato in una scatola discreta per garantire la tua privacy. Come regalo per la persona che ami, questo giocattolo sessuale per adulti \u00e8 anche una grande scelta!<\/li>\n<\/ul>","protected":false},"excerpt":{"rendered":"<p>About this item \u3010Great Couple Sex Toys\u3011 This vibrating penis ring makes the male penis harder and stronger. The tongue can stimulate the clitoral, nipple, or other sensitive area of the female, suitable for couples to use together. \u30109 Powerful Vibration Modes\u3011 The cock ring vibrator has two powerful motors to provide 9 vibration frequencies, choose the one that suits you and say goodbye to the traditional penis ring. \u3010Upgrade APP Remote Control\u3011 Through APP you can realize cross-country control of this couple vibrator. APP provides 6 modes, you can also enjoy video call, music and many other fun. \u3010Big Mouth Cockring\u3011 Unlike the traditional round shape, the mouth shape will get your attention. The unique tongue design can either rub the testicles or be used as a clitoral stimulator for women. Different wearing styles will bring different experiences. \u3010IPX7 Waterproof &amp; USB Recharge\u3011 This male vibrator is IPX7 waterproof and easy to clean after use. And it is USB charging, compatible with a wide range of devices, 1.5 hours charge and up to 1 hour of use. \u3010Soft Stretchy Material &amp; Suitable Size\u3011 Made from soft stretch silicone and ABS, this mens sex toys is flexible and can easily stretch to the appropriate size, suitable for most men. \u3010Low Noise Design\u3011 The noise level of this penis vibrator is designed to be less than 50 decibels. You can use it without worry that it will damage the good atmosphere. \u3010Discreet Packing &amp; Sex Toys for Him\u3011 The cock ring vibrating will be packaged in a discreet box to ensure your privacy. As a gift for the one you love, this adult sex toy is also a great choice!<\/p>","protected":false},"featured_media":37968,"template":"","meta":{"_acf_changed":false},"product_brand":[],"product_cat":[1892],"product_tag":[],"class_list":{"0":"post-37967","1":"product","2":"type-product","3":"status-publish","4":"has-post-thumbnail","6":"product_cat-couple-toys","8":"first","9":"instock","10":"shipping-taxable","11":"purchasable","12":"product-type-simple"},"acf":[],"_links":{"self":[{"href":"https:\/\/vivbliss.com\/it\/wp-json\/wp\/v2\/product\/37967","targetHints":{"allow":["GET"]}}],"collection":[{"href":"https:\/\/vivbliss.com\/it\/wp-json\/wp\/v2\/product"}],"about":[{"href":"https:\/\/vivbliss.com\/it\/wp-json\/wp\/v2\/types\/product"}],"version-history":[{"count":0,"href":"https:\/\/vivbliss.com\/it\/wp-json\/wp\/v2\/product\/37967\/revisions"}],"wp:featuredmedia":[{"embeddable":true,"href":"https:\/\/vivbliss.com\/it\/wp-json\/wp\/v2\/media\/37968"}],"wp:attachment":[{"href":"https:\/\/vivbliss.com\/it\/wp-json\/wp\/v2\/media?parent=37967"}],"wp:term":[{"taxonomy":"product_brand","embeddable":true,"href":"https:\/\/vivbliss.com\/it\/wp-json\/wp\/v2\/product_brand?post=37967"},{"taxonomy":"product_cat","embeddable":true,"href":"https:\/\/vivbliss.com\/it\/wp-json\/wp\/v2\/product_cat?post=37967"},{"taxonomy":"product_tag","embeddable":true,"href":"https:\/\/vivbliss.com\/it\/wp-json\/wp\/v2\/product_tag?post=37967"}],"curies":[{"name":"wp","href":"https:\/\/api.w.org\/{rel}","templated":true}]}}