{"id":37944,"date":"2025-09-16T02:37:45","date_gmt":"2025-09-16T02:37:45","guid":{"rendered":"https:\/\/vivbliss.com\/product\/3-in-1-vibrating-rose-penis-ring-with-10-vibration\/"},"modified":"2025-09-16T02:38:27","modified_gmt":"2025-09-16T02:38:27","slug":"3-in-1-anello-vibrante-per-il-pene-a-forma-di-rosa-con-10-vibrazioni","status":"publish","type":"product","link":"https:\/\/vivbliss.com\/it\/product\/3-in-1-vibrating-rose-penis-ring-with-10-vibration\/","title":{"rendered":"3 IN 1 Anello vibrante per pene a forma di rosa con 10 vibrazioni"},"content":{"rendered":"<ul>\n<li>\u30103 in 1 Rose Penis Ring Vibrator\u3011 Il design unico della rosa \u00e8 la pi\u00f9 grande caratteristica di questo cock ring. Mettendolo sul pene, il petalo di rosa e gli stami possono stimolare meglio il vostro partner, il potente motore sull'asta del pene pu\u00f2 stimolare il vostro pene e il punto g del vostro partner, dando a voi e al vostro partner l'esperienza di passione pi\u00f9 estrema.<\/li>\n<li>\u3010Dual Motors Design &amp; 10*10 Vibration Patterns Vibrating Cock Ring\u3011 Questo sex toy vibratore pene \u00e8 accoppiato con 2 motori ad alta frequenza mute, che possono stimolare i punti G, clitoride e pene separatamente. Ogni motore ha 10 diverse modalit\u00e0 di vibrazione e pu\u00f2 essere controllato separatamente dal telecomando, che pu\u00f2 dare a voi e al vostro partner sensazioni esclusive.<\/li>\n<li>Giocattolo sessuale con telecomando e ricarica magnetica USB\u3011 Per un approccio pi\u00f9 rilassato, lasciate che il telecomando controlli questo vibratore ad anello e regoli rispettivamente i 10*10 modelli di vibrazione. Il sex toy di coppia adotta la ricarica magnetica USB, che pu\u00f2 essere caricata rapidamente e comodamente. \u00c8 possibile godere di un piacere sessuale di 50 minuti dopo 2 ore di ricarica.<\/li>\n<li>Materiale sicuro per il corpo e design silenzioso\u3011 Il cock ring vibrante \u00e8 realizzato in silicone di alta qualit\u00e0, morbido e setoso al tatto, flessibile, non rigido. \u00c8 accoppiato con un motore silenzioso ad alta frequenza, il decibel di rumore \u00e8 inibito a 50dB senza preoccuparsi del suono. Prendetelo come regalo per il vostro partner<\/li>\n<li>\u3010IPX7 Pacchetto Impermeabile e Discreto\u3011 Questo giocattolo sessuale di coppia utilizza un design completamente impermeabile, che pu\u00f2 fornire pi\u00f9 divertimento nella vasca, ed \u00e8 anche facile da pulire! Tutti i giocattoli sessuali per adulti sono confezionati in una scatola discreta per proteggere la tua privacy. Solo i maggiori di 18 anni possono utilizzare questo giocattolo per adulti.<\/li>\n<\/ul>","protected":false},"excerpt":{"rendered":"<p>\u30103 in 1 Rose Penis Ring Vibrator\u3011The unique rose design is the biggest feature of this cock ring. Put it on the penis, the rose petal and stamens can better stimulate your partner, powerful motor on the penis shaft can stimulate the your penis and the g-spot of your partner, giving you and your partner the most extreme passion experience \u3010Dual Motors Design &amp; 10*10 Vibration Patterns Vibrating Cock Ring\u3011This penis vibrator sex toy is paired with 2 high -frequency mute motors, which can stimulate G points, clitoris and penis separately. Each motor has 10 different vibration modes and can be controlled separately by the remote control, which can give you and your partner exclusive experience feelings \u3010Rose Sex Toy with Remote Control &amp; USB Magnetic Charging\u3011Take a more relaxed approach, let the remote take control this cock ring vibrator and adjust the 10*10 vibration patterns respectively. The couples sex toys adopt USB magnetic charging, which can be charged quickly and conveniently. You can enjoy a 50 -minute sexual pleasure after 2 hours of charging \u3010Body-safe Material &amp; Whisper Quiet Design\u3011The cock ring vibrating is made of high-quality silicone, soft and silky to the touch , flexible, not stiff. It&#8217;s paired with high -frequency mute motor, the noise decibel is inhibited to 50dB without worrying about the sound. Take it as a gift for your partner \u3010IPX7 Waterproof &amp; Discreet Package\u3011This couple sex toy uses a full waterproof design, which can provide you more fun in the tub, and it is easy to clean too! All adult sex toys are packaged in a discreet box to protect your privacy. Only over 18 years old can use this adult toy<\/p>","protected":false},"featured_media":37946,"template":"","meta":{"_acf_changed":false},"product_brand":[],"product_cat":[1892],"product_tag":[],"class_list":{"0":"post-37944","1":"product","2":"type-product","3":"status-publish","4":"has-post-thumbnail","6":"product_cat-couple-toys","8":"first","9":"instock","10":"sale","11":"shipping-taxable","12":"purchasable","13":"product-type-variable"},"acf":[],"_links":{"self":[{"href":"https:\/\/vivbliss.com\/it\/wp-json\/wp\/v2\/product\/37944","targetHints":{"allow":["GET"]}}],"collection":[{"href":"https:\/\/vivbliss.com\/it\/wp-json\/wp\/v2\/product"}],"about":[{"href":"https:\/\/vivbliss.com\/it\/wp-json\/wp\/v2\/types\/product"}],"version-history":[{"count":0,"href":"https:\/\/vivbliss.com\/it\/wp-json\/wp\/v2\/product\/37944\/revisions"}],"wp:featuredmedia":[{"embeddable":true,"href":"https:\/\/vivbliss.com\/it\/wp-json\/wp\/v2\/media\/37946"}],"wp:attachment":[{"href":"https:\/\/vivbliss.com\/it\/wp-json\/wp\/v2\/media?parent=37944"}],"wp:term":[{"taxonomy":"product_brand","embeddable":true,"href":"https:\/\/vivbliss.com\/it\/wp-json\/wp\/v2\/product_brand?post=37944"},{"taxonomy":"product_cat","embeddable":true,"href":"https:\/\/vivbliss.com\/it\/wp-json\/wp\/v2\/product_cat?post=37944"},{"taxonomy":"product_tag","embeddable":true,"href":"https:\/\/vivbliss.com\/it\/wp-json\/wp\/v2\/product_tag?post=37944"}],"curies":[{"name":"wp","href":"https:\/\/api.w.org\/{rel}","templated":true}]}}