{"id":37934,"date":"2025-09-16T02:37:28","date_gmt":"2025-09-16T02:37:28","guid":{"rendered":"https:\/\/vivbliss.com\/product\/2-in-1-vibrating-cock-ring-rose-vibrator\/"},"modified":"2025-09-16T02:37:54","modified_gmt":"2025-09-16T02:37:54","slug":"2-in-1-vibrante-anello-cazzo-rosa-vibratore","status":"publish","type":"product","link":"https:\/\/vivbliss.com\/it\/product\/2-in-1-vibrating-cock-ring-rose-vibrator\/","title":{"rendered":"Vibratore 2 in 1 con anello vibrante per il cazzo, rosa"},"content":{"rendered":"<ul>\n<li><strong>Vibratore ad anello per il pene multifunzionale:<\/strong> Il design del doppio anello per il pene sar\u00e0 fissato saldamente al pene e ai testicoli, inoltre il doppio anello render\u00e0 migliori gli effetti di prolungamento dell'erezione. Questo anello per il pene \u00e8 dotato di un massaggiatore per il clitoride, che garantisce un piacere extra quando ci si diverte con lei.<\/li>\n<li><strong>Romanzo Rose e Cuori Design:<\/strong> Caratterizzato da un design a forma di rosa e di cuore, questo anello per pene vibrante rappresenta l'amore pi\u00f9 appassionato per lei. Lo stame centrale colpisce con precisione il punto sensibile del clitoride per portarla all'orgasmo clitorideo definitivo. Questo anello per pene in silicone \u00e8 la migliore sorpresa per la vostra partner.<\/li>\n<li><strong>Prolungare le prestazioni sessuali:<\/strong> Il nostro anello per pene rosa si fissa saldamente al pene per mantenere i corpi cavernosi ingrossati, in modo che l'erezione duri pi\u00f9 a lungo e migliori la resistenza durante il rapporto, ritardando cos\u00ec l'eiaculazione per soddisfare meglio la donna.<\/li>\n<li><strong>9 potenti modalit\u00e0 di vibrazione:<\/strong> Con un motore all'avanguardia ben progettato, questo anello sessuale maschile ha 9 potenti modalit\u00e0 di vibrazione. Basta un clic per cambiare modalit\u00e0, che pu\u00f2 soddisfare la stimolazione del clitoride e del pene allo stesso tempo. Questo prodotto pu\u00f2 regalare 9 diverse sensazioni meravigliose.<\/li>\n<li><strong>Silicone flessibile e morbido, sicuro per il corpo:<\/strong> Questo anello per il pene \u00e8 realizzato in silicone di prima qualit\u00e0, sicuro per l'uso intimo. \u00c8 molto morbido e flessibile, in modo da adattarsi a diverse dimensioni del pene; \u00e8 anche molto comodo da indossare.<\/li>\n<li><strong>Modalit\u00e0 di ricarica magnetica:<\/strong> Adottiamo un nuovo metodo di ricarica magnetica per questo anello per il pene, in modo che possiate facilmente ricaricare i vostri giocattoli collegandoli al caricatore del telefono, alla banca di energia o al computer. Dite addio ai metodi di ricarica ingombranti.<\/li>\n<li><strong>Impermeabile IPX7 e facile da pulire:<\/strong> Il nostro prodotto \u00e8 impermeabile IPX7 e consente di sciacquare l'anello del pene con acqua durante la pulizia. \u00c8 possibile utilizzarlo anche in acqua. La parte del vibratore clitorideo pu\u00f2 essere smontata, quindi \u00e8 super facile da pulire senza preoccupazioni.<\/li>\n<li><strong>Consegna sicura, imballaggio privato e servizio affidabile:<\/strong> I nostri prodotti sono confezionati privatamente e non ci sono informazioni sul prodotto sulla confezione esterna. Con noi la vostra privacy \u00e8 assicurata. Se c'\u00e8 qualche problema con il prodotto, potete contattarci in tempo e risolveremo ogni problema per voi.<\/li>\n<\/ul>","protected":false},"excerpt":{"rendered":"<p>Multifunctional Penis Ring Vibrator: The double penis ring design will be fixed to the penis and testicles firmly, also double ring will make the erection prolonging effects better. This penis ring has a clitoris massager that will provide extra pleasure when you are having fun with her. Novel Roses &amp; Hearts Design: Featuring a rose and heart shape design, this vibrating penis ring represents the most passionate love for her. The central stamen accurately hits the sensitive point of the clitoris to bring her the ultimate clit orgasm. This silicone cock ring is the best surprise for your partner. Prolong Sex Performance: Our rose penis ring attaches firmly to the penis to keep the corpus cavernosum engorged, so that erections last longer and improve stamina during intercourse, therefore delays the ejaculation to please her better. 9 Powerful Vibration Modes: With a well-designed state-of-the-art motor, this male sex ring has 9 powerful vibrating modes. Just one click to switch modes, which can satisfy the stimulation of the clitoris and penis at the same time. This product can give you 9 different wonderful feelings. Body-safe &amp; Soft Flexible Silicone: This penis ring is made of premium silicone, which is safe for intimate use. It is very soft and flexible, so that it will fit itself to different penis sizes; it is also very comfortable for wearing. Magnetic Charging Mode: We adopt a new magnetic charging method for this penis ring, so that you can easily charge your toys by connecting to your phone charger, power bank, or computer. Say goodbye to bulky charging methods. IPX7 Waterproof &amp; Easy to Clean: Our product is IPX7 waterproof, allowing the penis ring to be rinsed with water while cleaning. You can also use it in water. The clitoral vibrator part can be disassembled, which is super easy to clean without any worries. Safe Delivery &amp; Private Packaging &amp; Reliable Service: Our products are packaged privately, and there is no product information on the outer packaging. Your privacy is secured with us. If there is any problem with the product, you can contact us in time and we will solve any problems for you.<\/p>","protected":false},"featured_media":37937,"template":"","meta":{"_acf_changed":false},"product_brand":[],"product_cat":[1892],"product_tag":[],"class_list":{"0":"post-37934","1":"product","2":"type-product","3":"status-publish","4":"has-post-thumbnail","6":"product_cat-couple-toys","8":"first","9":"instock","10":"shipping-taxable","11":"purchasable","12":"product-type-simple"},"acf":[],"_links":{"self":[{"href":"https:\/\/vivbliss.com\/it\/wp-json\/wp\/v2\/product\/37934","targetHints":{"allow":["GET"]}}],"collection":[{"href":"https:\/\/vivbliss.com\/it\/wp-json\/wp\/v2\/product"}],"about":[{"href":"https:\/\/vivbliss.com\/it\/wp-json\/wp\/v2\/types\/product"}],"version-history":[{"count":0,"href":"https:\/\/vivbliss.com\/it\/wp-json\/wp\/v2\/product\/37934\/revisions"}],"wp:featuredmedia":[{"embeddable":true,"href":"https:\/\/vivbliss.com\/it\/wp-json\/wp\/v2\/media\/37937"}],"wp:attachment":[{"href":"https:\/\/vivbliss.com\/it\/wp-json\/wp\/v2\/media?parent=37934"}],"wp:term":[{"taxonomy":"product_brand","embeddable":true,"href":"https:\/\/vivbliss.com\/it\/wp-json\/wp\/v2\/product_brand?post=37934"},{"taxonomy":"product_cat","embeddable":true,"href":"https:\/\/vivbliss.com\/it\/wp-json\/wp\/v2\/product_cat?post=37934"},{"taxonomy":"product_tag","embeddable":true,"href":"https:\/\/vivbliss.com\/it\/wp-json\/wp\/v2\/product_tag?post=37934"}],"curies":[{"name":"wp","href":"https:\/\/api.w.org\/{rel}","templated":true}]}}