{"id":3,"date":"2021-09-06T07:41:05","date_gmt":"2021-09-06T07:41:05","guid":{"rendered":"https:\/\/vivbliss.com\/?page_id=3"},"modified":"2024-10-15T15:28:39","modified_gmt":"2024-10-15T15:28:39","slug":"informativa-sulla-privacy","status":"publish","type":"page","link":"https:\/\/vivbliss.com\/it\/privacy-policy\/","title":{"rendered":"PRIVACY \/ SICUREZZA"},"content":{"rendered":"<div data-elementor-type=\"wp-page\" data-elementor-id=\"3\" class=\"elementor elementor-3\" data-elementor-post-type=\"page\">\n\t\t\t\t<div class=\"elementor-element elementor-element-d11ec4a e-flex e-con-boxed e-con e-parent\" data-id=\"d11ec4a\" data-element_type=\"container\" data-e-type=\"container\">\n\t\t\t\t\t<div class=\"e-con-inner\">\n\t\t\t\t<div class=\"elementor-element elementor-element-d70a450 elementor-widget elementor-widget-heading\" data-id=\"d70a450\" data-element_type=\"widget\" data-e-type=\"widget\" data-widget_type=\"heading.default\">\n\t\t\t\t<div class=\"elementor-widget-container\">\n\t\t\t\t\t<h2 class=\"elementor-heading-title elementor-size-default\">PRIVACY \/ SICUREZZA<\/h2>\t\t\t\t<\/div>\n\t\t\t\t<\/div>\n\t\t\t\t<div class=\"elementor-element elementor-element-856d36e elementor-widget elementor-widget-text-editor\" data-id=\"856d36e\" data-element_type=\"widget\" data-e-type=\"widget\" data-widget_type=\"text-editor.default\">\n\t\t\t\t<div class=\"elementor-widget-container\">\n\t\t\t\t\t\t\t\t\t<h3>GOVERNANCE DELLA POLITICA DI PRIVACY E SICUREZZA<\/h3><p>La presente Informativa sulla privacy e sulla sicurezza regola il modo in cui VivBliss.com, Inc. raccoglie, utilizza, conserva e divulga le informazioni raccolte dagli utenti del sito https:\/\/vivbliss.com\/ o \"sito web\". Questa politica sulla privacy si applica al sito web e a tutti i prodotti e servizi offerti da VivBliss.com, Inc. (VivBliss.com).<\/p><ul><li>L'Informativa sulla privacy e sulla sicurezza ha lo scopo di informare gli utenti su:<\/li><li>Quali informazioni personali vengono raccolte dagli utenti attraverso il sito web, come vengono utilizzate e con chi vengono condivise.<\/li><li>Come un utente pu\u00f2 correggere, modificare o cancellare le proprie informazioni dal sito web.<\/li><li>I controlli di sicurezza in atto per salvaguardare l'uso improprio delle informazioni degli utenti.<\/li><li>VivBliss.com garantisce la sicurezza degli acquisti.<\/li><\/ul><h3>PRIVACY<\/h3><p><strong>Raccolta di informazioni:<\/strong> VivBliss.com non raccoglier\u00e0 alcuna informazione personale sugli individui, se non quando questa sia stata specificatamente e consapevolmente fornita da tali individui. Gli utenti possono sempre rifiutarsi di fornire informazioni di identificazione personale visitando il nostro sito web in forma anonima, ma ci\u00f2 potrebbe impedire agli utenti di partecipare ad alcune attivit\u00e0 correlate al sito web.<br \/><br \/>Possiamo raccogliere informazioni di identificazione personale dagli utenti in vari modi, tra cui, ma non solo, quando gli utenti visitano il nostro sito, registrano un account sul sito, effettuano un ordine, compilano un modulo di risposta a un sondaggio, si iscrivono alla newsletter e in relazione ad altre attivit\u00e0, servizi, funzioni o risorse che rendiamo disponibili sul nostro sito. Per elaborare l'ordine, VivBliss.com deve ottenere alcune informazioni da ciascun cliente. Esempi di informazioni che potete fornirci sono: nome, indirizzo postale, indirizzo e-mail e numero di telefono.<br \/><br \/>Possiamo raccogliere informazioni di identificazione non personali sugli utenti ogni volta che interagiscono con il nostro sito web. Le informazioni di identificazione non personale possono includere il nome del browser, il tipo di computer e le informazioni tecniche sui mezzi di connessione degli utenti al nostro sito web, come il sistema operativo e i fornitori di servizi Internet utilizzati e altre informazioni simili.<br \/><br \/>Non vendiamo, affittiamo o prestiamo a nessuno informazioni identificabili (come indirizzo e-mail, numero di telefono, ecc.) relative ai nostri clienti. Possiamo condividere informazioni demografiche generiche aggregate non collegate ad alcuna informazione di identificazione personale relativa ai visitatori e agli utenti con i nostri partner commerciali, affiliati di fiducia e inserzionisti per gli scopi descritti di seguito. Possiamo utilizzare fornitori di servizi terzi per aiutarci a gestire la nostra attivit\u00e0 e il sito web o per amministrare attivit\u00e0 per nostro conto, come l'invio di newsletter o sondaggi. Possiamo condividere le vostre informazioni con queste terze parti per questi scopi limitati, a condizione che ci abbiate dato il vostro consenso. Tutte le informazioni fornite saranno utilizzate in modo responsabile e conservate con la massima cura e sicurezza.<\/p><p><br \/><strong>Cookie del browser web:<\/strong>\u00a0Il nostro sito web pu\u00f2 utilizzare i \"cookie\" per migliorare l'esperienza dell'utente. Il browser web dell'utente inserisce i cookie sul suo disco rigido per scopi di registrazione e talvolta per tracciare informazioni su di lui. Gli utenti possono scegliere di impostare il proprio browser web in modo da rifiutare i cookie o di avvisare l'utente dell'invio dei cookie. In tal caso, alcune parti del nostro sito web potrebbero non funzionare correttamente.<br \/><br \/><\/p><ul><li>Come utilizziamo le informazioni raccolte: VivBliss.com raccoglie e utilizza le informazioni personali degli utenti per i seguenti scopi:<\/li><li>Migliorare il servizio clienti<\/li><li>I vostri dati ci aiutano a rispondere in modo pi\u00f9 efficace alle vostre richieste di assistenza e supporto.<\/li><li>Per personalizzare l'esperienza dell'utente<\/li><li>Possiamo utilizzare le informazioni in forma aggregata per capire come i nostri utenti, come gruppo, utilizzano i servizi e le risorse fornite sul nostro sito web.<\/li><li>Per migliorare il nostro sito web<\/li><li>Ci impegniamo costantemente a migliorare le offerte del nostro sito web e la vostra soddisfazione in base alle informazioni e al feedback che riceviamo da voi.<\/li><li>Per elaborare le transazioni<\/li><li>Possiamo utilizzare le informazioni fornite dagli utenti al momento dell'inoltro di un ordine solo per fornire il servizio relativo all'ordine stesso. Non condividiamo queste informazioni con terzi se non nella misura necessaria a fornire il servizio.<\/li><li>Per amministrare un contenuto, una promozione, un sondaggio o un'altra funzione del sito web<\/li><li>Per inviare agli utenti informazioni che hanno accettato di ricevere su argomenti che riteniamo possano essere di loro interesse.<\/li><li>Per inviare e-mail periodiche<\/li><li>L'indirizzo e-mail fornito dagli utenti per l'elaborazione dell'ordine sar\u00e0 utilizzato esclusivamente per inviare loro informazioni e aggiornamenti relativi all'ordine. Pu\u00f2 anche essere utilizzato per rispondere alle loro richieste e\/o ad altre richieste o domande. Se gli utenti decidono di aderire alla nostra mailing list, riceveranno messaggi di posta elettronica che possono includere notizie sull'azienda, aggiornamenti, informazioni su prodotti o servizi correlati, ecc.<\/li><\/ul><h3>GARANZIA<\/h3><p><strong>VivBliss.com 100% Garanzia di acquisto sicuro.<\/strong><br \/>Su VivBliss.com vogliamo che i nostri clienti sappiano di poter acquistare senza preoccupazioni. Ecco perch\u00e9 sosteniamo ogni acquisto con carta di credito con la nostra garanzia di acquisto sicuro 100%. Ci\u00f2 significa che non pagherete nulla in caso di addebiti non autorizzati sulla vostra carta di credito a seguito di acquisti su VivBliss.com. Utilizziamo tutte le risorse e le capacit\u00e0 che abbiamo a disposizione per prevenire questo tipo di comportamenti fraudolenti, perch\u00e9 proteggere le vostre informazioni personali per una migliore esperienza di acquisto \u00e8 la nostra massima priorit\u00e0.<br \/><br \/><strong>Dettagli della garanzia:<\/strong> In base al Fair Credit Billing Act, la vostra banca non pu\u00f2 ritenervi responsabili per pi\u00f9 di cinquanta dollari di spese fraudolente. Se la vostra banca vi ritiene responsabili per una parte di questi cinquanta dollari, VivBliss.com coprir\u00e0 l'intera responsabilit\u00e0 per voi, fino a un massimo di cinquanta dollari. VivBliss.com coprir\u00e0 questa responsabilit\u00e0 solo se l'uso non autorizzato della carta di credito \u00e8 stato causato, senza alcuna colpa, da acquisti effettuati su VivBliss.com utilizzando il server sicuro. In caso di utilizzo non autorizzato della carta di credito, l'utente \u00e8 tenuto ad informare il fornitore della carta di credito in conformit\u00e0 con le regole e le procedure di segnalazione. Inoltre, per salvaguardare ulteriormente i vostri fondi, informate prontamente VivBliss.com in modo che possiamo restituirvi i fondi in modo tempestivo.<br \/><br \/>La nostra preoccupazione numero uno \u00e8 la soddisfazione del cliente e prendiamo molto sul serio la privacy dei nostri clienti. Su VivBliss.com le vostre informazioni private sono tenute al sicuro perch\u00e9 disponiamo di personale, tecnologia e procedure adeguate per garantire la salvaguardia delle vostre informazioni.<br \/><br \/><\/p><h3>SICUREZZA<\/h3><p><strong>La sicurezza del nostro personale:<\/strong> Ogni membro dello staff di VivBliss.com \u00e8 adeguatamente formato e aggiornato sulla prevenzione, l'individuazione e il monitoraggio di comportamenti fraudolenti. In VivBliss.com abbiamo stabilito che la sicurezza dei dati personali dei clienti non \u00e8 solo un nostro dovere, ma anche un impegno nei confronti dei nostri clienti che sono in mani fidate. Ci assicuriamo che vengano effettuati i giusti controlli in ogni fase del processo di vendita, perch\u00e9 ci impegniamo a garantire ai nostri clienti un'esperienza di acquisto sicura e senza preoccupazioni.<br \/><br \/><strong>La sicurezza nella nostra tecnologia:<\/strong> Il nostro software Secure Sockets Layer (SSL) \u00e8 lo standard del settore e uno dei migliori software oggi disponibili per le transazioni commerciali sicure. Cripta tutte le informazioni personali dell'utente, compresi il numero di carta di credito, il nome e l'indirizzo, in modo che non possano essere lette mentre viaggiano su Internet. Ovunque raccogliamo informazioni sensibili, queste vengono criptate e trasmesse in modo sicuro. Potete verificarlo cercando l'icona di un lucchetto chiuso nella parte inferiore del vostro browser web, oppure cercando \"https\" all'inizio dell'indirizzo della pagina web. In VivBliss.com cerchiamo di migliorare costantemente la nostra sicurezza informatica, dato che i comportamenti fraudolenti cercano di diventare sempre pi\u00f9 elusivi. La direzione esamina quali tipi di sicurezza informatica possono essere migliorati, rimodellati e implementati per garantire che i dati personali dei nostri clienti siano ben protetti.<br \/><br \/><strong>La sicurezza nelle nostre procedure:<\/strong> In VivBliss.com adottiamo un approccio dinamico per valutare la sicurezza dei dati implementata nelle nostre procedure. Quando i nostri dipendenti o le applicazioni di sicurezza rilevano anche solo un accenno di attivit\u00e0 fraudolenta, l'ordine viene inviato per una revisione a pi\u00f9 livelli. Se le nostre procedure concludono che un ordine presenta rischi significativi, contattiamo i nostri clienti per assicurarci che non si tratti di un'attivit\u00e0 fraudolenta. Grazie ai controlli manuali e del sistema informativo, riduciamo al minimo i rischi per garantire ai nostri clienti un'esperienza di acquisto sicura.<br \/><br \/><strong>Conformit\u00e0 con il Children's Online Privacy Protection Act:<\/strong> Proteggere la privacy dei giovanissimi \u00e8 particolarmente importante per VivBliss.com. Per questo motivo, non raccogliamo o manteniamo mai informazioni sul nostro sito web da chi sappiamo avere meno di 13 anni, e nessuna parte del nostro sito web \u00e8 strutturata in modo da attirare chiunque abbia meno di 13 anni.<br \/><br \/><strong>Siti web di terzi:<\/strong>\u00a0Gli utenti possono trovare sul nostro sito web pubblicit\u00e0 o altri contenuti che rimandano ai siti web e ai servizi dei nostri partner, fornitori, inserzionisti, sponsor, licenziatari e altre terze parti. Non controlliamo il contenuto o i link che appaiono su questi siti web e non siamo responsabili delle pratiche utilizzate dai siti web collegati al nostro sito o da esso. Inoltre, questi siti web o servizi, compresi i loro contenuti e link, possono essere in continua evoluzione. Tali siti e servizi possono avere proprie politiche sulla privacy e sul servizio clienti. La navigazione e l'interazione con qualsiasi altro sito web, compresi i siti web che hanno un link al nostro sito web, \u00e8 soggetta ai termini e alle politiche di tale sito web.<br \/><br \/><strong>Modifiche alla presente Informativa sulla privacy e sulla sicurezza:<\/strong> VivBliss.com ha la facolt\u00e0 di aggiornare la presente Politica sulla Privacy e sulla Sicurezza in qualsiasi momento. Quando questa politica viene aggiornata, la data di aggiornamento della revisione verr\u00e0 visualizzata in fondo a questa pagina. Incoraggiamo gli utenti a controllare frequentemente questa pagina per eventuali modifiche, al fine di rimanere informati su come stiamo aiutando a proteggere le informazioni personali che raccogliamo. L'utente riconosce e accetta che \u00e8 sua responsabilit\u00e0 rivedere periodicamente la presente informativa sulla privacy e venire a conoscenza delle modifiche apportate.<br \/><br \/><strong>L'accettazione dei presenti Termini da parte dell'utente:<\/strong>\u00a0L'utilizzo di questo sito web implica l'accettazione di questa politica e dei termini di servizio. Se non si accettano le presenti norme, si prega di non utilizzare il nostro sito web. L'uso continuato del sito Web dopo la pubblicazione di modifiche a questa politica sar\u00e0 considerato come l'accettazione di tali modifiche.<br \/><br \/>Per qualsiasi domanda o dubbio, contattateci all'indirizzo service@vivbliss.com.<\/p>\t\t\t\t\t\t\t\t<\/div>\n\t\t\t\t<\/div>\n\t\t\t\t\t<\/div>\n\t\t\t\t<\/div>\n\t\t\t\t<\/div>","protected":false},"excerpt":{"rendered":"<p>PRIVACY \/ SECURITY PRIVACY &amp; SECURITY POLICY GOVERNANCE This Privacy &amp; Security Policy governs the manner in which VivBliss.com, Inc. collects, uses, maintains and discloses information collected from users of the https:\/\/vivbliss.com\/ or \u201cwebsite\u201d. This privacy policy applies to the website and all products and services offered by VivBliss.com, Inc. (VivBliss.com). The Privacy &amp; Security Policy is to inform users of: What personal information is collected from users through the website, how it is used, and with whom it is shared. How a user can correct, alter, or delete their information from the website. The security controls in place to safeguard against misuse of user information. VivBliss.com Safe Shopping Guarantee Policy. PRIVACY Collection of Information: VivBliss.com will not collect any personal information about individuals except when specifically and knowingly provided by such individuals. Users can always refuse to supply personally identification information by visiting our website anonymously, except that it may prevent users from engaging in certain website related activities. We may collect personal identification information from users in a variety of ways, including, but not limited to, when users visit our site, register a website account, place an order, fill out a form response to a survey, subscribe to the newsletter, and in connection with other activities, services, features or resources we make available on our website. For VivBliss.com to process your order we must obtain some information from each customer. Examples of the information you may provide us with include: name, postal address, e-mail address, and phone number. We may collect non-personal identification information about users whenever they interact with our website. Non-personal identification information may include the browser name, the type of computer, and technical information about users\u2019 means of connection to our website, such as the operating system and the Internet service providers\u2019 utilized and other similar information. We do not sell, rent or loan any identifiable information (such as e-mail address, phone number, etc.) regarding our customers to anybody. We may share generic aggregated demographic information not linked to any personal identification information regarding visitors and users with our business partners, trusted affiliates, and advertisers for the purposes outlined below. We may use third party service providers to help us operate our business and the website or administer activities on our behalf, such as sending out newsletters or surveys. We may share your information with these third parties for those limited purposes provided that you have given us your permission. Any information you provide us with will be used responsibly, and is held with the utmost care and security. Web Browser Cookies:\u00a0Our website may use \u201ccookies\u201d to enhance user experience. User\u2019s web browser places cookies on their hard drive for record-keeping purposes and sometimes to track information about them. Users may choose to set their web browser to refuse cookies, or to alert you when cookies are being sent. If they do so, note that some parts of our website may not function properly. How We Use Collected Information: VivBliss.com collects and uses user personal information for the following purposes: To Improve Customer Service Your information helps us to more effectively respond to your customer service requests and support needs. To Personalize User Experience We may use information in the aggregate to understand how our users as a group use the services and resources provided on our website. To Improve Our Website We continually strive to improve our website offerings and your satisfaction based on the information and feedback we receive from you. To Process Transactions We may use the information users provide about themselves when placing an order only to provide service to that order. We do not share this information with outside parties except to the extent necessary to provide the service. To Administer a Content, Promotion, Survey or other Website Feature To send users information they agreed to receive about topics we think will be of interest to them. To Send Periodic Emails The email address users provide for order processing, will only be used to send them information and updates pertaining to their order. It may also be used to respond to their inquiries, and\/or other requests or questions. If users decides to opt-in to our mailing list, they will receive emails that may include company news, updates, related product or service information, etc. GUARANTEE VivBliss.com 100% Safe Shopping Guarantee.At VivBliss.com we want our customers to know they can shop with no worries. That\u2019s why we back every credit card purchase with our 100% Safe Shopping Guarantee. This means you pay nothing if unauthorized charges are made to your card as a result of shopping at VivBliss.com. We use every resource and ability we have on hand to prevent this type of fraudulent behavior, because securing your personal information for a better shopping experience is our top priority. Guarantee details: Under the Fair Credit Billing Act your bank cannot hold you liable for more than fifty dollars worth of fraudulent charges. If your bank does hold you liable for any of this fifty dollars, VivBliss.com will cover the entire liability for you, up to the full fifty dollars. VivBliss.com will cover this liability only if the unauthorized use of your credit card resulted through no fault of your own from purchases made at VivBliss.com while using the secure server. In the event of unauthorized use of your credit card, you must notify your credit card provider in accordance with its reporting rules and procedures. Also, to further safeguard your funds promptly notify VivBliss.com so we may return your funds to you in a timely manner. Our number one concern is our customer satisfaction, and we take our customers\u2019 privacy very seriously. At VivBliss.com your private information is kept safe and secure because we have the appropriate staff, technology, and procedures to ensure we properly safeguard your information. SECURITY Safety in our Personnel: Each VivBliss.com staff member is appropriately trained and updated about preventing, detecting, and monitoring fraudulent behavior. At VivBliss.com we set the tone at the top that securing customers\u2019 [&hellip;]<\/p>\n","protected":false},"author":1,"featured_media":0,"parent":0,"menu_order":0,"comment_status":"closed","ping_status":"open","template":"","meta":{"_acf_changed":false,"footnotes":""},"class_list":["post-3","page","type-page","status-publish","hentry","post-no-thumbnail"],"acf":[],"_links":{"self":[{"href":"https:\/\/vivbliss.com\/it\/wp-json\/wp\/v2\/pages\/3","targetHints":{"allow":["GET"]}}],"collection":[{"href":"https:\/\/vivbliss.com\/it\/wp-json\/wp\/v2\/pages"}],"about":[{"href":"https:\/\/vivbliss.com\/it\/wp-json\/wp\/v2\/types\/page"}],"author":[{"embeddable":true,"href":"https:\/\/vivbliss.com\/it\/wp-json\/wp\/v2\/users\/1"}],"replies":[{"embeddable":true,"href":"https:\/\/vivbliss.com\/it\/wp-json\/wp\/v2\/comments?post=3"}],"version-history":[{"count":0,"href":"https:\/\/vivbliss.com\/it\/wp-json\/wp\/v2\/pages\/3\/revisions"}],"wp:attachment":[{"href":"https:\/\/vivbliss.com\/it\/wp-json\/wp\/v2\/media?parent=3"}],"curies":[{"name":"wp","href":"https:\/\/api.w.org\/{rel}","templated":true}]}}