{"id":41581,"date":"2025-09-29T07:45:29","date_gmt":"2025-09-29T07:45:29","guid":{"rendered":"https:\/\/vivbliss.com\/product\/neon-lace-bra-and-garter-set\/"},"modified":"2025-09-30T08:09:53","modified_gmt":"2025-09-30T08:09:53","slug":"ensemble-soutien-gorge-et-jarretiere-en-dentelle-neon","status":"publish","type":"product","link":"https:\/\/vivbliss.com\/fr\/product\/neon-lace-bra-and-garter-set\/","title":{"rendered":"Ensemble soutien-gorge et jarreti\u00e8re en dentelle n\u00e9on"},"content":{"rendered":"<p>Cet ensemble n\u00e9on accrocheur comprend un soutien-gorge en dentelle avec des bordures n\u00e9on contrast\u00e9es, des bretelles r\u00e9glables, une culotte et un porte-jarretelles assorti avec des bretelles r\u00e9glables et des jarretelles attach\u00e9es.<\/p>","protected":false},"excerpt":{"rendered":"<p>Cet ensemble n\u00e9on accrocheur comprend un soutien-gorge en dentelle avec des bordures n\u00e9on contrast\u00e9es, des bretelles r\u00e9glables, une culotte et un porte-jarretelles assorti avec des bretelles r\u00e9glables et des jarretelles attach\u00e9es.<\/p>","protected":false},"featured_media":41582,"template":"","meta":{"_acf_changed":false},"product_brand":[],"product_cat":[1817],"product_tag":[],"class_list":{"0":"post-41581","1":"product","2":"type-product","3":"status-publish","4":"has-post-thumbnail","6":"product_cat-underwear","8":"first","9":"instock","10":"sale","11":"shipping-taxable","12":"purchasable","13":"product-type-variable"},"acf":[],"_links":{"self":[{"href":"https:\/\/vivbliss.com\/fr\/wp-json\/wp\/v2\/product\/41581","targetHints":{"allow":["GET"]}}],"collection":[{"href":"https:\/\/vivbliss.com\/fr\/wp-json\/wp\/v2\/product"}],"about":[{"href":"https:\/\/vivbliss.com\/fr\/wp-json\/wp\/v2\/types\/product"}],"version-history":[{"count":1,"href":"https:\/\/vivbliss.com\/fr\/wp-json\/wp\/v2\/product\/41581\/revisions"}],"predecessor-version":[{"id":41824,"href":"https:\/\/vivbliss.com\/fr\/wp-json\/wp\/v2\/product\/41581\/revisions\/41824"}],"wp:featuredmedia":[{"embeddable":true,"href":"https:\/\/vivbliss.com\/fr\/wp-json\/wp\/v2\/media\/41582"}],"wp:attachment":[{"href":"https:\/\/vivbliss.com\/fr\/wp-json\/wp\/v2\/media?parent=41581"}],"wp:term":[{"taxonomy":"product_brand","embeddable":true,"href":"https:\/\/vivbliss.com\/fr\/wp-json\/wp\/v2\/product_brand?post=41581"},{"taxonomy":"product_cat","embeddable":true,"href":"https:\/\/vivbliss.com\/fr\/wp-json\/wp\/v2\/product_cat?post=41581"},{"taxonomy":"product_tag","embeddable":true,"href":"https:\/\/vivbliss.com\/fr\/wp-json\/wp\/v2\/product_tag?post=41581"}],"curies":[{"name":"wp","href":"https:\/\/api.w.org\/{rel}","templated":true}]}}