{"id":41349,"date":"2025-09-29T07:36:48","date_gmt":"2025-09-29T07:36:48","guid":{"rendered":"https:\/\/vivbliss.com\/product\/lace-cheeky-robe\/"},"modified":"2025-09-30T08:12:49","modified_gmt":"2025-09-30T08:12:49","slug":"robe-de-chambre-en-dentelle","status":"publish","type":"product","link":"https:\/\/vivbliss.com\/fr\/product\/lace-cheeky-robe\/","title":{"rendered":"Peignoir en dentelle"},"content":{"rendered":"<p>Le peignoir Lovely Lace Cheeky est orn\u00e9 d'un motif de dentelle florale et d'une d\u00e9licate bordure de dentelle en cils. Il est con\u00e7u pour s'ajuster juste en dessous de vos fesses et vous donner un air aguicheur et court. Fini avec une ceinture en satin lisse et un string assorti, c'est la pi\u00e8ce ludique parfaite pour ajouter une touche de charme et d'assurance \u00e0 vos v\u00eatements d'int\u00e9rieur.<\/p>\n<p>(PETIT)<\/p>","protected":false},"excerpt":{"rendered":"<p>The Lovely Lace Cheeky Robe features a flirty floral lace pattern with delicate eyelash lace trim, designed to fit just below your bottom for a teasingly short look. Finished with a smooth satin belt, and matching thong it\u2019s the perfect playful piece to add a touch of charm and confidence to your loungewear. (RUNS SMALL)<\/p>","protected":false},"featured_media":41351,"template":"","meta":{"_acf_changed":false},"product_brand":[],"product_cat":[938],"product_tag":[],"class_list":{"0":"post-41349","1":"product","2":"type-product","3":"status-publish","4":"has-post-thumbnail","6":"product_cat-slutty-dress","8":"first","9":"instock","10":"sale","11":"shipping-taxable","12":"purchasable","13":"product-type-variable"},"acf":[],"_links":{"self":[{"href":"https:\/\/vivbliss.com\/fr\/wp-json\/wp\/v2\/product\/41349","targetHints":{"allow":["GET"]}}],"collection":[{"href":"https:\/\/vivbliss.com\/fr\/wp-json\/wp\/v2\/product"}],"about":[{"href":"https:\/\/vivbliss.com\/fr\/wp-json\/wp\/v2\/types\/product"}],"version-history":[{"count":1,"href":"https:\/\/vivbliss.com\/fr\/wp-json\/wp\/v2\/product\/41349\/revisions"}],"predecessor-version":[{"id":41837,"href":"https:\/\/vivbliss.com\/fr\/wp-json\/wp\/v2\/product\/41349\/revisions\/41837"}],"wp:featuredmedia":[{"embeddable":true,"href":"https:\/\/vivbliss.com\/fr\/wp-json\/wp\/v2\/media\/41351"}],"wp:attachment":[{"href":"https:\/\/vivbliss.com\/fr\/wp-json\/wp\/v2\/media?parent=41349"}],"wp:term":[{"taxonomy":"product_brand","embeddable":true,"href":"https:\/\/vivbliss.com\/fr\/wp-json\/wp\/v2\/product_brand?post=41349"},{"taxonomy":"product_cat","embeddable":true,"href":"https:\/\/vivbliss.com\/fr\/wp-json\/wp\/v2\/product_cat?post=41349"},{"taxonomy":"product_tag","embeddable":true,"href":"https:\/\/vivbliss.com\/fr\/wp-json\/wp\/v2\/product_tag?post=41349"}],"curies":[{"name":"wp","href":"https:\/\/api.w.org\/{rel}","templated":true}]}}