{"id":41182,"date":"2025-09-29T07:33:23","date_gmt":"2025-09-29T07:33:23","guid":{"rendered":"https:\/\/vivbliss.com\/product\/racy-romance-lingerie-gown\/"},"modified":"2025-09-30T08:13:35","modified_gmt":"2025-09-30T08:13:35","slug":"robe-de-lingerie-racy-romance","status":"publish","type":"product","link":"https:\/\/vivbliss.com\/fr\/product\/racy-romance-lingerie-gown\/","title":{"rendered":"Robe de lingerie Racy Romance"},"content":{"rendered":"<p>Cette robe de lingerie longue romantique et rac\u00e9e pr\u00e9sente un buste en filet avec des appliques en dentelle, une jupe en dentelle \u00e0 motif unique, une fente lat\u00e9rale haute et un string assorti.<\/p>","protected":false},"excerpt":{"rendered":"<p>Cette robe de lingerie longue romantique et rac\u00e9e pr\u00e9sente un buste en filet avec des appliques en dentelle, une jupe en dentelle \u00e0 motif unique, une fente lat\u00e9rale haute et un string assorti.<\/p>","protected":false},"featured_media":41186,"template":"","meta":{"_acf_changed":false},"product_brand":[],"product_cat":[166],"product_tag":[],"class_list":{"0":"post-41182","1":"product","2":"type-product","3":"status-publish","4":"has-post-thumbnail","6":"product_cat-sheer-nightgown","8":"first","9":"instock","10":"sale","11":"shipping-taxable","12":"purchasable","13":"product-type-variable"},"acf":[],"_links":{"self":[{"href":"https:\/\/vivbliss.com\/fr\/wp-json\/wp\/v2\/product\/41182","targetHints":{"allow":["GET"]}}],"collection":[{"href":"https:\/\/vivbliss.com\/fr\/wp-json\/wp\/v2\/product"}],"about":[{"href":"https:\/\/vivbliss.com\/fr\/wp-json\/wp\/v2\/types\/product"}],"version-history":[{"count":1,"href":"https:\/\/vivbliss.com\/fr\/wp-json\/wp\/v2\/product\/41182\/revisions"}],"predecessor-version":[{"id":41843,"href":"https:\/\/vivbliss.com\/fr\/wp-json\/wp\/v2\/product\/41182\/revisions\/41843"}],"wp:featuredmedia":[{"embeddable":true,"href":"https:\/\/vivbliss.com\/fr\/wp-json\/wp\/v2\/media\/41186"}],"wp:attachment":[{"href":"https:\/\/vivbliss.com\/fr\/wp-json\/wp\/v2\/media?parent=41182"}],"wp:term":[{"taxonomy":"product_brand","embeddable":true,"href":"https:\/\/vivbliss.com\/fr\/wp-json\/wp\/v2\/product_brand?post=41182"},{"taxonomy":"product_cat","embeddable":true,"href":"https:\/\/vivbliss.com\/fr\/wp-json\/wp\/v2\/product_cat?post=41182"},{"taxonomy":"product_tag","embeddable":true,"href":"https:\/\/vivbliss.com\/fr\/wp-json\/wp\/v2\/product_tag?post=41182"}],"curies":[{"name":"wp","href":"https:\/\/api.w.org\/{rel}","templated":true}]}}