{"id":41095,"date":"2025-09-29T07:30:28","date_gmt":"2025-09-29T07:30:28","guid":{"rendered":"https:\/\/vivbliss.com\/product\/seamless-harness-net-chemise\/"},"modified":"2025-09-30T08:14:49","modified_gmt":"2025-09-30T08:14:49","slug":"chemise-en-filet-sans-couture","status":"publish","type":"product","link":"https:\/\/vivbliss.com\/fr\/product\/seamless-harness-net-chemise\/","title":{"rendered":"Chemise en filet sans couture"},"content":{"rendered":"<p>Cette nuisette sans couture en filet noir pr\u00e9sente un d\u00e9collet\u00e9 en harnais, des jarretelles attach\u00e9es et des bas.<\/p>","protected":false},"excerpt":{"rendered":"<p>Cette nuisette sans couture en filet noir pr\u00e9sente un d\u00e9collet\u00e9 en harnais, des jarretelles attach\u00e9es et des bas.<\/p>","protected":false},"featured_media":41096,"template":"","meta":{"_acf_changed":false},"product_brand":[],"product_cat":[161],"product_tag":[],"class_list":{"0":"post-41095","1":"product","2":"type-product","3":"status-publish","4":"has-post-thumbnail","6":"product_cat-mesh-lingerie","8":"first","9":"instock","10":"shipping-taxable","11":"purchasable","12":"product-type-simple"},"acf":[],"_links":{"self":[{"href":"https:\/\/vivbliss.com\/fr\/wp-json\/wp\/v2\/product\/41095","targetHints":{"allow":["GET"]}}],"collection":[{"href":"https:\/\/vivbliss.com\/fr\/wp-json\/wp\/v2\/product"}],"about":[{"href":"https:\/\/vivbliss.com\/fr\/wp-json\/wp\/v2\/types\/product"}],"version-history":[{"count":1,"href":"https:\/\/vivbliss.com\/fr\/wp-json\/wp\/v2\/product\/41095\/revisions"}],"predecessor-version":[{"id":41849,"href":"https:\/\/vivbliss.com\/fr\/wp-json\/wp\/v2\/product\/41095\/revisions\/41849"}],"wp:featuredmedia":[{"embeddable":true,"href":"https:\/\/vivbliss.com\/fr\/wp-json\/wp\/v2\/media\/41096"}],"wp:attachment":[{"href":"https:\/\/vivbliss.com\/fr\/wp-json\/wp\/v2\/media?parent=41095"}],"wp:term":[{"taxonomy":"product_brand","embeddable":true,"href":"https:\/\/vivbliss.com\/fr\/wp-json\/wp\/v2\/product_brand?post=41095"},{"taxonomy":"product_cat","embeddable":true,"href":"https:\/\/vivbliss.com\/fr\/wp-json\/wp\/v2\/product_cat?post=41095"},{"taxonomy":"product_tag","embeddable":true,"href":"https:\/\/vivbliss.com\/fr\/wp-json\/wp\/v2\/product_tag?post=41095"}],"curies":[{"name":"wp","href":"https:\/\/api.w.org\/{rel}","templated":true}]}}