{"id":38733,"date":"2025-09-18T09:05:18","date_gmt":"2025-09-18T09:05:18","guid":{"rendered":"https:\/\/vivbliss.com\/product\/clitoral-g-spot-rabbit-vibrator-for-couples\/"},"modified":"2025-09-18T09:05:48","modified_gmt":"2025-09-18T09:05:48","slug":"vibrateur-clitoridien-point-g-lapin-pour-couples","status":"publish","type":"product","link":"https:\/\/vivbliss.com\/fr\/product\/clitoral-g-spot-rabbit-vibrator-for-couples\/","title":{"rendered":"Vibrateur clitoridien point G Lapin pour les couples"},"content":{"rendered":"<img decoding=\"async\" src=\"https:\/\/vivbliss.com\/wp-content\/uploads\/2025\/09\/baoguo2_a4bee9c2-62ef-47ae-9a27-dd096630592c-2.jpg\" alt=\"Vibrateur lapin pour couples\" class=\"product-desc-image\" style=\"max-width: 100%; height: auto; display: block; margin: 10px auto;\" \/>\n<h2><strong>Tableau des tailles<\/strong><\/h2>\n<p>Taille : 9,5 cm * 8,3 cm * 6,0 cm<\/p>\n<ul>\n<li>Produits pour Adultes Double Shock Remote Wireless Remote Control Wearable Resonance Female Tiaodan Couple Sex Toys<\/li>\n<li>Vibrateur\/vibreurs pour femme<\/li>\n<li>\u00c9tanch\u00e9it\u00e9 : Imperm\u00e9able<\/li>\n<li>Alimentation : Chargement magn\u00e9tique USB<\/li>\n<\/ul>\n<p><img decoding=\"async\" src=\"https:\/\/vivbliss.com\/wp-content\/uploads\/2025\/09\/0ce251d5a4b10f08bec1c5f063e6b5b8.jpeg\" alt=\"Vibrateur lapin pour couples\" class=\"product-desc-image\" style=\"max-width: 100%; height: auto; display: block; margin: 10px auto;\" \/><img decoding=\"async\" src=\"https:\/\/vivbliss.com\/wp-content\/uploads\/2025\/09\/890d617fbb7f936b902794dec3e55be3.jpeg\" alt=\"Vibrateur lapin pour couples\" class=\"product-desc-image\" style=\"max-width: 100%; height: auto; display: block; margin: 10px auto;\" \/><img decoding=\"async\" src=\"https:\/\/vivbliss.com\/wp-content\/uploads\/2025\/09\/6dd5f5f828ed65ff502bc55582a45076.jpeg\" alt=\"Vibrateur lapin pour couples\" class=\"product-desc-image\" style=\"max-width: 100%; height: auto; display: block; margin: 10px auto;\" \/><img decoding=\"async\" src=\"https:\/\/vivbliss.com\/wp-content\/uploads\/2025\/09\/c4fd58f9bb7a629adf97b0022d7d8d24.jpeg\" alt=\"Vibrateur lapin pour couples\" class=\"product-desc-image\" style=\"max-width: 100%; height: auto; display: block; margin: 10px auto;\" \/><img decoding=\"async\" src=\"https:\/\/vivbliss.com\/wp-content\/uploads\/2025\/09\/a272f42ec8e96fa9939aa65ac8499d92.jpeg\" alt=\"Vibrateur lapin pour couples\" class=\"product-desc-image\" style=\"max-width: 100%; height: auto; display: block; margin: 10px auto;\" \/><img decoding=\"async\" src=\"https:\/\/vivbliss.com\/wp-content\/uploads\/2025\/09\/a0958712a1b863fcde54828ee92767c1.jpeg\" alt=\"Vibrateur lapin pour couples\" class=\"product-desc-image\" style=\"max-width: 100%; height: auto; display: block; margin: 10px auto;\" \/><\/p>","protected":false},"excerpt":{"rendered":"<p>Size Chart SIZE: 9.5 cm * 8.3 cm * 6.0 cm Adult Products Double Shock Remote Wireless Remote Control Wearable Resonance Female Tiaodan Couple Sex Toys Vibrator\/vibrators for woman Waterproof: Waterproof Power: USB Magnetic Charging<\/p>","protected":false},"featured_media":38735,"template":"","meta":{"_acf_changed":false},"product_brand":[],"product_cat":[1862],"product_tag":[],"class_list":{"0":"post-38733","1":"product","2":"type-product","3":"status-publish","4":"has-post-thumbnail","6":"product_cat-female-toys","8":"first","9":"instock","10":"sale","11":"shipping-taxable","12":"purchasable","13":"product-type-variable"},"acf":[],"_links":{"self":[{"href":"https:\/\/vivbliss.com\/fr\/wp-json\/wp\/v2\/product\/38733","targetHints":{"allow":["GET"]}}],"collection":[{"href":"https:\/\/vivbliss.com\/fr\/wp-json\/wp\/v2\/product"}],"about":[{"href":"https:\/\/vivbliss.com\/fr\/wp-json\/wp\/v2\/types\/product"}],"version-history":[{"count":0,"href":"https:\/\/vivbliss.com\/fr\/wp-json\/wp\/v2\/product\/38733\/revisions"}],"wp:featuredmedia":[{"embeddable":true,"href":"https:\/\/vivbliss.com\/fr\/wp-json\/wp\/v2\/media\/38735"}],"wp:attachment":[{"href":"https:\/\/vivbliss.com\/fr\/wp-json\/wp\/v2\/media?parent=38733"}],"wp:term":[{"taxonomy":"product_brand","embeddable":true,"href":"https:\/\/vivbliss.com\/fr\/wp-json\/wp\/v2\/product_brand?post=38733"},{"taxonomy":"product_cat","embeddable":true,"href":"https:\/\/vivbliss.com\/fr\/wp-json\/wp\/v2\/product_cat?post=38733"},{"taxonomy":"product_tag","embeddable":true,"href":"https:\/\/vivbliss.com\/fr\/wp-json\/wp\/v2\/product_tag?post=38733"}],"curies":[{"name":"wp","href":"https:\/\/api.w.org\/{rel}","templated":true}]}}