{"id":38351,"date":"2025-09-18T08:52:40","date_gmt":"2025-09-18T08:52:40","guid":{"rendered":"https:\/\/vivbliss.com\/product\/clitoris-sucking-vibrator-for-women-nipple-clit-vacuum-stimulator\/"},"modified":"2025-09-18T08:53:50","modified_gmt":"2025-09-18T08:53:50","slug":"vibrateur-de-succion-du-clitoris-pour-femmes-stimulateur-a-vide-du-mamelon-et-du-clitoris","status":"publish","type":"product","link":"https:\/\/vivbliss.com\/fr\/product\/clitoris-sucking-vibrator-for-women-nipple-clit-vacuum-stimulator\/","title":{"rendered":"Vibrateur suceur de clitoris pour femmes - Stimulateur \u00e0 vide pour mamelons et clitoris"},"content":{"rendered":"<img decoding=\"async\" src=\"https:\/\/vivbliss.com\/wp-content\/uploads\/2025\/09\/baoguo2_a584ae11-b077-4792-bafc-1b309edd12d9-3.jpg\" alt=\"Vibrateur \u00e0 succion clitoridienne\" class=\"product-desc-image\" style=\"max-width: 100%; height: auto; display: block; margin: 10px auto;\" \/>\n<h2>DESCRIPTION<\/h2>\n<p>\u2764 Caract\u00e9ristiques du produit :<\/p>\n<ol>\n<li>Vitesse \u00e9lev\u00e9e et modes de vibration multiples<\/li>\n<li>Utilisation \u00e0 double t\u00eate. forte aspiration. mode de vibration vibrateur. forte vibration. silencieux. pas d'interf\u00e9rence<\/li>\n<li>Facile d'obtenir un moment d'orgasme anal<\/li>\n<li>Chargement rapide par USB. Utilisation prolong\u00e9e<\/li>\n<\/ol>\n<p>\u2764 Liste des produits :<\/p>\n<ul>\n<li>Vibrateur \u00e0 succion *1<\/li>\n<li>Chargement par USB *1<\/li>\n<li>Manuel de l'utilisateur *1<\/li>\n<\/ul>\n<p><img decoding=\"async\" src=\"https:\/\/vivbliss.com\/wp-content\/uploads\/2025\/09\/0c4bd6131e3174400e70f19c237adc34.jpeg\" alt=\"Vibrateur \u00e0 succion clitoridienne\" class=\"product-desc-image\" style=\"max-width: 100%; height: auto; display: block; margin: 10px auto;\" \/><img decoding=\"async\" src=\"https:\/\/vivbliss.com\/wp-content\/uploads\/2025\/09\/c812285831251b33861a28ae690748e5.jpeg\" alt=\"Vibrateur \u00e0 succion clitoridienne\" class=\"product-desc-image\" style=\"max-width: 100%; height: auto; display: block; margin: 10px auto;\" \/><img decoding=\"async\" src=\"https:\/\/vivbliss.com\/wp-content\/uploads\/2025\/09\/a5bccea9f821388cf7dc24da1bc3facd.jpeg\" alt=\"Vibrateur \u00e0 succion clitoridienne\" class=\"product-desc-image\" style=\"max-width: 100%; height: auto; display: block; margin: 10px auto;\" \/><\/p>","protected":false},"excerpt":{"rendered":"<p>DESCRIPTION \u2764 Product Features: High speed and multiple vibration modes Double head use. strong suction. vibration mode vibrator. strong vibration. silent. no interference Easy to get anal orgasm moment USB fast charge. long time use \u2764 Product List: Sucking Vibrator *1 USB charging *1 User Manual *1<\/p>","protected":false},"featured_media":38352,"template":"","meta":{"_acf_changed":false},"product_brand":[],"product_cat":[1862],"product_tag":[],"class_list":{"0":"post-38351","1":"product","2":"type-product","3":"status-publish","4":"has-post-thumbnail","6":"product_cat-female-toys","8":"first","9":"instock","10":"sale","11":"shipping-taxable","12":"purchasable","13":"product-type-variable"},"acf":[],"_links":{"self":[{"href":"https:\/\/vivbliss.com\/fr\/wp-json\/wp\/v2\/product\/38351","targetHints":{"allow":["GET"]}}],"collection":[{"href":"https:\/\/vivbliss.com\/fr\/wp-json\/wp\/v2\/product"}],"about":[{"href":"https:\/\/vivbliss.com\/fr\/wp-json\/wp\/v2\/types\/product"}],"version-history":[{"count":0,"href":"https:\/\/vivbliss.com\/fr\/wp-json\/wp\/v2\/product\/38351\/revisions"}],"wp:featuredmedia":[{"embeddable":true,"href":"https:\/\/vivbliss.com\/fr\/wp-json\/wp\/v2\/media\/38352"}],"wp:attachment":[{"href":"https:\/\/vivbliss.com\/fr\/wp-json\/wp\/v2\/media?parent=38351"}],"wp:term":[{"taxonomy":"product_brand","embeddable":true,"href":"https:\/\/vivbliss.com\/fr\/wp-json\/wp\/v2\/product_brand?post=38351"},{"taxonomy":"product_cat","embeddable":true,"href":"https:\/\/vivbliss.com\/fr\/wp-json\/wp\/v2\/product_cat?post=38351"},{"taxonomy":"product_tag","embeddable":true,"href":"https:\/\/vivbliss.com\/fr\/wp-json\/wp\/v2\/product_tag?post=38351"}],"curies":[{"name":"wp","href":"https:\/\/api.w.org\/{rel}","templated":true}]}}