{"id":37990,"date":"2025-09-16T02:39:28","date_gmt":"2025-09-16T02:39:28","guid":{"rendered":"https:\/\/vivbliss.com\/product\/cock-ring-with-rose-clitoral-stimulation\/"},"modified":"2025-09-16T02:39:44","modified_gmt":"2025-09-16T02:39:44","slug":"cock-ring-avec-rose-stimulation-clitoridienne","status":"publish","type":"product","link":"https:\/\/vivbliss.com\/fr\/product\/cock-ring-with-rose-clitoral-stimulation\/","title":{"rendered":"Anneau de bite avec Rose Stimulation clitoridienne"},"content":{"rendered":"<h2>A propos de cet article<\/h2>\n<ul>\n<li>\u3010Vibrating Cock Ring with Multiple Stimulation\u3011This adult sex toys = one Men's Penis Rings Vibrators + one Clitoral Stimulator for Women. Un jouet sexuel combine les avantages des deux, et est \u00e9quip\u00e9 de deux moteurs silencieux et d'un double anneau souple, qui peut retarder la dur\u00e9e de l'acte sexuel, masser le scrotum, et en m\u00eame temps apporter une exp\u00e9rience stimulante du point C \u00e0 la partenaire<\/li>\n<li>\u3010Couples Sex Toy with Rose Clitoral Stimulator\u3011Avec son design unique de vibrateur en forme de rose, les anneaux de p\u00e9nis sont id\u00e9aux pour que les couples interagissent l'un avec l'autre : le double anneau retarde l'orgasme masculin, le p\u00e9tale de rose et les \u00e9tamines sur la partie sup\u00e9rieure du vibrateur acc\u00e9l\u00e8rent l'orgasme externe f\u00e9minin, et la partie inf\u00e9rieure du vibrateur masse le scrotum masculin. L'anneau vibrant permet aux hommes et aux femmes d'avoir des relations sexuelles r\u00e9guli\u00e8res dans le temps et de vivre une exp\u00e9rience agr\u00e9able.<\/li>\n<li>\u3010Dual Rings &amp; Dual Motor Design\u3011L'anneau p\u00e9nien vibrant est fabriqu\u00e9 en silicone souple de haute qualit\u00e9, de sorte que l'anneau est suffisamment extensible et flexible pour s'adapter \u00e0 la plupart des tailles et des positions. Le petit anneau int\u00e9rieur est utilis\u00e9 pour verrouiller le p\u00e9nis, et le grand anneau ext\u00e9rieur est utilis\u00e9 pour verrouiller le scrotum, une excellente exp\u00e9rience avec une double assurance. Ce jouet sexuel pour couple poss\u00e8de deux moteurs, un \u00e0 la t\u00eate et un \u00e0 la queue, ce qui permet d'obtenir d'excellents r\u00e9sultats lors des contacts avec les parties intimes.<\/li>\n<li>\u30109 Modes de vibration et contr\u00f4le APP Couple Sex Toys\u3011Ce jouet pour adultes vous fournit 9 modes de vibration classiques de base, pendant ce temps, vous pouvez d\u00e9bloquer plus de modes de vibration via l'application APP. Pour les couples ou le jeu en solo, il peut \u00eatre contr\u00f4l\u00e9 par l'utilisateur via l'application, vous pouvez ajuster les niveaux de vibration avec un simple glissement de doigt. Mode classique, mode sonore, mode musical, mode tactile... autant de fonctions inattendues \u00e0 d\u00e9couvrir.<\/li>\n<li>\u3010IPX6 Waterproof &amp; USB Magnetic Charging\u3011This couples sex toys use a full waterproof design, which can provide you more fun in the tub, and it is easy to clean too ! Le vibrateur de p\u00e9nis adopte le chargement magn\u00e9tique USB, qui peut \u00eatre charg\u00e9 rapidement et commod\u00e9ment. Vous pouvez profiter d'un plaisir sexuel de 60 minutes apr\u00e8s 90 minutes de charge.<\/li>\n<li>\u3010Mat\u00e9riel sans danger pour le corps et emballage discret\u3011L'anneau de bite vibrant est fabriqu\u00e9 en silicone de haute qualit\u00e9, doux et soyeux au toucher, flexible, pas rigide. Si vous rencontrez des probl\u00e8mes avec ce couple de jouets sexuels, veuillez nous contacter gratuitement. Tous les jouets pour adultes Jrueden sont emball\u00e9s dans une bo\u00eete discr\u00e8te pour prot\u00e9ger votre vie priv\u00e9e. Ce jouet adulte ne peut \u00eatre utilis\u00e9 que par des personnes \u00e2g\u00e9es de plus de 18 ans.<\/li>\n<\/ul>","protected":false},"excerpt":{"rendered":"<p>About this item \u3010Vibrating Cock Ring with Multiple Stimulation\u3011This adult sex toys = one Men&#8217;s Penis Rings Vibrators + one Clitoral Stimulator for Women. One sex toy combines the advantages of both, and is equipped with dual silent motors and a flexible soft double-ring, which can delay the duration of sex, massage the scrotum, and at the same time bring a stimulating C-spot experience to the partner \u3010Couples Sex Toy with Rose Clitoral Stimulator\u3011With its unique rose-shaped vibrator design, the penis rings are ideal for couples to interact with each other: the double ring delays the male orgasm, the rose petal and stamens on the upper part of the vibrator accelerates the female external orgasm, and the lower part of the vibrator massages the male scrotum. The vibrator ring will make sex between men and women consistent in time and have a pleasant experience at the same time \u3010Dual Rings &amp; Dual Motor Design\u3011The vibrating penis ring is made of high quality soft silicone, so the ring is stretchy and flexible enough to fit most sizes and positions. The small\/inner ring is used to lock the penis, and the bigger\/outer ring is used to lock the scrotum, an excellent experience with double insurance. This couple sex toys have two motors, one at the head and one at the tail, which can bring excellent results when touching the private parts \u30109 Vibration Modes &amp; APP Control Couple Sex Toys\u3011This adult toy provides you with 9 basic classic vibration modes, meanwhile, you can unlock more vibration modes through the APP application. For couples or solo play, it can be controlled by the user via the app, you can adjust the vibration levels with just a finger swipe. Classic mode, Sound mode, Music mode, Touch mode&#8230;plenty of unexpected features for you to explore \u3010IPX6 Waterproof &amp; USB Magnetic Charging\u3011This couples sex toys use a full waterproof design, which can provide you more fun in the tub, and it is easy to clean too! The penis vibrator adopts USB magnetic charging, which can be charged quickly and conveniently. You can enjoy a 60 -minute sexual pleasure after 90 -minute of charging \u3010Body-safe Material &amp; Discreet Package\u3011The cock ring vibrator is made of high-quality silicone, soft and silky to the touch , flexible, not stiff. If you meet any problems with this couple sex toys, please contact us for free. All Jrueden adult toys are packaged in a discreet box to protect your privacy. Only over 18 years old can use this adult toy<\/p>","protected":false},"featured_media":37991,"template":"","meta":{"_acf_changed":false},"product_brand":[],"product_cat":[1892],"product_tag":[],"class_list":{"0":"post-37990","1":"product","2":"type-product","3":"status-publish","4":"has-post-thumbnail","6":"product_cat-couple-toys","8":"first","9":"instock","10":"shipping-taxable","11":"purchasable","12":"product-type-simple"},"acf":[],"_links":{"self":[{"href":"https:\/\/vivbliss.com\/fr\/wp-json\/wp\/v2\/product\/37990","targetHints":{"allow":["GET"]}}],"collection":[{"href":"https:\/\/vivbliss.com\/fr\/wp-json\/wp\/v2\/product"}],"about":[{"href":"https:\/\/vivbliss.com\/fr\/wp-json\/wp\/v2\/types\/product"}],"version-history":[{"count":0,"href":"https:\/\/vivbliss.com\/fr\/wp-json\/wp\/v2\/product\/37990\/revisions"}],"wp:featuredmedia":[{"embeddable":true,"href":"https:\/\/vivbliss.com\/fr\/wp-json\/wp\/v2\/media\/37991"}],"wp:attachment":[{"href":"https:\/\/vivbliss.com\/fr\/wp-json\/wp\/v2\/media?parent=37990"}],"wp:term":[{"taxonomy":"product_brand","embeddable":true,"href":"https:\/\/vivbliss.com\/fr\/wp-json\/wp\/v2\/product_brand?post=37990"},{"taxonomy":"product_cat","embeddable":true,"href":"https:\/\/vivbliss.com\/fr\/wp-json\/wp\/v2\/product_cat?post=37990"},{"taxonomy":"product_tag","embeddable":true,"href":"https:\/\/vivbliss.com\/fr\/wp-json\/wp\/v2\/product_tag?post=37990"}],"curies":[{"name":"wp","href":"https:\/\/api.w.org\/{rel}","templated":true}]}}