{"id":37967,"date":"2025-09-16T02:38:44","date_gmt":"2025-09-16T02:38:44","guid":{"rendered":"https:\/\/vivbliss.com\/product\/penis-ring-tongue-design-with-9-vibration-modes\/"},"modified":"2025-09-16T02:38:58","modified_gmt":"2025-09-16T02:38:58","slug":"anneau-de-penis-avec-9-modes-de-vibration","status":"publish","type":"product","link":"https:\/\/vivbliss.com\/fr\/product\/penis-ring-tongue-design-with-9-vibration-modes\/","title":{"rendered":"Anneau p\u00e9nien avec langue et 9 modes de vibration"},"content":{"rendered":"<h2>A propos de cet article<\/h2>\n<ul>\n<li>\u3010Great Couple Sex Toys\u3011 Cet anneau p\u00e9nien vibrant rend le p\u00e9nis masculin plus dur et plus fort. La langue peut stimuler le clitoris, le mamelon ou d'autres zones sensibles de la femme, convenant aux couples \u00e0 utiliser ensemble.<\/li>\n<li>\u30109 Modes de vibration puissants\u3011 Le vibromasseur d'anneau de bite a deux moteurs puissants pour fournir 9 fr\u00e9quences de vibration, choisissez celle qui vous convient et dites adieu \u00e0 l'anneau de p\u00e9nis traditionnel.<\/li>\n<li>\u3010Upgrade APP Remote Control\u3011 (t\u00e9l\u00e9commande APP) Gr\u00e2ce \u00e0 l'APP, vous pouvez contr\u00f4ler ce vibrateur pour couple \u00e0 travers tout le pays. L'APP fournit 6 modes, vous pouvez \u00e9galement profiter des appels vid\u00e9o, de la musique et de beaucoup d'autres plaisirs.<\/li>\n<li>\u3010Big Mouth Cockring\u3011 Contrairement \u00e0 la forme ronde traditionnelle, la forme de la bouche attirera votre attention. Le design unique de la langue peut soit frotter les testicules, soit \u00eatre utilis\u00e9 comme stimulateur clitoridien pour les femmes. Diff\u00e9rents styles de port apporteront diff\u00e9rentes exp\u00e9riences.<\/li>\n<li>\u3010IPX7 Waterproof &amp; USB Recharge\u3011 Ce vibrateur masculin est \u00e9tanche IPX7 et facile \u00e0 nettoyer apr\u00e8s utilisation. Et il est rechargeable par USB, compatible avec une large gamme d'appareils, 1,5 heures de charge et jusqu'\u00e0 1 heure d'utilisation.<\/li>\n<li>\u3010Mat\u00e9riau doux et extensible et taille appropri\u00e9e\u3011 Fabriqu\u00e9 en silicone extensible et ABS, ce sex toys pour homme est flexible et peut facilement s'\u00e9tirer \u00e0 la taille appropri\u00e9e, convenant \u00e0 la plupart des hommes.<\/li>\n<li>\u3010Low Noise Design\u3011 (Conception \u00e0 faible bruit) Le niveau sonore de ce vibrateur de p\u00e9nis est con\u00e7u pour \u00eatre inf\u00e9rieur \u00e0 50 d\u00e9cibels. Vous pouvez l'utiliser sans craindre qu'il ne nuise \u00e0 la bonne ambiance.<\/li>\n<li>\u3010Emballage discret et jouets sexuels pour lui\u3011 L'anneau de bite vibrant sera emball\u00e9 dans une bo\u00eete discr\u00e8te pour assurer votre vie priv\u00e9e. Comme un cadeau pour celui que vous aimez, ce jouet sexuel adulte est \u00e9galement un excellent choix !<\/li>\n<\/ul>","protected":false},"excerpt":{"rendered":"<p>About this item \u3010Great Couple Sex Toys\u3011 This vibrating penis ring makes the male penis harder and stronger. The tongue can stimulate the clitoral, nipple, or other sensitive area of the female, suitable for couples to use together. \u30109 Powerful Vibration Modes\u3011 The cock ring vibrator has two powerful motors to provide 9 vibration frequencies, choose the one that suits you and say goodbye to the traditional penis ring. \u3010Upgrade APP Remote Control\u3011 Through APP you can realize cross-country control of this couple vibrator. APP provides 6 modes, you can also enjoy video call, music and many other fun. \u3010Big Mouth Cockring\u3011 Unlike the traditional round shape, the mouth shape will get your attention. The unique tongue design can either rub the testicles or be used as a clitoral stimulator for women. Different wearing styles will bring different experiences. \u3010IPX7 Waterproof &amp; USB Recharge\u3011 This male vibrator is IPX7 waterproof and easy to clean after use. And it is USB charging, compatible with a wide range of devices, 1.5 hours charge and up to 1 hour of use. \u3010Soft Stretchy Material &amp; Suitable Size\u3011 Made from soft stretch silicone and ABS, this mens sex toys is flexible and can easily stretch to the appropriate size, suitable for most men. \u3010Low Noise Design\u3011 The noise level of this penis vibrator is designed to be less than 50 decibels. You can use it without worry that it will damage the good atmosphere. \u3010Discreet Packing &amp; Sex Toys for Him\u3011 The cock ring vibrating will be packaged in a discreet box to ensure your privacy. As a gift for the one you love, this adult sex toy is also a great choice!<\/p>","protected":false},"featured_media":37968,"template":"","meta":{"_acf_changed":false},"product_brand":[],"product_cat":[1892],"product_tag":[],"class_list":{"0":"post-37967","1":"product","2":"type-product","3":"status-publish","4":"has-post-thumbnail","6":"product_cat-couple-toys","8":"first","9":"instock","10":"shipping-taxable","11":"purchasable","12":"product-type-simple"},"acf":[],"_links":{"self":[{"href":"https:\/\/vivbliss.com\/fr\/wp-json\/wp\/v2\/product\/37967","targetHints":{"allow":["GET"]}}],"collection":[{"href":"https:\/\/vivbliss.com\/fr\/wp-json\/wp\/v2\/product"}],"about":[{"href":"https:\/\/vivbliss.com\/fr\/wp-json\/wp\/v2\/types\/product"}],"version-history":[{"count":0,"href":"https:\/\/vivbliss.com\/fr\/wp-json\/wp\/v2\/product\/37967\/revisions"}],"wp:featuredmedia":[{"embeddable":true,"href":"https:\/\/vivbliss.com\/fr\/wp-json\/wp\/v2\/media\/37968"}],"wp:attachment":[{"href":"https:\/\/vivbliss.com\/fr\/wp-json\/wp\/v2\/media?parent=37967"}],"wp:term":[{"taxonomy":"product_brand","embeddable":true,"href":"https:\/\/vivbliss.com\/fr\/wp-json\/wp\/v2\/product_brand?post=37967"},{"taxonomy":"product_cat","embeddable":true,"href":"https:\/\/vivbliss.com\/fr\/wp-json\/wp\/v2\/product_cat?post=37967"},{"taxonomy":"product_tag","embeddable":true,"href":"https:\/\/vivbliss.com\/fr\/wp-json\/wp\/v2\/product_tag?post=37967"}],"curies":[{"name":"wp","href":"https:\/\/api.w.org\/{rel}","templated":true}]}}