{"id":37944,"date":"2025-09-16T02:37:45","date_gmt":"2025-09-16T02:37:45","guid":{"rendered":"https:\/\/vivbliss.com\/product\/3-in-1-vibrating-rose-penis-ring-with-10-vibration\/"},"modified":"2025-09-16T02:38:27","modified_gmt":"2025-09-16T02:38:27","slug":"anneau-de-penis-rose-vibrant-3-en-1-avec-10-vibrations","status":"publish","type":"product","link":"https:\/\/vivbliss.com\/fr\/product\/3-in-1-vibrating-rose-penis-ring-with-10-vibration\/","title":{"rendered":"Anneau de p\u00e9nis rose vibrant 3 EN 1 avec 10 vibrations"},"content":{"rendered":"<ul>\n<li>\u30103 in 1 Rose Penis Ring Vibrator\u3011Le design unique de la rose est la plus grande caract\u00e9ristique de cet anneau de bite. En le mettant sur le p\u00e9nis, le p\u00e9tale de rose et les \u00e9tamines peuvent mieux stimuler votre partenaire, le moteur puissant sur la tige du p\u00e9nis peut stimuler votre p\u00e9nis et le point G de votre partenaire, vous donnant \u00e0 vous et \u00e0 votre partenaire l'exp\u00e9rience de la passion la plus extr\u00eame.<\/li>\n<li>\u3010Dual Motors Design &amp; 10*10 Vibration Patterns Vibrating Cock Ring\u3011This penis vibrator sex toy is paired with 2 high -frequency mute motors, which can stimulate G points, clitoris and penis separately. Chaque moteur a 10 modes de vibration diff\u00e9rents et peut \u00eatre contr\u00f4l\u00e9 s\u00e9par\u00e9ment par la t\u00e9l\u00e9commande, ce qui peut vous donner \u00e0 vous et \u00e0 votre partenaire des sentiments d'exp\u00e9rience exclusifs<\/li>\n<li>\u3010Rose Sex Toy with Remote Control &amp; USB Magnetic Charging\u3011Adoptez une approche plus d\u00e9tendue, laissez la t\u00e9l\u00e9commande prendre le contr\u00f4le de ce vibromasseur d'anneau de bite et r\u00e9glez les 10*10 mod\u00e8les de vibration respectivement. Les jouets sexuels pour couples adoptent le chargement magn\u00e9tique USB, qui peut \u00eatre charg\u00e9 rapidement et commod\u00e9ment. Vous pouvez profiter d'un plaisir sexuel de 50 minutes apr\u00e8s 2 heures de charge.<\/li>\n<li>\u3010Body-safe Material &amp; Whisper Quiet Design\u3011L'anneau de bite vibrant est fabriqu\u00e9 en silicone de haute qualit\u00e9, doux et soyeux au toucher, flexible, pas rigide. Il est associ\u00e9 \u00e0 un moteur muet \u00e0 haute fr\u00e9quence, le d\u00e9cibel de bruit est inhib\u00e9 \u00e0 50dB sans s'inqui\u00e9ter du son. C'est un cadeau pour votre partenaire.<\/li>\n<li>\u3010IPX7 Waterproof &amp; Discreet Package\u3011This couple sex toy uses a full waterproof design, which can provide you more fun in the tub, and it is easy to clean too ! Tous les jouets sexuels pour adultes sont emball\u00e9s dans une bo\u00eete discr\u00e8te pour prot\u00e9ger votre vie priv\u00e9e. Ce jouet pour adultes ne peut \u00eatre utilis\u00e9 que par des personnes \u00e2g\u00e9es de plus de 18 ans.<\/li>\n<\/ul>","protected":false},"excerpt":{"rendered":"<p>\u30103 in 1 Rose Penis Ring Vibrator\u3011The unique rose design is the biggest feature of this cock ring. Put it on the penis, the rose petal and stamens can better stimulate your partner, powerful motor on the penis shaft can stimulate the your penis and the g-spot of your partner, giving you and your partner the most extreme passion experience \u3010Dual Motors Design &amp; 10*10 Vibration Patterns Vibrating Cock Ring\u3011This penis vibrator sex toy is paired with 2 high -frequency mute motors, which can stimulate G points, clitoris and penis separately. Each motor has 10 different vibration modes and can be controlled separately by the remote control, which can give you and your partner exclusive experience feelings \u3010Rose Sex Toy with Remote Control &amp; USB Magnetic Charging\u3011Take a more relaxed approach, let the remote take control this cock ring vibrator and adjust the 10*10 vibration patterns respectively. The couples sex toys adopt USB magnetic charging, which can be charged quickly and conveniently. You can enjoy a 50 -minute sexual pleasure after 2 hours of charging \u3010Body-safe Material &amp; Whisper Quiet Design\u3011The cock ring vibrating is made of high-quality silicone, soft and silky to the touch , flexible, not stiff. It&#8217;s paired with high -frequency mute motor, the noise decibel is inhibited to 50dB without worrying about the sound. Take it as a gift for your partner \u3010IPX7 Waterproof &amp; Discreet Package\u3011This couple sex toy uses a full waterproof design, which can provide you more fun in the tub, and it is easy to clean too! All adult sex toys are packaged in a discreet box to protect your privacy. Only over 18 years old can use this adult toy<\/p>","protected":false},"featured_media":37946,"template":"","meta":{"_acf_changed":false},"product_brand":[],"product_cat":[1892],"product_tag":[],"class_list":{"0":"post-37944","1":"product","2":"type-product","3":"status-publish","4":"has-post-thumbnail","6":"product_cat-couple-toys","8":"first","9":"instock","10":"sale","11":"shipping-taxable","12":"purchasable","13":"product-type-variable"},"acf":[],"_links":{"self":[{"href":"https:\/\/vivbliss.com\/fr\/wp-json\/wp\/v2\/product\/37944","targetHints":{"allow":["GET"]}}],"collection":[{"href":"https:\/\/vivbliss.com\/fr\/wp-json\/wp\/v2\/product"}],"about":[{"href":"https:\/\/vivbliss.com\/fr\/wp-json\/wp\/v2\/types\/product"}],"version-history":[{"count":0,"href":"https:\/\/vivbliss.com\/fr\/wp-json\/wp\/v2\/product\/37944\/revisions"}],"wp:featuredmedia":[{"embeddable":true,"href":"https:\/\/vivbliss.com\/fr\/wp-json\/wp\/v2\/media\/37946"}],"wp:attachment":[{"href":"https:\/\/vivbliss.com\/fr\/wp-json\/wp\/v2\/media?parent=37944"}],"wp:term":[{"taxonomy":"product_brand","embeddable":true,"href":"https:\/\/vivbliss.com\/fr\/wp-json\/wp\/v2\/product_brand?post=37944"},{"taxonomy":"product_cat","embeddable":true,"href":"https:\/\/vivbliss.com\/fr\/wp-json\/wp\/v2\/product_cat?post=37944"},{"taxonomy":"product_tag","embeddable":true,"href":"https:\/\/vivbliss.com\/fr\/wp-json\/wp\/v2\/product_tag?post=37944"}],"curies":[{"name":"wp","href":"https:\/\/api.w.org\/{rel}","templated":true}]}}