{"id":37915,"date":"2025-09-16T02:36:40","date_gmt":"2025-09-16T02:36:40","guid":{"rendered":"https:\/\/vivbliss.com\/product\/3-in-1-vibrating-penis-ring-for-massage-clitoral-delayed-ejaculation-stimulation\/"},"modified":"2025-09-16T02:37:00","modified_gmt":"2025-09-16T02:37:00","slug":"anneau-penien-vibrant-3-en-1-pour-massage-clitoridien-stimulation-retardee-de-lejaculation","status":"publish","type":"product","link":"https:\/\/vivbliss.com\/fr\/product\/3-in-1-vibrating-penis-ring-for-massage-clitoral-delayed-ejaculation-stimulation\/","title":{"rendered":"Anneau vibrant 3-en-1 pour massage, stimulation clitoridienne et \u00e9jaculation retard\u00e9e"},"content":{"rendered":"<p><strong>Description<\/strong><br \/>1. 100% neuf, livraison rapide, utilisable et v\u00e9rifi\u00e9 avec soin avant l'envoi.<br \/>2. Tous les produits sont fabriqu\u00e9s \u00e0 partir de mat\u00e9riaux de qualit\u00e9 m\u00e9dicale, s\u00e9curit\u00e9 100%, sans danger pour le corps (il est normal que vous sentiez une l\u00e9g\u00e8re odeur lorsque vous ouvrez le produit pour la premi\u00e8re fois, veuillez le nettoyer et le s\u00e9cher naturellement).<br \/>3. Si vous avez des questions sur les jouets sexuels, n'h\u00e9sitez pas \u00e0 nous demander de l'aide. Nous vous proposerons la meilleure solution dans les 24 heures.<\/p>\n<p>Nom du produit : Vibrateur anneau de p\u00e9nis<br \/>Type : Jouet sexuel pour homme<br \/>Couleur : noir, bleu<br \/>Mat\u00e9riau : Silicone de qualit\u00e9 m\u00e9dicale + ABS<br \/>Temps de charge : 2 heures<br \/>Temps d'utilisation : 1 heure<br \/>Taille parfaite : 110*46mm<br \/>Poids brut : 100g<br \/>Alimentation : Batterie lithium int\u00e9gr\u00e9e rechargeable<\/p>\n<p><img decoding=\"async\" src=\"https:\/\/vivbliss.com\/wp-content\/uploads\/2025\/09\/Sff926095a994452bb1239ad8c834915fd.webp\" alt=\"Image du produit\" class=\"product-desc-image\" style=\"max-width: 100%; height: auto; display: block; margin: 10px auto;\" \/><img decoding=\"async\" src=\"https:\/\/vivbliss.com\/wp-content\/uploads\/2025\/09\/Sc0f25de7b5d24beaa66727169c1ae7cao.webp\" alt=\"Image du produit\" class=\"product-desc-image\" style=\"max-width: 100%; height: auto; display: block; margin: 10px auto;\" \/><img decoding=\"async\" src=\"https:\/\/vivbliss.com\/wp-content\/uploads\/2025\/09\/S9264ef204a1342a08f191f1e006b2a15r.webp\" alt=\"Image du produit\" class=\"product-desc-image\" style=\"max-width: 100%; height: auto; display: block; margin: 10px auto;\" \/><img decoding=\"async\" src=\"https:\/\/vivbliss.com\/wp-content\/uploads\/2025\/09\/Sb3939a61827d4b8490cc79a20562f6bbO.webp\" alt=\"Image du produit\" class=\"product-desc-image\" style=\"max-width: 100%; height: auto; display: block; margin: 10px auto;\" \/><img decoding=\"async\" src=\"https:\/\/vivbliss.com\/wp-content\/uploads\/2025\/09\/Se1fca8a6e4c94f7085acbf074e82ad30B.webp\" alt=\"Image du produit\" class=\"product-desc-image\" style=\"max-width: 100%; height: auto; display: block; margin: 10px auto;\" \/><\/p>","protected":false},"excerpt":{"rendered":"<p>Description1. 100% brand new, Fast delivery workable and checked carefully before sending out.2. All products are made of Medical grade material, 100% safety, harmless to the body (It is normal that you smell slight odor when first open, Please clean it and dry it naturally.)3. If you have any questions about the sex toys, don&#8217;t hesitate to ask for help. We would offer the best solution for you in 24 hours. Product Name: Penis ring vibratorType: Sex toy for manColor: Black, blueMaterial: Medical grade silicone + ABSCharging Time: 2 HoursUsing Time: 1 HourPerfect Size: 110*46mmGross Weight: 100gPower supply: Rechargeable Built-in lithium battery<\/p>","protected":false},"featured_media":37916,"template":"","meta":{"_acf_changed":false},"product_brand":[],"product_cat":[1892],"product_tag":[],"class_list":{"0":"post-37915","1":"product","2":"type-product","3":"status-publish","4":"has-post-thumbnail","6":"product_cat-couple-toys","8":"first","9":"instock","10":"shipping-taxable","11":"purchasable","12":"product-type-simple"},"acf":[],"_links":{"self":[{"href":"https:\/\/vivbliss.com\/fr\/wp-json\/wp\/v2\/product\/37915","targetHints":{"allow":["GET"]}}],"collection":[{"href":"https:\/\/vivbliss.com\/fr\/wp-json\/wp\/v2\/product"}],"about":[{"href":"https:\/\/vivbliss.com\/fr\/wp-json\/wp\/v2\/types\/product"}],"version-history":[{"count":0,"href":"https:\/\/vivbliss.com\/fr\/wp-json\/wp\/v2\/product\/37915\/revisions"}],"wp:featuredmedia":[{"embeddable":true,"href":"https:\/\/vivbliss.com\/fr\/wp-json\/wp\/v2\/media\/37916"}],"wp:attachment":[{"href":"https:\/\/vivbliss.com\/fr\/wp-json\/wp\/v2\/media?parent=37915"}],"wp:term":[{"taxonomy":"product_brand","embeddable":true,"href":"https:\/\/vivbliss.com\/fr\/wp-json\/wp\/v2\/product_brand?post=37915"},{"taxonomy":"product_cat","embeddable":true,"href":"https:\/\/vivbliss.com\/fr\/wp-json\/wp\/v2\/product_cat?post=37915"},{"taxonomy":"product_tag","embeddable":true,"href":"https:\/\/vivbliss.com\/fr\/wp-json\/wp\/v2\/product_tag?post=37915"}],"curies":[{"name":"wp","href":"https:\/\/api.w.org\/{rel}","templated":true}]}}