{"id":37723,"date":"2025-09-16T02:06:04","date_gmt":"2025-09-16T02:06:04","guid":{"rendered":"https:\/\/vivbliss.com\/product\/lesbian-strap-on-dildo-vibrator-double-ended-with-remote-control\/"},"modified":"2025-09-16T02:06:31","modified_gmt":"2025-09-16T02:06:31","slug":"gode-vibrant-lesbien-a-double-extremite-avec-telecommande","status":"publish","type":"product","link":"https:\/\/vivbliss.com\/fr\/product\/lesbian-strap-on-dildo-vibrator-double-ended-with-remote-control\/","title":{"rendered":"Gode vibrant lesbien \u00e0 double extr\u00e9mit\u00e9 avec t\u00e9l\u00e9commande"},"content":{"rendered":"<p><strong>Sp\u00e9cifications<\/strong><\/p>\n<p><strong>Nom du produit :<\/strong> Lesbian Strap-on Dildo Vibrator Double-ended Dildo With Remote Control<\/p>\n<p><strong>Mat\u00e9riau<\/strong>: Sillicone + ABS<\/p>\n<p><strong>Source d'\u00e9nergie<\/strong>: Rechargeable<\/p>\n<p><strong>Niveau d'\u00e9tanch\u00e9it\u00e9 :<\/strong> \u00c9tanch\u00e9it\u00e9 quotidienne<\/p>\n<p><strong>Fonction :<\/strong> Vibrations \u00e0 10 fr\u00e9quences<\/p>\n<p><strong>Le bruit :<\/strong> &lt;55dB<\/p>\n<p><strong>Caract\u00e9ristiques principales<\/strong><\/p>\n<p><strong>Gode \u00e0 double extr\u00e9mit\u00e9 pour un plaisir discret<\/strong><\/p>\n<p>Con\u00e7u pour les couples lesbiens, il comprend deux godes de tailles diff\u00e9rentes : le grand gode de 6,4 pouces pour satisfaire votre partenaire, et le petit gode de 3,4 pouces pour vous stimuler vous-m\u00eame.<\/p>\n<p><strong>10 modes de vibration pour une stimulation personnalis\u00e9e<\/strong><\/p>\n<p>Ce gode \u00e0 double extr\u00e9mit\u00e9 vibre aux deux extr\u00e9mit\u00e9s et dispose de 10 modes de vibration pour vous offrir, \u00e0 vous et \u00e0 votre partenaire, des stimulations diff\u00e9rentes.<\/p>\n<p><strong>Imperm\u00e9able pour un jeu polyvalent<\/strong><\/p>\n<p>Enti\u00e8rement \u00e9tanche, le gode vibrant peut \u00eatre utilis\u00e9 en toute s\u00e9curit\u00e9 sous la douche ou dans le bain, ce qui \u00e9largit les possibilit\u00e9s d'exp\u00e9riences agr\u00e9ables.<\/p>\n<p><img decoding=\"async\" src=\"https:\/\/vivbliss.com\/wp-content\/uploads\/2025\/09\/cc1f706f-4d0f-451b-a9e0-20748d643c00.__CR001464600_PT0_SX1464_V1___.jpg\" alt=\"strao sur gode\" class=\"product-desc-image\" style=\"max-width: 100%; height: auto; display: block; margin: 10px auto;\" \/><img decoding=\"async\" src=\"https:\/\/vivbliss.com\/wp-content\/uploads\/2025\/09\/80755dcd-4c2e-4fc5-8931-3d3707f6d77a.__CR001464600_PT0_SX1464_V1___.jpg\" alt=\"gode \u00e0 sangle\" class=\"product-desc-image\" style=\"max-width: 100%; height: auto; display: block; margin: 10px auto;\" \/><img decoding=\"async\" src=\"https:\/\/vivbliss.com\/wp-content\/uploads\/2025\/09\/1b2a60bd-c4bf-46c5-abff-c2267d6d86f8.__CR001464600_PT0_SX1464_V1___.jpg\" alt=\"gode \u00e0 sangle\" class=\"product-desc-image\" style=\"max-width: 100%; height: auto; display: block; margin: 10px auto;\" \/><img decoding=\"async\" src=\"https:\/\/vivbliss.com\/wp-content\/uploads\/2025\/09\/5abefcca-ac24-4fe7-b1cb-655d9c7bacd3.__CR001464600_PT0_SX1464_V1___.jpg\" alt=\"gode \u00e0 sangle\" class=\"product-desc-image\" style=\"max-width: 100%; height: auto; display: block; margin: 10px auto;\" \/><img decoding=\"async\" src=\"https:\/\/vivbliss.com\/wp-content\/uploads\/2025\/09\/17e86cae-413b-4b17-8a2e-7212bf6d3a9a.__CR001464600_PT0_SX1464_V1___.jpg\" alt=\"godemich\u00e9\" class=\"product-desc-image\" style=\"max-width: 100%; height: auto; display: block; margin: 10px auto;\" \/><img decoding=\"async\" src=\"https:\/\/vivbliss.com\/wp-content\/uploads\/2025\/09\/1a8a2efc-1e5e-4efb-a69a-565a627f6529.__CR001464600_PT0_SX1464_V1___.jpg\" alt=\"gode \u00e0 sangle\" class=\"product-desc-image\" style=\"max-width: 100%; height: auto; display: block; margin: 10px auto;\" \/><\/p>","protected":false},"excerpt":{"rendered":"<p>Specifications Product Name: Lesbian Strap-on Dildo Vibrator Double-ended Dildo With Remote Control Material: Sillicone + ABS Power Source: Rechargeable Waterproof level: Daily Waterproof Function: 10-frequency vibration Noise: &lt;55dB Key Features Double-ended Dildo Design for Discreet Pleasure Designed for lesbian couples, It has two different sized dildos, the big one is 6.4 inches to satisfy your partner, and the small one is 3.4 inches to stimulate yourself. 10 Vibration Modes for Customized Stimulation This double ended dildo vibrates at both ends and has 10 vibration modes to give you and your partner different stimulation.You can enjoy synchronized stimulation with your partner and even reach high at the same time. Waterproof for Versatile Play Fully waterproof, the dildo vibrator can be safely used in the shower or bath, expanding your possibilities for pleasurable experiences.<\/p>","protected":false},"featured_media":37724,"template":"","meta":{"_acf_changed":false},"product_brand":[],"product_cat":[1892],"product_tag":[],"class_list":{"0":"post-37723","1":"product","2":"type-product","3":"status-publish","4":"has-post-thumbnail","6":"product_cat-couple-toys","8":"first","9":"instock","10":"shipping-taxable","11":"purchasable","12":"product-type-variable"},"acf":[],"_links":{"self":[{"href":"https:\/\/vivbliss.com\/fr\/wp-json\/wp\/v2\/product\/37723","targetHints":{"allow":["GET"]}}],"collection":[{"href":"https:\/\/vivbliss.com\/fr\/wp-json\/wp\/v2\/product"}],"about":[{"href":"https:\/\/vivbliss.com\/fr\/wp-json\/wp\/v2\/types\/product"}],"version-history":[{"count":0,"href":"https:\/\/vivbliss.com\/fr\/wp-json\/wp\/v2\/product\/37723\/revisions"}],"wp:featuredmedia":[{"embeddable":true,"href":"https:\/\/vivbliss.com\/fr\/wp-json\/wp\/v2\/media\/37724"}],"wp:attachment":[{"href":"https:\/\/vivbliss.com\/fr\/wp-json\/wp\/v2\/media?parent=37723"}],"wp:term":[{"taxonomy":"product_brand","embeddable":true,"href":"https:\/\/vivbliss.com\/fr\/wp-json\/wp\/v2\/product_brand?post=37723"},{"taxonomy":"product_cat","embeddable":true,"href":"https:\/\/vivbliss.com\/fr\/wp-json\/wp\/v2\/product_cat?post=37723"},{"taxonomy":"product_tag","embeddable":true,"href":"https:\/\/vivbliss.com\/fr\/wp-json\/wp\/v2\/product_tag?post=37723"}],"curies":[{"name":"wp","href":"https:\/\/api.w.org\/{rel}","templated":true}]}}