{"id":36366,"date":"2025-09-13T03:55:03","date_gmt":"2025-09-13T03:55:03","guid":{"rendered":"https:\/\/vivbliss.com\/product\/roman-9-frequency-tongue-licking-rose-toy\/"},"modified":"2025-09-13T03:55:24","modified_gmt":"2025-09-13T03:55:24","slug":"roman-9-frequence-langue-lechage-rose-jouet","status":"publish","type":"product","link":"https:\/\/vivbliss.com\/fr\/product\/roman-9-frequency-tongue-licking-rose-toy\/","title":{"rendered":"Roman 9 Fr\u00e9quence Jouet Rose \u00e0 l\u00e9cher la langue"},"content":{"rendered":"<p>Fr\u00e9quence de vibration : vibration \u00e0 9 fr\u00e9quences + balancement de la langue \u00e0 9 fr\u00e9quences<\/p>\n<p>Mat\u00e9riau principal : silicone m\u00e9dical + ABS + pi\u00e8ces de placage<\/p>\n<p>Bruit maximal : \u226454dB<\/p>\n<p>R\u00e9sistance \u00e0 l'eau : IPX7<\/p>\n<p>Mode de chargement : Chargement USB magn\u00e9tique<\/p>\n<p>Capacit\u00e9 de la batterie : batterie au lithium 3.7V 240mAh<\/p>\n<p>Temps de charge : \u2264126min<\/p>\n<p>Temps de travail : pas moins de 53 minutes<\/p>\n<p>Taille : 77.22mm*56.36mm<\/p>","protected":false},"excerpt":{"rendered":"<p>Vibration frequency: 9-frequency vibration + 9-frequency tongue swing Main material: medical silicone+ABS+plating parts Maximum noise: \u226454dB Waterproof performance: IPX7 Charging mode: Magnetic USB charging Battery capacity: lithium battery 3.7V 240mAh Charging time: \u2264126min Working time: not less than 53min Size: 77.22mm*56.36mm<\/p>","protected":false},"featured_media":36367,"template":"","meta":{"_acf_changed":false},"product_brand":[],"product_cat":[1862],"product_tag":[],"class_list":{"0":"post-36366","1":"product","2":"type-product","3":"status-publish","4":"has-post-thumbnail","6":"product_cat-female-toys","8":"first","9":"instock","10":"sale","11":"shipping-taxable","12":"purchasable","13":"product-type-simple"},"acf":[],"_links":{"self":[{"href":"https:\/\/vivbliss.com\/fr\/wp-json\/wp\/v2\/product\/36366","targetHints":{"allow":["GET"]}}],"collection":[{"href":"https:\/\/vivbliss.com\/fr\/wp-json\/wp\/v2\/product"}],"about":[{"href":"https:\/\/vivbliss.com\/fr\/wp-json\/wp\/v2\/types\/product"}],"version-history":[{"count":0,"href":"https:\/\/vivbliss.com\/fr\/wp-json\/wp\/v2\/product\/36366\/revisions"}],"wp:featuredmedia":[{"embeddable":true,"href":"https:\/\/vivbliss.com\/fr\/wp-json\/wp\/v2\/media\/36367"}],"wp:attachment":[{"href":"https:\/\/vivbliss.com\/fr\/wp-json\/wp\/v2\/media?parent=36366"}],"wp:term":[{"taxonomy":"product_brand","embeddable":true,"href":"https:\/\/vivbliss.com\/fr\/wp-json\/wp\/v2\/product_brand?post=36366"},{"taxonomy":"product_cat","embeddable":true,"href":"https:\/\/vivbliss.com\/fr\/wp-json\/wp\/v2\/product_cat?post=36366"},{"taxonomy":"product_tag","embeddable":true,"href":"https:\/\/vivbliss.com\/fr\/wp-json\/wp\/v2\/product_tag?post=36366"}],"curies":[{"name":"wp","href":"https:\/\/api.w.org\/{rel}","templated":true}]}}