{"id":35706,"date":"2025-09-12T02:49:58","date_gmt":"2025-09-12T02:49:58","guid":{"rendered":"https:\/\/vivbliss.com\/product\/peacock-feather-clitoral-stimulator-body-massager-with-10-vibration-modes\/"},"modified":"2025-09-12T02:50:22","modified_gmt":"2025-09-12T02:50:22","slug":"stimulateur-clitoridien-en-plumes-de-paon-masseur-corporel-avec-10-modes-de-vibration","status":"publish","type":"product","link":"https:\/\/vivbliss.com\/fr\/product\/peacock-feather-clitoral-stimulator-body-massager-with-10-vibration-modes\/","title":{"rendered":"Stimulateur clitoridien en plumes de paon avec 10 modes de vibration"},"content":{"rendered":"<img decoding=\"async\" src=\"https:\/\/vivbliss.com\/wp-content\/uploads\/2025\/09\/baoguo2_a584ae11-b077-4792-bafc-1b309edd12d9.jpg\" alt=\"Stimulateur clitoridien en plumes de paon\" class=\"product-desc-image\" style=\"max-width: 100%; height: auto; display: block; margin: 10px auto;\" \/>\n<h3>Sp\u00e9cifications :<\/h3>\n<p>Mat\u00e9riau : ABS+Silicone<br \/>Fonction : Vibration \u00e0 10 fr\u00e9quences<br \/>Couleur : vert<br \/>Type de commande : Bouton<br \/>Bruit maximal : 40 dB<br \/>Imperm\u00e9able \u00e0 l'eau : \u00c9tanch\u00e9it\u00e9 quotidienne<\/p>\n<h3>Caract\u00e9ristiques principales :<\/h3>\n<p>Design innovant des plumes en 3D : Ce vibrateur clitoridien utilise des ondes oscillantes en spirale. Il offre une stimulation clitoridienne et du point G inimaginable, atteignant l'apog\u00e9e en 90 secondes. Id\u00e9al pour jouer avec les mamelons et le clitoris.<br \/>Vibration puissante en 10 modes : Avec un moteur \u00e0 haute fr\u00e9quence vibrant jusqu'\u00e0 15 000 fois\/minute, il cible les plus de 8 000 terminaisons nerveuses du clitoris. Les 10 modes, de doux \u00e0 intense, conviennent \u00e0 toutes les personnes.<br \/>Stimulation pr\u00e9cise des points de plaisir : Diff\u00e9rent des appareils traditionnels, son embout unique et ses ondes stimulent avec pr\u00e9cision la zone clitoridienne et le point G interne, d\u00e9clenchant un plaisir intense et distinctif.<br \/>S\u00fbr, \u00e9tanche : Fabriqu\u00e9 en ABS et en silicone, il est imperm\u00e9able \u00e0 l'eau et peut \u00eatre utilis\u00e9 sous la douche.<\/p>\n<p><img decoding=\"async\" src=\"https:\/\/vivbliss.com\/wp-content\/uploads\/2025\/09\/620ee58b025531f70267cf9986e1bc33.jpg\" alt=\"Stimulateur clitoridien en plumes de paon\" class=\"product-desc-image\" style=\"max-width: 100%; height: auto; display: block; margin: 10px auto;\" \/><img decoding=\"async\" src=\"https:\/\/vivbliss.com\/wp-content\/uploads\/2025\/09\/fc13d87c9007eecca0975837f8863691.jpg\" alt=\"Stimulateur clitoridien en plumes de paon\" class=\"product-desc-image\" style=\"max-width: 100%; height: auto; display: block; margin: 10px auto;\" \/><img decoding=\"async\" src=\"https:\/\/vivbliss.com\/wp-content\/uploads\/2025\/09\/31cf17b8b448698bb4c01a7a32a0fc5d.jpg\" alt=\"Stimulateur clitoridien en plumes de paon\" class=\"product-desc-image\" style=\"max-width: 100%; height: auto; display: block; margin: 10px auto;\" \/><img decoding=\"async\" src=\"https:\/\/vivbliss.com\/wp-content\/uploads\/2025\/09\/fe1790cdcf6bd4987acd7d23c69ed115.jpg\" alt=\"Stimulateur clitoridien en plumes de paon\" class=\"product-desc-image\" style=\"max-width: 100%; height: auto; display: block; margin: 10px auto;\" \/><\/p>","protected":false},"excerpt":{"rendered":"<p>Specifications: Material: ABS+SiliconeFunction: 10 frequency vibrationColor: GreenControl type: ButtonMax Noise: 40dBWaterproof: Daily Waterproof Key Features: Innovative 3D Feather Design: This clitoris vibrator uses spiral oscillating waves. It offers unimaginable clitoral and G &#8211; spot stimulation, reaching climax in 90 seconds. Ideal for nipple and clit play.Powerful 10 &#8211; Mode Vibration: With a high &#8211; frequency motor vibrating up to 15000 times\/minute, it targets all 8000+ clitoral nerve endings. 10 modes from gentle to intense suit all people.Precise Pleasure &#8211; Point Stimulation: Different from traditional ones, its unique tip and waves precisely stimulate the clitoral area and internal G &#8211; spot, triggering intense, distinctive pleasure.Safe, Waterproof: Made of body &#8211; friendly ABS and silicone, it&#8217;s waterproof for shower use.<\/p>","protected":false},"featured_media":35707,"template":"","meta":{"_acf_changed":false},"product_brand":[],"product_cat":[1862],"product_tag":[],"class_list":{"0":"post-35706","1":"product","2":"type-product","3":"status-publish","4":"has-post-thumbnail","6":"product_cat-female-toys","8":"first","9":"instock","10":"sale","11":"shipping-taxable","12":"purchasable","13":"product-type-variable"},"acf":[],"_links":{"self":[{"href":"https:\/\/vivbliss.com\/fr\/wp-json\/wp\/v2\/product\/35706","targetHints":{"allow":["GET"]}}],"collection":[{"href":"https:\/\/vivbliss.com\/fr\/wp-json\/wp\/v2\/product"}],"about":[{"href":"https:\/\/vivbliss.com\/fr\/wp-json\/wp\/v2\/types\/product"}],"version-history":[{"count":0,"href":"https:\/\/vivbliss.com\/fr\/wp-json\/wp\/v2\/product\/35706\/revisions"}],"wp:featuredmedia":[{"embeddable":true,"href":"https:\/\/vivbliss.com\/fr\/wp-json\/wp\/v2\/media\/35707"}],"wp:attachment":[{"href":"https:\/\/vivbliss.com\/fr\/wp-json\/wp\/v2\/media?parent=35706"}],"wp:term":[{"taxonomy":"product_brand","embeddable":true,"href":"https:\/\/vivbliss.com\/fr\/wp-json\/wp\/v2\/product_brand?post=35706"},{"taxonomy":"product_cat","embeddable":true,"href":"https:\/\/vivbliss.com\/fr\/wp-json\/wp\/v2\/product_cat?post=35706"},{"taxonomy":"product_tag","embeddable":true,"href":"https:\/\/vivbliss.com\/fr\/wp-json\/wp\/v2\/product_tag?post=35706"}],"curies":[{"name":"wp","href":"https:\/\/api.w.org\/{rel}","templated":true}]}}