{"id":3387,"date":"2024-03-26T15:09:13","date_gmt":"2024-03-26T07:09:13","guid":{"rendered":"https:\/\/vivbliss.com\/?post_type=product&#038;p=3387"},"modified":"2025-06-04T02:32:56","modified_gmt":"2025-06-04T02:32:56","slug":"culotte-sans-entrejambe-non-censuree","status":"publish","type":"product","link":"https:\/\/vivbliss.com\/fr\/product\/crotchless-panties-uncensored\/","title":{"rendered":"Culotte sans entrejambe non censur\u00e9e"},"content":{"rendered":"<p>Cette pi\u00e8ce de lingerie sans entrejambe Uncensored allie \u00e9l\u00e9gance et sensualit\u00e9. Elle rehausse les moments intimes avec style et confort. La dentelle d\u00e9licate et semi-transparente est luxueuse au contact de la peau, tandis que les motifs floraux complexes ajoutent \u00e0 la sophistication \ud83c\udf38.<\/p>\n<p>L'avant est orn\u00e9 d'un magnifique motif en dentelle, qui se veut aguicheur et juste assez couvrant. La ceinture, fabriqu\u00e9e dans une mati\u00e8re extensible, assure un bon maintien sans s'enfoncer dans la peau. Cela permet de le porter sans effort lors d'exp\u00e9riences intimes.<\/p>\n<p>Le dos pr\u00e9sente un design audacieux et ouvert qui laisse peu de place \u00e0 l'imagination. Encadr\u00e9 avec go\u00fbt par des bordures en dentelle et des anneaux subtils, l'entrejambe ouvert rehausse l'esth\u00e9tique et permet un acc\u00e8s facile \ud83d\udd25.<\/p>\n<p>Des anneaux \u00e9l\u00e9gants ornent les c\u00f4t\u00e9s, reliant l'avant et l'arri\u00e8re. Ces anneaux ajoutent une touche de modernit\u00e9 au design classique de la dentelle et contribuent \u00e0 la durabilit\u00e9 et \u00e0 la structure de la culotte. Ils permettent de conserver la forme et la tenue de la culotte, m\u00eame apr\u00e8s plusieurs utilisations.<\/p>\n<p>Con\u00e7ue pour c\u00e9l\u00e9brer et accentuer les courbes naturelles, la culotte sans entrejambe Uncensored incarne la beaut\u00e9 et la fonctionnalit\u00e9. Parfaites pour ajouter de l'allure \u00e0 une collection de lingerie ou pour des occasions sp\u00e9ciales, elles laisseront une impression durable \ud83d\udc95.<\/p>","protected":false},"excerpt":{"rendered":"<p>This Crotchless Panties Uncensored lingerie piece blends elegance and sensuality. It enhances intimate moments with style and comfort. The delicate, semi-sheer lace fabric feels luxurious against the skin, while intricate floral patterns add sophistication \ud83c\udf38. The front features a beautiful lace design that teases with just the right amount of coverage. The waistband, made from stretchy material, ensures a secure fit without digging into the skin. This allows for effortless wear during intimate experiences. The back showcases a bold, open design that leaves little to the imagination. Tastefully framed with lace trim and subtle ring details, the open crotch area enhances the aesthetic and provides easy access \ud83d\udd25. Elegant rings adorn the sides, connecting the front and back. These rings add modern flair to the classic lace design and contribute to the panties&#8217; durability and structure. They help maintain shape and fit even after multiple wears. Designed to celebrate and accentuate natural curves, the Crotchless Panties Uncensored embody beauty and functionality. Perfect for adding allure to a lingerie collection or for special occasions, they will leave a lasting impression \ud83d\udc95.<\/p>","protected":false},"featured_media":3393,"template":"","meta":{"_acf_changed":false},"product_brand":[],"product_cat":[167],"product_tag":[395,241,226,224,225,382,231,403],"class_list":{"0":"post-3387","1":"product","2":"type-product","3":"status-publish","4":"has-post-thumbnail","6":"product_cat-crotchless-panties","7":"product_tag-crotchless-thong","8":"product_tag-extreme-open-crotch","9":"product_tag-open-crotch","10":"product_tag-open-crotch-panties","11":"product_tag-open-crotch-pants","12":"product_tag-open-crotch-panty","13":"product_tag-open-crotch-string","14":"product_tag-open-thong","16":"first","17":"instock","18":"sale","19":"shipping-taxable","20":"purchasable","21":"product-type-variable","22":"has-default-attributes"},"acf":[],"_links":{"self":[{"href":"https:\/\/vivbliss.com\/fr\/wp-json\/wp\/v2\/product\/3387","targetHints":{"allow":["GET"]}}],"collection":[{"href":"https:\/\/vivbliss.com\/fr\/wp-json\/wp\/v2\/product"}],"about":[{"href":"https:\/\/vivbliss.com\/fr\/wp-json\/wp\/v2\/types\/product"}],"version-history":[{"count":0,"href":"https:\/\/vivbliss.com\/fr\/wp-json\/wp\/v2\/product\/3387\/revisions"}],"wp:featuredmedia":[{"embeddable":true,"href":"https:\/\/vivbliss.com\/fr\/wp-json\/wp\/v2\/media\/3393"}],"wp:attachment":[{"href":"https:\/\/vivbliss.com\/fr\/wp-json\/wp\/v2\/media?parent=3387"}],"wp:term":[{"taxonomy":"product_brand","embeddable":true,"href":"https:\/\/vivbliss.com\/fr\/wp-json\/wp\/v2\/product_brand?post=3387"},{"taxonomy":"product_cat","embeddable":true,"href":"https:\/\/vivbliss.com\/fr\/wp-json\/wp\/v2\/product_cat?post=3387"},{"taxonomy":"product_tag","embeddable":true,"href":"https:\/\/vivbliss.com\/fr\/wp-json\/wp\/v2\/product_tag?post=3387"}],"curies":[{"name":"wp","href":"https:\/\/api.w.org\/{rel}","templated":true}]}}