{"id":3306,"date":"2024-03-26T11:53:38","date_gmt":"2024-03-26T03:53:38","guid":{"rendered":"https:\/\/vivbliss.com\/?post_type=product&#038;p=3306"},"modified":"2025-06-04T02:33:01","modified_gmt":"2025-06-04T02:33:01","slug":"entrejambe-nu","status":"publish","type":"product","link":"https:\/\/vivbliss.com\/fr\/product\/nude-crotch\/","title":{"rendered":"Entrejambe nue"},"content":{"rendered":"<p>Cette pi\u00e8ce de lingerie Nude Crotch est un chef-d'\u0153uvre de design sensuel et de d\u00e9tails complexes. Elle est con\u00e7ue pour enflammer la passion et l'attrait gr\u00e2ce \u00e0 ses dentelles exquises, alliant sophistication et charme \u00e9rotique.<\/p>\n<p>Le devant du string est orn\u00e9 d'une d\u00e9licate dentelle noire qui tisse des motifs floraux et abstraits. Cette dentelle offre un aper\u00e7u all\u00e9chant de la peau en dessous, renfor\u00e7ant l'allure gr\u00e2ce \u00e0 sa nature semi-transparente. La coupe haute allonge les jambes, cr\u00e9ant une silhouette statuaire. Une fine ceinture \u00e9lastique assure une coupe ajust\u00e9e et confortable.<\/p>\n<p>Le dos du string poursuit son design captivant avec une bande de dentelle qui \u00e9pouse les hanches. Les d\u00e9coupes strat\u00e9giques et les bretelles r\u00e9glables ajoutent un \u00e9l\u00e9ment de surprise et permettent un ajustement personnalis\u00e9. Les petits anneaux \u00e9l\u00e9gants soulignent les bretelles, ajoutant une touche de modernit\u00e9 \u00e0 la dentelle d'inspiration vintage.<\/p>\n<p>Ce string Nude Crotch est une exp\u00e9rience, pas seulement de la lingerie. Son entrejambe ouvert ajoute un \u00e9l\u00e9ment d'\u00e9rotisme inattendu, parfait pour les moments intimes.<\/p>\n<p>Id\u00e9al pour les occasions sp\u00e9ciales ou pour se sentir extraordinaire, ce string incarne la s\u00e9duction sophistiqu\u00e9e. \ud83c\udf39<\/p>","protected":false},"excerpt":{"rendered":"<p>This Nude Crotch lingerie piece is a masterpiece of sensual design and intricate detail. It is crafted to ignite passion and allure with its exquisite lacework, blending sophistication with erotic charm. The front of the thong features delicate black lace, weaving floral and abstract patterns. This lace offers a tantalizing glimpse of skin beneath, enhancing allure with its semi-transparent nature. The high-cut design elongates the legs, creating a statuesque silhouette. A thin, elastic waistband ensures a snug and comfortable fit. The back of the thong continues its captivating design with a lace band that hugs the hips. Strategic cutouts and adjustable straps add an element of surprise and allow for a customizable fit. The small, elegant rings accentuate the straps, adding a modern touch to the vintage-inspired lace. This Nude Crotch thong is an experience, not just lingerie. Its open crotch design adds an unexpected element of eroticism, perfect for intimate moments. Ideal for special occasions or to feel extraordinary, this thong embodies sophisticated seduction. \ud83c\udf39<\/p>","protected":false},"featured_media":3310,"template":"","meta":{"_acf_changed":false},"product_brand":[],"product_cat":[167],"product_tag":[185,239,241,224,225,382,383,392],"class_list":{"0":"post-3306","1":"product","2":"type-product","3":"status-publish","4":"has-post-thumbnail","6":"product_cat-crotchless-panties","7":"product_tag-crotchless-panties","8":"product_tag-crotchless-panty","9":"product_tag-extreme-open-crotch","10":"product_tag-open-crotch-panties","11":"product_tag-open-crotch-pants","12":"product_tag-open-crotch-panty","13":"product_tag-open-panty","14":"product_tag-sexy-open-crotch","16":"first","17":"instock","18":"sale","19":"shipping-taxable","20":"purchasable","21":"product-type-variable","22":"has-default-attributes"},"acf":[],"_links":{"self":[{"href":"https:\/\/vivbliss.com\/fr\/wp-json\/wp\/v2\/product\/3306","targetHints":{"allow":["GET"]}}],"collection":[{"href":"https:\/\/vivbliss.com\/fr\/wp-json\/wp\/v2\/product"}],"about":[{"href":"https:\/\/vivbliss.com\/fr\/wp-json\/wp\/v2\/types\/product"}],"version-history":[{"count":0,"href":"https:\/\/vivbliss.com\/fr\/wp-json\/wp\/v2\/product\/3306\/revisions"}],"wp:featuredmedia":[{"embeddable":true,"href":"https:\/\/vivbliss.com\/fr\/wp-json\/wp\/v2\/media\/3310"}],"wp:attachment":[{"href":"https:\/\/vivbliss.com\/fr\/wp-json\/wp\/v2\/media?parent=3306"}],"wp:term":[{"taxonomy":"product_brand","embeddable":true,"href":"https:\/\/vivbliss.com\/fr\/wp-json\/wp\/v2\/product_brand?post=3306"},{"taxonomy":"product_cat","embeddable":true,"href":"https:\/\/vivbliss.com\/fr\/wp-json\/wp\/v2\/product_cat?post=3306"},{"taxonomy":"product_tag","embeddable":true,"href":"https:\/\/vivbliss.com\/fr\/wp-json\/wp\/v2\/product_tag?post=3306"}],"curies":[{"name":"wp","href":"https:\/\/api.w.org\/{rel}","templated":true}]}}