{"id":28826,"date":"2024-07-14T15:09:14","date_gmt":"2024-07-14T07:09:14","guid":{"rendered":"https:\/\/vivbliss.com\/?page_id=28826"},"modified":"2025-03-16T10:34:26","modified_gmt":"2025-03-16T10:34:26","slug":"expedition","status":"publish","type":"page","link":"https:\/\/vivbliss.com\/fr\/shipping\/","title":{"rendered":"Politique d'exp\u00e9dition"},"content":{"rendered":"<p><strong>1. Production et confirmation de la commande<\/strong><br>En raison de la nature artisanale de nos produits, chaque commande est fabriqu\u00e9e sur mesure plut\u00f4t qu'en s\u00e9rie. Une fois que nous avons re\u00e7u votre commande et votre paiement, nos artisans ont besoin d'environ 3 jours ouvrables pour produire votre article. Une fois la production termin\u00e9e, votre commande sera exp\u00e9di\u00e9e dans un d\u00e9lai d'un jour ouvrable, et vous recevrez une notification par courrier \u00e9lectronique avec votre num\u00e9ro de suivi.<\/p>\n\n\n\n<p><strong>2. D\u00e9lais de livraison estim\u00e9s<\/strong><br>En tenant compte de la p\u00e9riode de production et de l'exp\u00e9dition ult\u00e9rieure, le d\u00e9lai de livraison global estim\u00e9 est de <strong>7-9 jours ouvrables<\/strong>. Nous choisissons la m\u00e9thode d'exp\u00e9dition la plus appropri\u00e9e en fonction de votre adresse de livraison afin de garantir une livraison dans les d\u00e9lais.<\/p>\n\n\n\n<p><strong>3. Frais d'exp\u00e9dition<\/strong><br>Les frais de port sont gratuits pour toutes les commandes, quel qu'en soit le montant.<\/p>\n\n\n\n<p><strong>4. Douanes et droits<\/strong><br>Tous les droits de douane et taxes d'importation sont couverts par notre magasin, vous n'aurez donc pas \u00e0 payer de frais suppl\u00e9mentaires \u00e0 la livraison.<\/p>\n\n\n\n<p><strong>5. Compensation des retards<\/strong><\/p>\n\n\n\n<ul class=\"wp-block-list\">\n<li>Si la livraison d\u00e9passe le d\u00e9lai pr\u00e9vu de <strong>3 jours ou plus<\/strong>Nous offrons une <strong>Remboursement 10%<\/strong> sur le prix du produit.<\/li>\n\n\n\n<li>Si le d\u00e9lai atteint <strong>10 jours ou plus<\/strong>, a <strong>Remboursement int\u00e9gral<\/strong> pour le produit sera d\u00e9livr\u00e9.<\/li>\n<\/ul>\n\n\n\n<p><strong>6. Soutien \u00e0 la client\u00e8le<\/strong><br>Si vous avez des questions ou si vous avez besoin d'aide, n'h\u00e9sitez pas \u00e0 contacter notre service client\u00e8le. Nous sommes toujours heureux de vous aider !<\/p>\n\n\n\n<p>Nous appr\u00e9cions votre patience et sommes impatients de vous livrer votre produit unique, fabriqu\u00e9 \u00e0 la main.<\/p>","protected":false},"excerpt":{"rendered":"<p>1. Production &amp; Order ConfirmationDue to the handcrafted nature of our products, each order is custom-made rather than mass-produced. Once we receive your order and payment, our artisans will require approximately 3 business days to produce your item. After production, your order will be shipped within 1 business day, and you will receive an email notification with your tracking number. 2. Estimated Delivery TimesTaking into account the production period and subsequent shipping, the overall estimated delivery time is 7-9 business days. We select the most appropriate shipping method based on your delivery address to ensure a timely arrival. 3. Shipping FeesWe offer free shipping on all orders, regardless of the total amount. 4. Customs &amp; DutiesAll customs duties and import taxes are covered by our store, so you will not incur any additional charges upon delivery. 5. Compensation for Delays 6. Customer SupportIf you have any questions or require further assistance, please do not hesitate to contact our customer service team. We are always happy to help! We appreciate your patience and look forward to delivering your unique, handcrafted product.<\/p>","protected":false},"author":1,"featured_media":0,"parent":0,"menu_order":0,"comment_status":"closed","ping_status":"closed","template":"","meta":{"_acf_changed":false,"footnotes":""},"class_list":["post-28826","page","type-page","status-publish","hentry","post-no-thumbnail"],"acf":[],"_links":{"self":[{"href":"https:\/\/vivbliss.com\/fr\/wp-json\/wp\/v2\/pages\/28826","targetHints":{"allow":["GET"]}}],"collection":[{"href":"https:\/\/vivbliss.com\/fr\/wp-json\/wp\/v2\/pages"}],"about":[{"href":"https:\/\/vivbliss.com\/fr\/wp-json\/wp\/v2\/types\/page"}],"author":[{"embeddable":true,"href":"https:\/\/vivbliss.com\/fr\/wp-json\/wp\/v2\/users\/1"}],"replies":[{"embeddable":true,"href":"https:\/\/vivbliss.com\/fr\/wp-json\/wp\/v2\/comments?post=28826"}],"version-history":[{"count":0,"href":"https:\/\/vivbliss.com\/fr\/wp-json\/wp\/v2\/pages\/28826\/revisions"}],"wp:attachment":[{"href":"https:\/\/vivbliss.com\/fr\/wp-json\/wp\/v2\/media?parent=28826"}],"curies":[{"name":"wp","href":"https:\/\/api.w.org\/{rel}","templated":true}]}}