{"id":40437,"date":"2025-09-25T10:14:13","date_gmt":"2025-09-25T10:14:13","guid":{"rendered":"https:\/\/vivbliss.com\/product\/enticing-white-lace-lingerie-two-piece-set\/"},"modified":"2025-09-25T10:26:19","modified_gmt":"2025-09-25T10:26:19","slug":"seductor-conjunto-de-dos-piezas-de-lenceria-de-encaje-blanco","status":"publish","type":"product","link":"https:\/\/vivbliss.com\/es\/product\/enticing-white-lace-lingerie-two-piece-set\/","title":{"rendered":"Seductor conjunto de dos piezas de lencer\u00eda de encaje blanco"},"content":{"rendered":"<p>Este rom\u00e1ntico y seductor conjunto de lencer\u00eda blanca de dos piezas incluye un crop top de encaje blanco con mangas casquillo, detalles florales bordados de encaje blanco, espalda abierta y una braguita de talle alto a juego con ligueros incorporados y parte inferior de corte descarado. (Medias no incluidas.)<\/p>","protected":false},"excerpt":{"rendered":"<p>Este rom\u00e1ntico y seductor conjunto de lencer\u00eda blanca de dos piezas incluye un crop top de encaje blanco con mangas casquillo, detalles florales bordados de encaje blanco, espalda abierta y una braguita de talle alto a juego con ligueros incorporados y parte inferior de corte descarado. (Medias no incluidas.)<\/p>","protected":false},"featured_media":40441,"template":"","meta":{"_acf_changed":false},"product_brand":[],"product_cat":[1817],"product_tag":[],"class_list":{"0":"post-40437","1":"product","2":"type-product","3":"status-publish","4":"has-post-thumbnail","6":"product_cat-underwear","8":"first","9":"instock","10":"sale","11":"shipping-taxable","12":"purchasable","13":"product-type-variable"},"acf":[],"_links":{"self":[{"href":"https:\/\/vivbliss.com\/es\/wp-json\/wp\/v2\/product\/40437","targetHints":{"allow":["GET"]}}],"collection":[{"href":"https:\/\/vivbliss.com\/es\/wp-json\/wp\/v2\/product"}],"about":[{"href":"https:\/\/vivbliss.com\/es\/wp-json\/wp\/v2\/types\/product"}],"version-history":[{"count":1,"href":"https:\/\/vivbliss.com\/es\/wp-json\/wp\/v2\/product\/40437\/revisions"}],"predecessor-version":[{"id":40863,"href":"https:\/\/vivbliss.com\/es\/wp-json\/wp\/v2\/product\/40437\/revisions\/40863"}],"wp:featuredmedia":[{"embeddable":true,"href":"https:\/\/vivbliss.com\/es\/wp-json\/wp\/v2\/media\/40441"}],"wp:attachment":[{"href":"https:\/\/vivbliss.com\/es\/wp-json\/wp\/v2\/media?parent=40437"}],"wp:term":[{"taxonomy":"product_brand","embeddable":true,"href":"https:\/\/vivbliss.com\/es\/wp-json\/wp\/v2\/product_brand?post=40437"},{"taxonomy":"product_cat","embeddable":true,"href":"https:\/\/vivbliss.com\/es\/wp-json\/wp\/v2\/product_cat?post=40437"},{"taxonomy":"product_tag","embeddable":true,"href":"https:\/\/vivbliss.com\/es\/wp-json\/wp\/v2\/product_tag?post=40437"}],"curies":[{"name":"wp","href":"https:\/\/api.w.org\/{rel}","templated":true}]}}