{"id":38351,"date":"2025-09-18T08:52:40","date_gmt":"2025-09-18T08:52:40","guid":{"rendered":"https:\/\/vivbliss.com\/product\/clitoris-sucking-vibrator-for-women-nipple-clit-vacuum-stimulator\/"},"modified":"2025-09-18T08:53:50","modified_gmt":"2025-09-18T08:53:50","slug":"vibrador-succionador-de-clitoris-para-mujeres-pezon-clitoris-estimulador-de-vacio","status":"publish","type":"product","link":"https:\/\/vivbliss.com\/es\/product\/clitoris-sucking-vibrator-for-women-nipple-clit-vacuum-stimulator\/","title":{"rendered":"Vibrador Succionador de Cl\u00edtoris para Mujer - Estimulador de Pez\u00f3n y Cl\u00edtoris al Vac\u00edo"},"content":{"rendered":"<img decoding=\"async\" src=\"https:\/\/vivbliss.com\/wp-content\/uploads\/2025\/09\/baoguo2_a584ae11-b077-4792-bafc-1b309edd12d9-3.jpg\" alt=\"Vibrador succionador de cl\u00edtoris\" class=\"product-desc-image\" style=\"max-width: 100%; height: auto; display: block; margin: 10px auto;\" \/>\n<h2>DESCRIPCI\u00d3N<\/h2>\n<p>\u2764 Caracter\u00edsticas del producto:<\/p>\n<ol>\n<li>Alta velocidad y m\u00faltiples modos de vibraci\u00f3n<\/li>\n<li>Uso de doble cabezal. fuerte succi\u00f3n. vibrador modo vibraci\u00f3n. fuerte vibraci\u00f3n. silencioso. sin interferencias<\/li>\n<li>Momento orgasmo anal f\u00e1cil de conseguir<\/li>\n<li>Carga r\u00e1pida USB. uso prolongado<\/li>\n<\/ol>\n<p>\u2764 Lista de productos:<\/p>\n<ul>\n<li>Vibrador succionador *1<\/li>\n<li>Carga por USB *1<\/li>\n<li>Manual del usuario *1<\/li>\n<\/ul>\n<p><img decoding=\"async\" src=\"https:\/\/vivbliss.com\/wp-content\/uploads\/2025\/09\/0c4bd6131e3174400e70f19c237adc34.jpeg\" alt=\"Vibrador succionador de cl\u00edtoris\" class=\"product-desc-image\" style=\"max-width: 100%; height: auto; display: block; margin: 10px auto;\" \/><img decoding=\"async\" src=\"https:\/\/vivbliss.com\/wp-content\/uploads\/2025\/09\/c812285831251b33861a28ae690748e5.jpeg\" alt=\"Vibrador succionador de cl\u00edtoris\" class=\"product-desc-image\" style=\"max-width: 100%; height: auto; display: block; margin: 10px auto;\" \/><img decoding=\"async\" src=\"https:\/\/vivbliss.com\/wp-content\/uploads\/2025\/09\/a5bccea9f821388cf7dc24da1bc3facd.jpeg\" alt=\"Vibrador succionador de cl\u00edtoris\" class=\"product-desc-image\" style=\"max-width: 100%; height: auto; display: block; margin: 10px auto;\" \/><\/p>","protected":false},"excerpt":{"rendered":"<p>DESCRIPTION \u2764 Product Features: High speed and multiple vibration modes Double head use. strong suction. vibration mode vibrator. strong vibration. silent. no interference Easy to get anal orgasm moment USB fast charge. long time use \u2764 Product List: Sucking Vibrator *1 USB charging *1 User Manual *1<\/p>","protected":false},"featured_media":38352,"template":"","meta":{"_acf_changed":false},"product_brand":[],"product_cat":[1862],"product_tag":[],"class_list":{"0":"post-38351","1":"product","2":"type-product","3":"status-publish","4":"has-post-thumbnail","6":"product_cat-female-toys","8":"first","9":"instock","10":"sale","11":"shipping-taxable","12":"purchasable","13":"product-type-variable"},"acf":[],"_links":{"self":[{"href":"https:\/\/vivbliss.com\/es\/wp-json\/wp\/v2\/product\/38351","targetHints":{"allow":["GET"]}}],"collection":[{"href":"https:\/\/vivbliss.com\/es\/wp-json\/wp\/v2\/product"}],"about":[{"href":"https:\/\/vivbliss.com\/es\/wp-json\/wp\/v2\/types\/product"}],"version-history":[{"count":0,"href":"https:\/\/vivbliss.com\/es\/wp-json\/wp\/v2\/product\/38351\/revisions"}],"wp:featuredmedia":[{"embeddable":true,"href":"https:\/\/vivbliss.com\/es\/wp-json\/wp\/v2\/media\/38352"}],"wp:attachment":[{"href":"https:\/\/vivbliss.com\/es\/wp-json\/wp\/v2\/media?parent=38351"}],"wp:term":[{"taxonomy":"product_brand","embeddable":true,"href":"https:\/\/vivbliss.com\/es\/wp-json\/wp\/v2\/product_brand?post=38351"},{"taxonomy":"product_cat","embeddable":true,"href":"https:\/\/vivbliss.com\/es\/wp-json\/wp\/v2\/product_cat?post=38351"},{"taxonomy":"product_tag","embeddable":true,"href":"https:\/\/vivbliss.com\/es\/wp-json\/wp\/v2\/product_tag?post=38351"}],"curies":[{"name":"wp","href":"https:\/\/api.w.org\/{rel}","templated":true}]}}