{"id":37915,"date":"2025-09-16T02:36:40","date_gmt":"2025-09-16T02:36:40","guid":{"rendered":"https:\/\/vivbliss.com\/product\/3-in-1-vibrating-penis-ring-for-massage-clitoral-delayed-ejaculation-stimulation\/"},"modified":"2025-09-16T02:37:00","modified_gmt":"2025-09-16T02:37:00","slug":"anillo-vibrador-para-pene-3-en-1-para-masaje-clitoriano-estimulacion-eyaculacion-retardada","status":"publish","type":"product","link":"https:\/\/vivbliss.com\/es\/product\/3-in-1-vibrating-penis-ring-for-massage-clitoral-delayed-ejaculation-stimulation\/","title":{"rendered":"Anillo vibrador para el pene 3 en 1 para masaje, estimulaci\u00f3n del cl\u00edtoris y eyaculaci\u00f3n retardada"},"content":{"rendered":"<p><strong>Descripci\u00f3n<\/strong><br \/>1. 100% nuevo, entrega r\u00e1pida viable y comprobado cuidadosamente antes de enviar.<br \/>2. Todos los productos est\u00e1n hechos de material de grado m\u00e9dico, seguridad 100%, inofensivo para el cuerpo (Es normal que huela un ligero olor cuando se abre por primera vez, por favor l\u00edmpielo y s\u00e9quelo naturalmente).<br \/>3. Si tiene alguna pregunta sobre los juguetes sexuales, no dude en pedirnos ayuda. Le ofrecer\u00edamos la mejor soluci\u00f3n en 24 horas.<\/p>\n<p>Nombre del producto: Anillo vibrador para el pene<br \/>Tipo: Juguete sexual para hombre<br \/>Color: Negro, azul<br \/>Material: Silicona de grado m\u00e9dico + ABS<br \/>Tiempo de carga: 2 horas<br \/>Tiempo de uso: 1 hora<br \/>Tama\u00f1o perfecto: 110*46mm<br \/>Peso bruto: 100 g<br \/>Fuente de alimentaci\u00f3n: Bater\u00eda de litio integrada recargable<\/p>\n<p><img decoding=\"async\" src=\"https:\/\/vivbliss.com\/wp-content\/uploads\/2025\/09\/Sff926095a994452bb1239ad8c834915fd.webp\" alt=\"Imagen del producto\" class=\"product-desc-image\" style=\"max-width: 100%; height: auto; display: block; margin: 10px auto;\" \/><img decoding=\"async\" src=\"https:\/\/vivbliss.com\/wp-content\/uploads\/2025\/09\/Sc0f25de7b5d24beaa66727169c1ae7cao.webp\" alt=\"Imagen del producto\" class=\"product-desc-image\" style=\"max-width: 100%; height: auto; display: block; margin: 10px auto;\" \/><img decoding=\"async\" src=\"https:\/\/vivbliss.com\/wp-content\/uploads\/2025\/09\/S9264ef204a1342a08f191f1e006b2a15r.webp\" alt=\"Imagen del producto\" class=\"product-desc-image\" style=\"max-width: 100%; height: auto; display: block; margin: 10px auto;\" \/><img decoding=\"async\" src=\"https:\/\/vivbliss.com\/wp-content\/uploads\/2025\/09\/Sb3939a61827d4b8490cc79a20562f6bbO.webp\" alt=\"Imagen del producto\" class=\"product-desc-image\" style=\"max-width: 100%; height: auto; display: block; margin: 10px auto;\" \/><img decoding=\"async\" src=\"https:\/\/vivbliss.com\/wp-content\/uploads\/2025\/09\/Se1fca8a6e4c94f7085acbf074e82ad30B.webp\" alt=\"Imagen del producto\" class=\"product-desc-image\" style=\"max-width: 100%; height: auto; display: block; margin: 10px auto;\" \/><\/p>","protected":false},"excerpt":{"rendered":"<p>Description1. 100% brand new, Fast delivery workable and checked carefully before sending out.2. All products are made of Medical grade material, 100% safety, harmless to the body (It is normal that you smell slight odor when first open, Please clean it and dry it naturally.)3. If you have any questions about the sex toys, don&#8217;t hesitate to ask for help. We would offer the best solution for you in 24 hours. Product Name: Penis ring vibratorType: Sex toy for manColor: Black, blueMaterial: Medical grade silicone + ABSCharging Time: 2 HoursUsing Time: 1 HourPerfect Size: 110*46mmGross Weight: 100gPower supply: Rechargeable Built-in lithium battery<\/p>","protected":false},"featured_media":37916,"template":"","meta":{"_acf_changed":false},"product_brand":[],"product_cat":[1892],"product_tag":[],"class_list":{"0":"post-37915","1":"product","2":"type-product","3":"status-publish","4":"has-post-thumbnail","6":"product_cat-couple-toys","8":"first","9":"instock","10":"shipping-taxable","11":"purchasable","12":"product-type-simple"},"acf":[],"_links":{"self":[{"href":"https:\/\/vivbliss.com\/es\/wp-json\/wp\/v2\/product\/37915","targetHints":{"allow":["GET"]}}],"collection":[{"href":"https:\/\/vivbliss.com\/es\/wp-json\/wp\/v2\/product"}],"about":[{"href":"https:\/\/vivbliss.com\/es\/wp-json\/wp\/v2\/types\/product"}],"version-history":[{"count":0,"href":"https:\/\/vivbliss.com\/es\/wp-json\/wp\/v2\/product\/37915\/revisions"}],"wp:featuredmedia":[{"embeddable":true,"href":"https:\/\/vivbliss.com\/es\/wp-json\/wp\/v2\/media\/37916"}],"wp:attachment":[{"href":"https:\/\/vivbliss.com\/es\/wp-json\/wp\/v2\/media?parent=37915"}],"wp:term":[{"taxonomy":"product_brand","embeddable":true,"href":"https:\/\/vivbliss.com\/es\/wp-json\/wp\/v2\/product_brand?post=37915"},{"taxonomy":"product_cat","embeddable":true,"href":"https:\/\/vivbliss.com\/es\/wp-json\/wp\/v2\/product_cat?post=37915"},{"taxonomy":"product_tag","embeddable":true,"href":"https:\/\/vivbliss.com\/es\/wp-json\/wp\/v2\/product_tag?post=37915"}],"curies":[{"name":"wp","href":"https:\/\/api.w.org\/{rel}","templated":true}]}}