{"id":37723,"date":"2025-09-16T02:06:04","date_gmt":"2025-09-16T02:06:04","guid":{"rendered":"https:\/\/vivbliss.com\/product\/lesbian-strap-on-dildo-vibrator-double-ended-with-remote-control\/"},"modified":"2025-09-16T02:06:31","modified_gmt":"2025-09-16T02:06:31","slug":"correa-lesbiana-en-vibrador-consolador-de-doble-extremo-con-mando-a-distancia","status":"publish","type":"product","link":"https:\/\/vivbliss.com\/es\/product\/lesbian-strap-on-dildo-vibrator-double-ended-with-remote-control\/","title":{"rendered":"Consolador Vibrador L\u00e9sbico de Doble Punta con Mando a Distancia"},"content":{"rendered":"<p><strong>Especificaciones<\/strong><\/p>\n<p><strong>Nombre del producto:<\/strong> Consolador L\u00e9sbico con Correa Vibrador Consolador Doble con Mando a Distancia<\/p>\n<p><strong>Material<\/strong>: Silicona + ABS<\/p>\n<p><strong>Fuente de energ\u00eda<\/strong>: Recargable<\/p>\n<p><strong>Nivel de impermeabilidad:<\/strong> Impermeable a diario<\/p>\n<p><strong>Funci\u00f3n:<\/strong> Vibraci\u00f3n de 10 frecuencias<\/p>\n<p><strong>Ruido:<\/strong> &lt;55 dB<\/p>\n<p><strong>Caracter\u00edsticas principales<\/strong><\/p>\n<p><strong>Consolador de doble punta para un placer discreto<\/strong><\/p>\n<p>Dise\u00f1ado para parejas lesbianas, tiene dos consoladores de diferentes tama\u00f1os, el grande es de 6.4 pulgadas para satisfacer a tu pareja, y el peque\u00f1o es de 3.4 pulgadas para estimularte a ti misma.<\/p>\n<p><strong>10 modos de vibraci\u00f3n para una estimulaci\u00f3n personalizada<\/strong><\/p>\n<p>Este consolador de doble punta vibra en ambos extremos y tiene 10 modos de vibraci\u00f3n para darte a ti y a tu pareja diferentes estimulaciones.Puedes disfrutar de una estimulaci\u00f3n sincronizada con tu pareja e incluso llegar alto al mismo tiempo.<\/p>\n<p><strong>Resistente al agua para un juego vers\u00e1til<\/strong><\/p>\n<p>Totalmente resistente al agua, el consolador vibrador puede utilizarse con seguridad en la ducha o el ba\u00f1o, ampliando tus posibilidades de experiencias placenteras.<\/p>\n<p><img decoding=\"async\" src=\"https:\/\/vivbliss.com\/wp-content\/uploads\/2025\/09\/cc1f706f-4d0f-451b-a9e0-20748d643c00.__CR001464600_PT0_SX1464_V1___.jpg\" alt=\"strao en consolador\" class=\"product-desc-image\" style=\"max-width: 100%; height: auto; display: block; margin: 10px auto;\" \/><img decoding=\"async\" src=\"https:\/\/vivbliss.com\/wp-content\/uploads\/2025\/09\/80755dcd-4c2e-4fc5-8931-3d3707f6d77a.__CR001464600_PT0_SX1464_V1___.jpg\" alt=\"correa en el consolador\" class=\"product-desc-image\" style=\"max-width: 100%; height: auto; display: block; margin: 10px auto;\" \/><img decoding=\"async\" src=\"https:\/\/vivbliss.com\/wp-content\/uploads\/2025\/09\/1b2a60bd-c4bf-46c5-abff-c2267d6d86f8.__CR001464600_PT0_SX1464_V1___.jpg\" alt=\"correa en el consolador\" class=\"product-desc-image\" style=\"max-width: 100%; height: auto; display: block; margin: 10px auto;\" \/><img decoding=\"async\" src=\"https:\/\/vivbliss.com\/wp-content\/uploads\/2025\/09\/5abefcca-ac24-4fe7-b1cb-655d9c7bacd3.__CR001464600_PT0_SX1464_V1___.jpg\" alt=\"correa en el consolador\" class=\"product-desc-image\" style=\"max-width: 100%; height: auto; display: block; margin: 10px auto;\" \/><img decoding=\"async\" src=\"https:\/\/vivbliss.com\/wp-content\/uploads\/2025\/09\/17e86cae-413b-4b17-8a2e-7212bf6d3a9a.__CR001464600_PT0_SX1464_V1___.jpg\" alt=\"consolador\" class=\"product-desc-image\" style=\"max-width: 100%; height: auto; display: block; margin: 10px auto;\" \/><img decoding=\"async\" src=\"https:\/\/vivbliss.com\/wp-content\/uploads\/2025\/09\/1a8a2efc-1e5e-4efb-a69a-565a627f6529.__CR001464600_PT0_SX1464_V1___.jpg\" alt=\"correa en el consolador\" class=\"product-desc-image\" style=\"max-width: 100%; height: auto; display: block; margin: 10px auto;\" \/><\/p>","protected":false},"excerpt":{"rendered":"<p>Specifications Product Name: Lesbian Strap-on Dildo Vibrator Double-ended Dildo With Remote Control Material: Sillicone + ABS Power Source: Rechargeable Waterproof level: Daily Waterproof Function: 10-frequency vibration Noise: &lt;55dB Key Features Double-ended Dildo Design for Discreet Pleasure Designed for lesbian couples, It has two different sized dildos, the big one is 6.4 inches to satisfy your partner, and the small one is 3.4 inches to stimulate yourself. 10 Vibration Modes for Customized Stimulation This double ended dildo vibrates at both ends and has 10 vibration modes to give you and your partner different stimulation.You can enjoy synchronized stimulation with your partner and even reach high at the same time. Waterproof for Versatile Play Fully waterproof, the dildo vibrator can be safely used in the shower or bath, expanding your possibilities for pleasurable experiences.<\/p>","protected":false},"featured_media":37724,"template":"","meta":{"_acf_changed":false},"product_brand":[],"product_cat":[1892],"product_tag":[],"class_list":{"0":"post-37723","1":"product","2":"type-product","3":"status-publish","4":"has-post-thumbnail","6":"product_cat-couple-toys","8":"first","9":"instock","10":"shipping-taxable","11":"purchasable","12":"product-type-variable"},"acf":[],"_links":{"self":[{"href":"https:\/\/vivbliss.com\/es\/wp-json\/wp\/v2\/product\/37723","targetHints":{"allow":["GET"]}}],"collection":[{"href":"https:\/\/vivbliss.com\/es\/wp-json\/wp\/v2\/product"}],"about":[{"href":"https:\/\/vivbliss.com\/es\/wp-json\/wp\/v2\/types\/product"}],"version-history":[{"count":0,"href":"https:\/\/vivbliss.com\/es\/wp-json\/wp\/v2\/product\/37723\/revisions"}],"wp:featuredmedia":[{"embeddable":true,"href":"https:\/\/vivbliss.com\/es\/wp-json\/wp\/v2\/media\/37724"}],"wp:attachment":[{"href":"https:\/\/vivbliss.com\/es\/wp-json\/wp\/v2\/media?parent=37723"}],"wp:term":[{"taxonomy":"product_brand","embeddable":true,"href":"https:\/\/vivbliss.com\/es\/wp-json\/wp\/v2\/product_brand?post=37723"},{"taxonomy":"product_cat","embeddable":true,"href":"https:\/\/vivbliss.com\/es\/wp-json\/wp\/v2\/product_cat?post=37723"},{"taxonomy":"product_tag","embeddable":true,"href":"https:\/\/vivbliss.com\/es\/wp-json\/wp\/v2\/product_tag?post=37723"}],"curies":[{"name":"wp","href":"https:\/\/api.w.org\/{rel}","templated":true}]}}