{"id":36352,"date":"2025-09-13T03:48:36","date_gmt":"2025-09-13T03:48:36","guid":{"rendered":"https:\/\/vivbliss.com\/product\/rose-warming-g-spot-tongue-licking-vibrator-toy\/"},"modified":"2025-09-13T03:49:23","modified_gmt":"2025-09-13T03:49:23","slug":"rosa-calentamiento-punto-g-lengua-lamiendo-vibrador-juguete","status":"publish","type":"product","link":"https:\/\/vivbliss.com\/es\/product\/rose-warming-g-spot-tongue-licking-vibrator-toy\/","title":{"rendered":"Juguete Vibrador Punto G Calentador Leng\u00fceta Lamida Rosa"},"content":{"rendered":"<p>\u2764\u3010Rose Ornament\u3011La apariencia de la rosa es como un hermoso adorno. incluso si se coloca en cualquier lugar. no se encontrar\u00e1 que es un producto sexual. ll\u00e9velo con usted. y experimente el m\u00e1ximo placer en cualquier momento.<\/p>\n<p>\u2764\u301010 Frequency\u3011Potente modo de succi\u00f3n y modo de vibraci\u00f3n de frecuencia.El flujo de aire arremolinado generado por la vibraci\u00f3n interna succiona y se burla del cl\u00edtoris y la succi\u00f3n del pez\u00f3n.Ayud\u00e1ndote a llegar al orgasmo en poco tiempo.<\/p>\n<p>\u2764\u3010F\u00e1cil conmutaci\u00f3n\u3011 S\u00f3lo tiene que mantener pulsado ON \/ OFF para encenderlo y haga clic para cambiar la frecuencia de bombeo. que es simple y conveniente.<\/p>\n<p>\u2764\u3010Material Soft\u3011Skin-friendly silicone is used. which is softer. more comfortable. safer. and tasteless. El tacto suave y delicado le dar\u00e1 la experiencia m\u00e1s hermosa.<\/p>\n<p>\u2764\u3010Low decibel\u3011Deje que s\u00f3lo se escuchan gemidos sexy y sin ruido.Ideal para parejas cama \/ dormitorio juegos sexy.<\/p>\n<p><img decoding=\"async\" src=\"https:\/\/vivbliss.com\/wp-content\/uploads\/2025\/09\/4471b041d788ab89b41e3156ca0c0526_540x.webp\" alt=\"vibrador punto g calentador de rosas\" class=\"product-desc-image\" style=\"max-width: 100%; height: auto; display: block; margin: 10px auto;\" \/><img decoding=\"async\" src=\"https:\/\/vivbliss.com\/wp-content\/uploads\/2025\/09\/17f9603212f7d7887a9bdfb855362a68_540x.webp\" alt=\"vibrador punto g calentador de rosas\" class=\"product-desc-image\" style=\"max-width: 100%; height: auto; display: block; margin: 10px auto;\" \/><img decoding=\"async\" src=\"https:\/\/vivbliss.com\/wp-content\/uploads\/2025\/09\/d5cfc58f331cda8c619619e5fd06cbaa_540x.webp\" alt=\"vibrador punto g calentador de rosas\" class=\"product-desc-image\" style=\"max-width: 100%; height: auto; display: block; margin: 10px auto;\" \/><img decoding=\"async\" src=\"https:\/\/vivbliss.com\/wp-content\/uploads\/2025\/09\/ca191547e786787ee6c1cb1c6068af13_540x.webp\" alt=\"vibrador punto g calentador de rosas\" class=\"product-desc-image\" style=\"max-width: 100%; height: auto; display: block; margin: 10px auto;\" \/><img decoding=\"async\" src=\"https:\/\/vivbliss.com\/wp-content\/uploads\/2025\/09\/26d54e86204a32db381887edbbb555b6_540x.webp\" alt=\"vibrador punto g calentador de rosas\" class=\"product-desc-image\" style=\"max-width: 100%; height: auto; display: block; margin: 10px auto;\" \/><\/p>","protected":false},"excerpt":{"rendered":"<p>\u2764\u3010Rose Ornament\u3011The appearance of the rose is like a beautiful ornament. even if it is placed anywhere. it will not be found to be a sex product. carry it with you. and experience the ultimate pleasure at any time. \u2764\u301010 Frequency\u3011Powerful suction mode and frequency vibration mode. the swirling airflow generated by internal vibration sucks and teases clitoris and nipple sucking. helping you to orgasm in a short time. \u2764\u3010Easy switching\u3011 You only need to press and hold ON\/OFF to turn it on and click to switch the pumping frequency. which is simple and convenient. \u2764\u3010Material Soft\u3011Skin-friendly silicone is used. which is softer. more comfortable. safer. and tasteless. The soft and delicate touch will give you the most beautiful experience. \u2764\u3010Low decibel\u3011Let you only hear sexy moans and no noise. ideal for couples bed\/bedroom sexy games.<\/p>","protected":false},"featured_media":36353,"template":"","meta":{"_acf_changed":false},"product_brand":[],"product_cat":[1862],"product_tag":[],"class_list":{"0":"post-36352","1":"product","2":"type-product","3":"status-publish","4":"has-post-thumbnail","6":"product_cat-female-toys","8":"first","9":"instock","10":"sale","11":"shipping-taxable","12":"purchasable","13":"product-type-variable"},"acf":[],"_links":{"self":[{"href":"https:\/\/vivbliss.com\/es\/wp-json\/wp\/v2\/product\/36352","targetHints":{"allow":["GET"]}}],"collection":[{"href":"https:\/\/vivbliss.com\/es\/wp-json\/wp\/v2\/product"}],"about":[{"href":"https:\/\/vivbliss.com\/es\/wp-json\/wp\/v2\/types\/product"}],"version-history":[{"count":0,"href":"https:\/\/vivbliss.com\/es\/wp-json\/wp\/v2\/product\/36352\/revisions"}],"wp:featuredmedia":[{"embeddable":true,"href":"https:\/\/vivbliss.com\/es\/wp-json\/wp\/v2\/media\/36353"}],"wp:attachment":[{"href":"https:\/\/vivbliss.com\/es\/wp-json\/wp\/v2\/media?parent=36352"}],"wp:term":[{"taxonomy":"product_brand","embeddable":true,"href":"https:\/\/vivbliss.com\/es\/wp-json\/wp\/v2\/product_brand?post=36352"},{"taxonomy":"product_cat","embeddable":true,"href":"https:\/\/vivbliss.com\/es\/wp-json\/wp\/v2\/product_cat?post=36352"},{"taxonomy":"product_tag","embeddable":true,"href":"https:\/\/vivbliss.com\/es\/wp-json\/wp\/v2\/product_tag?post=36352"}],"curies":[{"name":"wp","href":"https:\/\/api.w.org\/{rel}","templated":true}]}}