{"id":35706,"date":"2025-09-12T02:49:58","date_gmt":"2025-09-12T02:49:58","guid":{"rendered":"https:\/\/vivbliss.com\/product\/peacock-feather-clitoral-stimulator-body-massager-with-10-vibration-modes\/"},"modified":"2025-09-12T02:50:22","modified_gmt":"2025-09-12T02:50:22","slug":"pluma-de-pavo-real-estimulador-del-clitoris-masajeador-corporal-con-10-modos-de-vibracion","status":"publish","type":"product","link":"https:\/\/vivbliss.com\/es\/product\/peacock-feather-clitoral-stimulator-body-massager-with-10-vibration-modes\/","title":{"rendered":"Estimulador de cl\u00edtoris de plumas de pavo real Masajeador corporal con 10 modos de vibraci\u00f3n"},"content":{"rendered":"<img decoding=\"async\" src=\"https:\/\/vivbliss.com\/wp-content\/uploads\/2025\/09\/baoguo2_a584ae11-b077-4792-bafc-1b309edd12d9.jpg\" alt=\"Estimulador de cl\u00edtoris con plumas de pavo real\" class=\"product-desc-image\" style=\"max-width: 100%; height: auto; display: block; margin: 10px auto;\" \/>\n<h3>Especificaciones:<\/h3>\n<p>Material: ABS+Silicona<br \/>Funci\u00f3n: 10 frecuencias de vibraci\u00f3n<br \/>Color: Verde<br \/>Tipo de mando: Bot\u00f3n<br \/>Ruido m\u00e1ximo: 40 dB<br \/>Impermeable: Impermeable diario<\/p>\n<h3>Caracter\u00edsticas principales:<\/h3>\n<p>Innovador dise\u00f1o de plumas en 3D: Este vibrador de cl\u00edtoris utiliza ondas oscilantes en espiral. Ofrece una inimaginable estimulaci\u00f3n del cl\u00edtoris y del punto G, alcanzando el cl\u00edmax en 90 segundos. Ideal para jugar con el pez\u00f3n y el cl\u00edtoris.<br \/>Potente vibraci\u00f3n de 10 modos: Con un motor de alta frecuencia que vibra hasta 15.000 veces por minuto, se dirige a las m\u00e1s de 8.000 terminaciones nerviosas del cl\u00edtoris. 10 modos de suave a intenso traje de todas las personas.<br \/>Estimulaci\u00f3n precisa del punto de placer: A diferencia de los tradicionales, su punta \u00fanica y sus ondas estimulan con precisi\u00f3n la zona del cl\u00edtoris y el punto G interno, desencadenando un placer intenso y distintivo.<br \/>Seguro, Impermeable: Fabricado en ABS y silicona respetuosos con el cuerpo, es impermeable para su uso en la ducha.<\/p>\n<p><img decoding=\"async\" src=\"https:\/\/vivbliss.com\/wp-content\/uploads\/2025\/09\/620ee58b025531f70267cf9986e1bc33.jpg\" alt=\"Estimulador de cl\u00edtoris con plumas de pavo real\" class=\"product-desc-image\" style=\"max-width: 100%; height: auto; display: block; margin: 10px auto;\" \/><img decoding=\"async\" src=\"https:\/\/vivbliss.com\/wp-content\/uploads\/2025\/09\/fc13d87c9007eecca0975837f8863691.jpg\" alt=\"Estimulador de cl\u00edtoris con plumas de pavo real\" class=\"product-desc-image\" style=\"max-width: 100%; height: auto; display: block; margin: 10px auto;\" \/><img decoding=\"async\" src=\"https:\/\/vivbliss.com\/wp-content\/uploads\/2025\/09\/31cf17b8b448698bb4c01a7a32a0fc5d.jpg\" alt=\"Estimulador de cl\u00edtoris con plumas de pavo real\" class=\"product-desc-image\" style=\"max-width: 100%; height: auto; display: block; margin: 10px auto;\" \/><img decoding=\"async\" src=\"https:\/\/vivbliss.com\/wp-content\/uploads\/2025\/09\/fe1790cdcf6bd4987acd7d23c69ed115.jpg\" alt=\"Estimulador de cl\u00edtoris con plumas de pavo real\" class=\"product-desc-image\" style=\"max-width: 100%; height: auto; display: block; margin: 10px auto;\" \/><\/p>","protected":false},"excerpt":{"rendered":"<p>Specifications: Material: ABS+SiliconeFunction: 10 frequency vibrationColor: GreenControl type: ButtonMax Noise: 40dBWaterproof: Daily Waterproof Key Features: Innovative 3D Feather Design: This clitoris vibrator uses spiral oscillating waves. It offers unimaginable clitoral and G &#8211; spot stimulation, reaching climax in 90 seconds. Ideal for nipple and clit play.Powerful 10 &#8211; Mode Vibration: With a high &#8211; frequency motor vibrating up to 15000 times\/minute, it targets all 8000+ clitoral nerve endings. 10 modes from gentle to intense suit all people.Precise Pleasure &#8211; Point Stimulation: Different from traditional ones, its unique tip and waves precisely stimulate the clitoral area and internal G &#8211; spot, triggering intense, distinctive pleasure.Safe, Waterproof: Made of body &#8211; friendly ABS and silicone, it&#8217;s waterproof for shower use.<\/p>","protected":false},"featured_media":35707,"template":"","meta":{"_acf_changed":false},"product_brand":[],"product_cat":[1862],"product_tag":[],"class_list":{"0":"post-35706","1":"product","2":"type-product","3":"status-publish","4":"has-post-thumbnail","6":"product_cat-female-toys","8":"first","9":"instock","10":"sale","11":"shipping-taxable","12":"purchasable","13":"product-type-variable"},"acf":[],"_links":{"self":[{"href":"https:\/\/vivbliss.com\/es\/wp-json\/wp\/v2\/product\/35706","targetHints":{"allow":["GET"]}}],"collection":[{"href":"https:\/\/vivbliss.com\/es\/wp-json\/wp\/v2\/product"}],"about":[{"href":"https:\/\/vivbliss.com\/es\/wp-json\/wp\/v2\/types\/product"}],"version-history":[{"count":0,"href":"https:\/\/vivbliss.com\/es\/wp-json\/wp\/v2\/product\/35706\/revisions"}],"wp:featuredmedia":[{"embeddable":true,"href":"https:\/\/vivbliss.com\/es\/wp-json\/wp\/v2\/media\/35707"}],"wp:attachment":[{"href":"https:\/\/vivbliss.com\/es\/wp-json\/wp\/v2\/media?parent=35706"}],"wp:term":[{"taxonomy":"product_brand","embeddable":true,"href":"https:\/\/vivbliss.com\/es\/wp-json\/wp\/v2\/product_brand?post=35706"},{"taxonomy":"product_cat","embeddable":true,"href":"https:\/\/vivbliss.com\/es\/wp-json\/wp\/v2\/product_cat?post=35706"},{"taxonomy":"product_tag","embeddable":true,"href":"https:\/\/vivbliss.com\/es\/wp-json\/wp\/v2\/product_tag?post=35706"}],"curies":[{"name":"wp","href":"https:\/\/api.w.org\/{rel}","templated":true}]}}