{"id":3387,"date":"2024-03-26T15:09:13","date_gmt":"2024-03-26T07:09:13","guid":{"rendered":"https:\/\/vivbliss.com\/?post_type=product&#038;p=3387"},"modified":"2025-06-04T02:32:56","modified_gmt":"2025-06-04T02:32:56","slug":"bragas-sin-entrepierna-sin-censura","status":"publish","type":"product","link":"https:\/\/vivbliss.com\/es\/product\/crotchless-panties-uncensored\/","title":{"rendered":"Bragas sin entrepierna sin censura"},"content":{"rendered":"<p>Esta pieza de lencer\u00eda Crotchless Panties Uncensored combina elegancia y sensualidad. Realza los momentos \u00edntimos con estilo y comodidad. El delicado tejido de encaje semitransparente se siente lujoso sobre la piel, mientras que los intrincados motivos florales a\u00f1aden sofisticaci\u00f3n \ud83c\udf38.<\/p>\n<p>La parte delantera presenta un bonito dise\u00f1o de encaje que provoca con la cantidad justa de cobertura. La cintura, de material el\u00e1stico, garantiza un ajuste seguro sin clavarse en la piel. Esto permite llevarlo sin esfuerzo durante las experiencias \u00edntimas.<\/p>\n<p>La espalda luce un atrevido dise\u00f1o abierto que deja poco a la imaginaci\u00f3n. La entrepierna abierta, elegantemente enmarcada con un ribete de encaje y sutiles detalles de anilla, realza la est\u00e9tica y facilita el acceso \ud83d\udd25.<\/p>\n<p>Elegantes anillas adornan los laterales, uniendo la parte delantera y la trasera. Estos anillos a\u00f1aden un toque moderno al cl\u00e1sico dise\u00f1o de encaje y contribuyen a la durabilidad y estructura de las braguitas. Ayudan a mantener la forma y el ajuste incluso despu\u00e9s de varios usos.<\/p>\n<p>Dise\u00f1adas para celebrar y acentuar las curvas naturales, las bragas Crotchless Uncensored encarnan la belleza y la funcionalidad. Perfectas para a\u00f1adir encanto a una colecci\u00f3n de lencer\u00eda o para ocasiones especiales, dejar\u00e1n una impresi\u00f3n duradera \ud83d\udc95.<\/p>","protected":false},"excerpt":{"rendered":"<p>This Crotchless Panties Uncensored lingerie piece blends elegance and sensuality. It enhances intimate moments with style and comfort. The delicate, semi-sheer lace fabric feels luxurious against the skin, while intricate floral patterns add sophistication \ud83c\udf38. The front features a beautiful lace design that teases with just the right amount of coverage. The waistband, made from stretchy material, ensures a secure fit without digging into the skin. This allows for effortless wear during intimate experiences. The back showcases a bold, open design that leaves little to the imagination. Tastefully framed with lace trim and subtle ring details, the open crotch area enhances the aesthetic and provides easy access \ud83d\udd25. Elegant rings adorn the sides, connecting the front and back. These rings add modern flair to the classic lace design and contribute to the panties&#8217; durability and structure. They help maintain shape and fit even after multiple wears. Designed to celebrate and accentuate natural curves, the Crotchless Panties Uncensored embody beauty and functionality. Perfect for adding allure to a lingerie collection or for special occasions, they will leave a lasting impression \ud83d\udc95.<\/p>","protected":false},"featured_media":3393,"template":"","meta":{"_acf_changed":false},"product_brand":[],"product_cat":[167],"product_tag":[395,241,226,224,225,382,231,403],"class_list":{"0":"post-3387","1":"product","2":"type-product","3":"status-publish","4":"has-post-thumbnail","6":"product_cat-crotchless-panties","7":"product_tag-crotchless-thong","8":"product_tag-extreme-open-crotch","9":"product_tag-open-crotch","10":"product_tag-open-crotch-panties","11":"product_tag-open-crotch-pants","12":"product_tag-open-crotch-panty","13":"product_tag-open-crotch-string","14":"product_tag-open-thong","16":"first","17":"instock","18":"sale","19":"shipping-taxable","20":"purchasable","21":"product-type-variable","22":"has-default-attributes"},"acf":[],"_links":{"self":[{"href":"https:\/\/vivbliss.com\/es\/wp-json\/wp\/v2\/product\/3387","targetHints":{"allow":["GET"]}}],"collection":[{"href":"https:\/\/vivbliss.com\/es\/wp-json\/wp\/v2\/product"}],"about":[{"href":"https:\/\/vivbliss.com\/es\/wp-json\/wp\/v2\/types\/product"}],"version-history":[{"count":0,"href":"https:\/\/vivbliss.com\/es\/wp-json\/wp\/v2\/product\/3387\/revisions"}],"wp:featuredmedia":[{"embeddable":true,"href":"https:\/\/vivbliss.com\/es\/wp-json\/wp\/v2\/media\/3393"}],"wp:attachment":[{"href":"https:\/\/vivbliss.com\/es\/wp-json\/wp\/v2\/media?parent=3387"}],"wp:term":[{"taxonomy":"product_brand","embeddable":true,"href":"https:\/\/vivbliss.com\/es\/wp-json\/wp\/v2\/product_brand?post=3387"},{"taxonomy":"product_cat","embeddable":true,"href":"https:\/\/vivbliss.com\/es\/wp-json\/wp\/v2\/product_cat?post=3387"},{"taxonomy":"product_tag","embeddable":true,"href":"https:\/\/vivbliss.com\/es\/wp-json\/wp\/v2\/product_tag?post=3387"}],"curies":[{"name":"wp","href":"https:\/\/api.w.org\/{rel}","templated":true}]}}