{"id":20823,"date":"2024-05-11T17:14:52","date_gmt":"2024-05-11T09:14:52","guid":{"rendered":"https:\/\/vivbliss.com\/?post_type=product&#038;p=20823"},"modified":"2024-10-22T15:06:13","modified_gmt":"2024-10-22T15:06:13","slug":"disfraz-sexy","status":"publish","type":"product","link":"https:\/\/vivbliss.com\/es\/product\/sexy-cover-up\/","title":{"rendered":"Encubrimiento sexy"},"content":{"rendered":"<p>Este disfraz sexy cautiva y seduce, es perfecto para momentos \u00edntimos o para hacer una declaraci\u00f3n atrevida. La delicada malla negra combina elegancia y atractivo.<\/p>\n<p>\u2728 La parte delantera presenta un escote alto que se transforma en un dise\u00f1o halter abierto. Este dise\u00f1o acent\u00faa las curvas naturales de los hombros y el escote. El tejido transparente cubre el cuerpo y deja entrever la piel que hay debajo. Las estrat\u00e9gicas aberturas realzan la zona del busto, manteniendo una sensaci\u00f3n de misterio.<\/p>\n<p>\ud83c\udf39 La falda larga y vaporosa se abre atrevidamente en la parte delantera, permitiendo un movimiento gr\u00e1cil y una coqueta revelaci\u00f3n de las piernas. Esta abertura a la altura de los muslos a\u00f1ade seducci\u00f3n, convirtiendo cada paso en una oportunidad para mostrar confianza y estilo.<\/p>\n<p>\ud83d\udc8b La espalda es igual de impresionante, con un dise\u00f1o abierto que deja al descubierto toda la espalda. El tirante se prolonga hasta la parte baja de la espalda, creando una silueta alargada. El espectacular detalle de la espalda descubierta se complementa con el tejido transparente que cae en cascada, resaltando las curvas y contornos naturales del cuerpo.<\/p>\n<p>\ud83c\udf1f Los guantes transparentes a juego se extienden hasta los codos, realzando el look general. Estos guantes a\u00f1aden sofisticaci\u00f3n y elegancia, completando el conjunto.<\/p>\n<p>\ud83d\udc60 Empareja este Sexy Cover Up con tu lencer\u00eda favorita o ll\u00e9valo solo para conseguir un look inolvidable. Ya sea para una ocasi\u00f3n especial o una velada privada, esta pieza causar\u00e1 una impresi\u00f3n duradera.<\/p>","protected":false},"excerpt":{"rendered":"<p>This Sexy Cover Up captivates and entices, perfect for intimate moments or making a bold statement. The delicate, sheer black mesh blends elegance with allure. \u2728 The front features a high neckline that transitions into an open halter design. This design accentuates the natural curves of the shoulders and neckline. The sheer fabric drapes over the body, offering a tantalizing glimpse of the skin beneath. Strategic cut-outs highlight the bust area, maintaining a sense of mystery. \ud83c\udf39 The long, flowing skirt splits daringly at the front, allowing graceful movement and a flirtatious reveal of the legs. This thigh-high slit adds seduction, making every step an opportunity to showcase confidence and style. \ud83d\udc8b The back is equally stunning with a plunging open design, baring the back entirely. The halter strap continues down to meet at the lower back, creating an elongated silhouette. The dramatic open-back detail is complemented by the sheer fabric that cascades down, highlighting the natural curves and contours of the body. \ud83c\udf1f Matching sheer gloves extend to the elbows, enhancing the overall look. These gloves add sophistication and elegance, completing the ensemble. \ud83d\udc60 Pair this Sexy Cover Up with your favorite lingerie or wear it on its own for an unforgettable look. Whether for a special occasion or a private evening, this piece will make a lasting impression.<\/p>","protected":false},"featured_media":20826,"template":"","meta":{"_acf_changed":false},"product_brand":[],"product_cat":[938],"product_tag":[885,884,883,886,887],"class_list":{"0":"post-20823","1":"product","2":"type-product","3":"status-publish","4":"has-post-thumbnail","6":"product_cat-slutty-dress","7":"product_tag-open-womens-sexy-cover-up","8":"product_tag-see-through-erotic-mesh-dress","9":"product_tag-see-through-sexy-summer-open-dress","10":"product_tag-sheer-black-see-thru-sleepwear","11":"product_tag-vacation-dress","13":"first","14":"instock","15":"sale","16":"shipping-taxable","17":"purchasable","18":"product-type-variable","19":"has-default-attributes"},"acf":[],"_links":{"self":[{"href":"https:\/\/vivbliss.com\/es\/wp-json\/wp\/v2\/product\/20823","targetHints":{"allow":["GET"]}}],"collection":[{"href":"https:\/\/vivbliss.com\/es\/wp-json\/wp\/v2\/product"}],"about":[{"href":"https:\/\/vivbliss.com\/es\/wp-json\/wp\/v2\/types\/product"}],"version-history":[{"count":0,"href":"https:\/\/vivbliss.com\/es\/wp-json\/wp\/v2\/product\/20823\/revisions"}],"wp:featuredmedia":[{"embeddable":true,"href":"https:\/\/vivbliss.com\/es\/wp-json\/wp\/v2\/media\/20826"}],"wp:attachment":[{"href":"https:\/\/vivbliss.com\/es\/wp-json\/wp\/v2\/media?parent=20823"}],"wp:term":[{"taxonomy":"product_brand","embeddable":true,"href":"https:\/\/vivbliss.com\/es\/wp-json\/wp\/v2\/product_brand?post=20823"},{"taxonomy":"product_cat","embeddable":true,"href":"https:\/\/vivbliss.com\/es\/wp-json\/wp\/v2\/product_cat?post=20823"},{"taxonomy":"product_tag","embeddable":true,"href":"https:\/\/vivbliss.com\/es\/wp-json\/wp\/v2\/product_tag?post=20823"}],"curies":[{"name":"wp","href":"https:\/\/api.w.org\/{rel}","templated":true}]}}