{"id":28794,"date":"2024-07-12T18:03:34","date_gmt":"2024-07-12T10:03:34","guid":{"rendered":"https:\/\/vivbliss.com\/?page_id=28794"},"modified":"2024-07-12T18:39:30","modified_gmt":"2024-07-12T10:39:30","slug":"pedidos-al-por-mayor","status":"publish","type":"page","link":"https:\/\/vivbliss.com\/es\/wholesale-orders\/","title":{"rendered":"Pedidos al por mayor"},"content":{"rendered":"<div data-elementor-type=\"wp-page\" data-elementor-id=\"28794\" class=\"elementor elementor-28794\" data-elementor-post-type=\"page\">\n\t\t\t\t<div class=\"elementor-element elementor-element-6e93be8 e-flex e-con-boxed e-con e-parent\" data-id=\"6e93be8\" data-element_type=\"container\" data-e-type=\"container\">\n\t\t\t\t\t<div class=\"e-con-inner\">\n\t\t\t\t<div class=\"elementor-element elementor-element-b637c43 elementor-widget elementor-widget-heading\" data-id=\"b637c43\" data-element_type=\"widget\" data-e-type=\"widget\" data-widget_type=\"heading.default\">\n\t\t\t\t<div class=\"elementor-widget-container\">\n\t\t\t\t\t<h2 class=\"elementor-heading-title elementor-size-default\">PEDIDOS AL POR MAYOR<\/h2>\t\t\t\t<\/div>\n\t\t\t\t<\/div>\n\t\t\t\t<div class=\"elementor-element elementor-element-9f1382e elementor-widget elementor-widget-text-editor\" data-id=\"9f1382e\" data-element_type=\"widget\" data-e-type=\"widget\" data-widget_type=\"text-editor.default\">\n\t\t\t\t<div class=\"elementor-widget-container\">\n\t\t\t\t\t\t\t\t\t<p>vivbliss.com es un proveedor l\u00edder de lencer\u00eda al por mayor en los Estados Unidos, para particulares o empresas interesadas en la asociaci\u00f3n al por mayor. Precios al por mayor es t\u00edpicamente 50% menos de lo que se ve en nuestro sitio web en vivo. Ofrecemos pedidos en l\u00ednea f\u00e1ciles y podemos hacer pedidos personalizados para grandes cantidades. Por favor, p\u00f3ngase en contacto con nosotros por service@vivbliss.com y nos pondremos en contacto con usted con m\u00e1s informaci\u00f3n.<\/p>\n<p>Cuando se ponga en contacto con nosotros, facil\u00edtenos la siguiente informaci\u00f3n.<\/p>\n<p>1. El nombre de su empresa o tienda<\/p>\n<p>2. La cantidad general de productos que desea comprar.<\/p>\n<p>Esperamos poder ayudarle.<\/p>\t\t\t\t\t\t\t\t<\/div>\n\t\t\t\t<\/div>\n\t\t\t\t\t<\/div>\n\t\t\t\t<\/div>\n\t\t\t\t<\/div>","protected":false},"excerpt":{"rendered":"<p>WHOLESALE ORDERS vivbliss.com is a leading supplier of wholesale lingerie in the United States, for individuals or companies interested in wholesale partnership. Wholesale pricing is typically 50% less then what you see on our live website. We offer easy online ordering and can do custom orders for larger quantities. Please contact us by service@vivbliss.com and we will get back to you with more information. When contacting us, please provide the following information. 1. The name of your company or store 2. The general quantity of the products you are looking to purchase. We look forward to helping you.<\/p>","protected":false},"author":1,"featured_media":0,"parent":0,"menu_order":0,"comment_status":"closed","ping_status":"closed","template":"","meta":{"_acf_changed":false,"footnotes":""},"class_list":["post-28794","page","type-page","status-publish","hentry","post-no-thumbnail"],"acf":[],"_links":{"self":[{"href":"https:\/\/vivbliss.com\/es\/wp-json\/wp\/v2\/pages\/28794","targetHints":{"allow":["GET"]}}],"collection":[{"href":"https:\/\/vivbliss.com\/es\/wp-json\/wp\/v2\/pages"}],"about":[{"href":"https:\/\/vivbliss.com\/es\/wp-json\/wp\/v2\/types\/page"}],"author":[{"embeddable":true,"href":"https:\/\/vivbliss.com\/es\/wp-json\/wp\/v2\/users\/1"}],"replies":[{"embeddable":true,"href":"https:\/\/vivbliss.com\/es\/wp-json\/wp\/v2\/comments?post=28794"}],"version-history":[{"count":0,"href":"https:\/\/vivbliss.com\/es\/wp-json\/wp\/v2\/pages\/28794\/revisions"}],"wp:attachment":[{"href":"https:\/\/vivbliss.com\/es\/wp-json\/wp\/v2\/media?parent=28794"}],"curies":[{"name":"wp","href":"https:\/\/api.w.org\/{rel}","templated":true}]}}