{"id":18311,"date":"2024-05-08T10:37:55","date_gmt":"2024-05-08T02:37:55","guid":{"rendered":"https:\/\/vivbliss.com\/?page_id=18311"},"modified":"2024-11-13T01:21:25","modified_gmt":"2024-11-13T01:21:25","slug":"comunidad","status":"publish","type":"page","link":"https:\/\/vivbliss.com\/es\/community\/","title":{"rendered":"Comunidad"},"content":{"rendered":"<div data-elementor-type=\"wp-page\" data-elementor-id=\"18311\" class=\"elementor elementor-18311\" data-elementor-post-type=\"page\">\n\t\t\t\t<div class=\"elementor-element elementor-element-3806666 e-flex e-con-boxed e-con e-parent\" data-id=\"3806666\" data-element_type=\"container\" data-e-type=\"container\">\n\t\t\t\t\t<div class=\"e-con-inner\">\n\t\t\t\t<div class=\"elementor-element elementor-element-8feaa33 elementor-widget elementor-widget-heading\" data-id=\"8feaa33\" data-element_type=\"widget\" data-e-type=\"widget\" data-widget_type=\"heading.default\">\n\t\t\t\t<div class=\"elementor-widget-container\">\n\t\t\t\t\t<h1 class=\"elementor-heading-title elementor-size-default\">\u00danete a nuestra gran familia<\/h1>\t\t\t\t<\/div>\n\t\t\t\t<\/div>\n\t\t\t\t<div class=\"elementor-element elementor-element-9adb44f elementor-widget elementor-widget-heading\" data-id=\"9adb44f\" data-element_type=\"widget\" data-e-type=\"widget\" data-widget_type=\"heading.default\">\n\t\t\t\t<div class=\"elementor-widget-container\">\n\t\t\t\t\t<span class=\"elementor-heading-title elementor-size-default\">Muestra, conecta, ten citas, intercambia y disfruta de cupones, \u00a1y mucho m\u00e1s! \ud83d\udc83\ud83d\udc65\ud83d\udc8b<\/span>\t\t\t\t<\/div>\n\t\t\t\t<\/div>\n\t\t\t\t\t<\/div>\n\t\t\t\t<\/div>\n\t\t<div class=\"elementor-element elementor-element-871fc39 e-flex e-con-boxed e-con e-parent\" data-id=\"871fc39\" data-element_type=\"container\" data-e-type=\"container\">\n\t\t\t\t\t<div class=\"e-con-inner\">\n\t\t<div class=\"elementor-element elementor-element-8cacb6a e-con-full e-flex e-con e-child\" data-id=\"8cacb6a\" data-element_type=\"container\" data-e-type=\"container\">\n\t\t\t\t<div class=\"elementor-element elementor-element-689de15 elementor-widget elementor-widget-image\" data-id=\"689de15\" data-element_type=\"widget\" data-e-type=\"widget\" data-widget_type=\"image.default\">\n\t\t\t\t<div class=\"elementor-widget-container\">\n\t\t\t\t\t\t\t\t\t\t\t\t\t\t\t<img fetchpriority=\"high\" decoding=\"async\" width=\"512\" height=\"512\" src=\"https:\/\/vivbliss.com\/wp-content\/uploads\/2024\/05\/affiliate-marketing.png\" class=\"attachment-large size-large wp-image-21704\" alt=\"\" srcset=\"https:\/\/vivbliss.com\/wp-content\/uploads\/2024\/05\/affiliate-marketing.png 512w, https:\/\/vivbliss.com\/wp-content\/uploads\/2024\/05\/affiliate-marketing-150x150.png 150w, https:\/\/vivbliss.com\/wp-content\/uploads\/2024\/05\/affiliate-marketing-500x500.png 500w, https:\/\/vivbliss.com\/wp-content\/uploads\/2024\/05\/affiliate-marketing-300x300.png 300w, https:\/\/vivbliss.com\/wp-content\/uploads\/2024\/05\/affiliate-marketing-75x75.png 75w, https:\/\/vivbliss.com\/wp-content\/uploads\/2024\/05\/affiliate-marketing-480x480.png 480w\" sizes=\"(max-width: 512px) 100vw, 512px\" \/>\t\t\t\t\t\t\t\t\t\t\t\t\t\t\t<\/div>\n\t\t\t\t<\/div>\n\t\t\t\t<div class=\"elementor-element elementor-element-65d7050 elementor-widget elementor-widget-heading\" data-id=\"65d7050\" data-element_type=\"widget\" data-e-type=\"widget\" data-widget_type=\"heading.default\">\n\t\t\t\t<div class=\"elementor-widget-container\">\n\t\t\t\t\t<h2 class=\"elementor-heading-title elementor-size-default\">Afiliarse<\/h2>\t\t\t\t<\/div>\n\t\t\t\t<\/div>\n\t\t\t\t<div class=\"elementor-element elementor-element-24232e5 elementor-widget elementor-widget-text-editor\" data-id=\"24232e5\" data-element_type=\"widget\" data-e-type=\"widget\" data-widget_type=\"text-editor.default\">\n\t\t\t\t<div class=\"elementor-widget-container\">\n\t\t\t\t\t\t\t\t\t<p>En un plazo de 30 d\u00edas, cualquier compra realizada por los clientes a trav\u00e9s del enlace de afiliado obtendr\u00e1 una comisi\u00f3n de 20%. Los pagos se procesan el \u00faltimo d\u00eda de cada mes. \ud83d\udcb8\ud83d\udcc5<\/p>\t\t\t\t\t\t\t\t<\/div>\n\t\t\t\t<\/div>\n\t\t\t\t<div class=\"elementor-element elementor-element-15412aa elementor-align-center elementor-widget elementor-widget-button\" data-id=\"15412aa\" data-element_type=\"widget\" data-e-type=\"widget\" data-widget_type=\"button.default\">\n\t\t\t\t<div class=\"elementor-widget-container\">\n\t\t\t\t\t\t\t\t\t<div class=\"elementor-button-wrapper\">\n\t\t\t\t\t<a class=\"elementor-button elementor-button-link elementor-size-sm\" href=\"https:\/\/vivbliss.com\/es\/affiliate-dashboard\/\" target=\"_blank\">\n\t\t\t\t\t\t<span class=\"elementor-button-content-wrapper\">\n\t\t\t\t\t\t<span class=\"elementor-button-icon\">\n\t\t\t\t<svg aria-hidden=\"true\" class=\"e-font-icon-svg e-fas-money-check-alt\" viewbox=\"0 0 640 512\" xmlns=\"http:\/\/www.w3.org\/2000\/svg\"><path d=\"M608 32H32C14.33 32 0 46.33 0 64v384c0 17.67 14.33 32 32 32h576c17.67 0 32-14.33 32-32V64c0-17.67-14.33-32-32-32zM176 327.88V344c0 4.42-3.58 8-8 8h-16c-4.42 0-8-3.58-8-8v-16.29c-11.29-.58-22.27-4.52-31.37-11.35-3.9-2.93-4.1-8.77-.57-12.14l11.75-11.21c2.77-2.64 6.89-2.76 10.13-.73 3.87 2.42 8.26 3.72 12.82 3.72h28.11c6.5 0 11.8-5.92 11.8-13.19 0-5.95-3.61-11.19-8.77-12.73l-45-13.5c-18.59-5.58-31.58-23.42-31.58-43.39 0-24.52 19.05-44.44 42.67-45.07V152c0-4.42 3.58-8 8-8h16c4.42 0 8 3.58 8 8v16.29c11.29.58 22.27 4.51 31.37 11.35 3.9 2.93 4.1 8.77.57 12.14l-11.75 11.21c-2.77 2.64-6.89 2.76-10.13.73-3.87-2.43-8.26-3.72-12.82-3.72h-28.11c-6.5 0-11.8 5.92-11.8 13.19 0 5.95 3.61 11.19 8.77 12.73l45 13.5c18.59 5.58 31.58 23.42 31.58 43.39 0 24.53-19.05 44.44-42.67 45.07zM416 312c0 4.42-3.58 8-8 8H296c-4.42 0-8-3.58-8-8v-16c0-4.42 3.58-8 8-8h112c4.42 0 8 3.58 8 8v16zm160 0c0 4.42-3.58 8-8 8h-80c-4.42 0-8-3.58-8-8v-16c0-4.42 3.58-8 8-8h80c4.42 0 8 3.58 8 8v16zm0-96c0 4.42-3.58 8-8 8H296c-4.42 0-8-3.58-8-8v-16c0-4.42 3.58-8 8-8h272c4.42 0 8 3.58 8 8v16z\"><\/path><\/svg>\t\t\t<\/span>\n\t\t\t\t\t\t\t\t\t<span class=\"elementor-button-text\">Afiliarse<\/span>\n\t\t\t\t\t<\/span>\n\t\t\t\t\t<\/a>\n\t\t\t\t<\/div>\n\t\t\t\t\t\t\t\t<\/div>\n\t\t\t\t<\/div>\n\t\t\t\t<\/div>\n\t\t<div class=\"elementor-element elementor-element-c43c7f3 e-con-full e-flex e-con e-child\" data-id=\"c43c7f3\" data-element_type=\"container\" data-e-type=\"container\">\n\t\t\t\t<div class=\"elementor-element elementor-element-a3695ef elementor-widget elementor-widget-image\" data-id=\"a3695ef\" data-element_type=\"widget\" data-e-type=\"widget\" data-widget_type=\"image.default\">\n\t\t\t\t<div class=\"elementor-widget-container\">\n\t\t\t\t\t\t\t\t\t\t\t\t\t\t\t<img decoding=\"async\" width=\"454\" height=\"451\" src=\"https:\/\/vivbliss.com\/wp-content\/uploads\/2024\/06\/reviews.png\" class=\"attachment-large size-large wp-image-23867\" alt=\"\" srcset=\"https:\/\/vivbliss.com\/wp-content\/uploads\/2024\/06\/reviews.png 454w, https:\/\/vivbliss.com\/wp-content\/uploads\/2024\/06\/reviews-150x150.png 150w, https:\/\/vivbliss.com\/wp-content\/uploads\/2024\/06\/reviews-300x298.png 300w, https:\/\/vivbliss.com\/wp-content\/uploads\/2024\/06\/reviews-75x75.png 75w\" sizes=\"(max-width: 454px) 100vw, 454px\" \/>\t\t\t\t\t\t\t\t\t\t\t\t\t\t\t<\/div>\n\t\t\t\t<\/div>\n\t\t\t\t<div class=\"elementor-element elementor-element-61b736d elementor-widget elementor-widget-heading\" data-id=\"61b736d\" data-element_type=\"widget\" data-e-type=\"widget\" data-widget_type=\"heading.default\">\n\t\t\t\t<div class=\"elementor-widget-container\">\n\t\t\t\t\t<h2 class=\"elementor-heading-title elementor-size-default\">Rese\u00f1as de confianza<\/h2>\t\t\t\t<\/div>\n\t\t\t\t<\/div>\n\t\t\t\t<div class=\"elementor-element elementor-element-e31384c elementor-widget elementor-widget-text-editor\" data-id=\"e31384c\" data-element_type=\"widget\" data-e-type=\"widget\" data-widget_type=\"text-editor.default\">\n\t\t\t\t<div class=\"elementor-widget-container\">\n\t\t\t\t\t\t\t\t\t<p>Todos los datos de las rese\u00f1as proceden de una plataforma de terceros llamada <a href=\"https:\/\/judge.me\/reviews\" target=\"_blank\" rel=\"noopener\">judge.me<\/a>que se especializa en recopilar opiniones aut\u00e9nticas de clientes. Son completamente aut\u00e9nticas y dignas de confianza. \u2705\ud83d\udcdd<\/p>\t\t\t\t\t\t\t\t<\/div>\n\t\t\t\t<\/div>\n\t\t\t\t<div class=\"elementor-element elementor-element-6914d23 elementor-align-center elementor-widget elementor-widget-button\" data-id=\"6914d23\" data-element_type=\"widget\" data-e-type=\"widget\" data-widget_type=\"button.default\">\n\t\t\t\t<div class=\"elementor-widget-container\">\n\t\t\t\t\t\t\t\t\t<div class=\"elementor-button-wrapper\">\n\t\t\t\t\t<a class=\"elementor-button elementor-button-link elementor-size-sm\" href=\"https:\/\/vivbliss.com\/es\/resenas\/\" target=\"_blank\">\n\t\t\t\t\t\t<span class=\"elementor-button-content-wrapper\">\n\t\t\t\t\t\t<span class=\"elementor-button-icon\">\n\t\t\t\t<svg aria-hidden=\"true\" class=\"e-font-icon-svg e-fas-star-half-alt\" viewbox=\"0 0 536 512\" xmlns=\"http:\/\/www.w3.org\/2000\/svg\"><path d=\"M508.55 171.51L362.18 150.2 296.77 17.81C290.89 5.98 279.42 0 267.95 0c-11.4 0-22.79 5.9-28.69 17.81l-65.43 132.38-146.38 21.29c-26.25 3.8-36.77 36.09-17.74 54.59l105.89 103-25.06 145.48C86.98 495.33 103.57 512 122.15 512c4.93 0 10-1.17 14.87-3.75l130.95-68.68 130.94 68.7c4.86 2.55 9.92 3.71 14.83 3.71 18.6 0 35.22-16.61 31.66-37.4l-25.03-145.49 105.91-102.98c19.04-18.5 8.52-50.8-17.73-54.6zm-121.74 123.2l-18.12 17.62 4.28 24.88 19.52 113.45-102.13-53.59-22.38-11.74.03-317.19 51.03 103.29 11.18 22.63 25.01 3.64 114.23 16.63-82.65 80.38z\"><\/path><\/svg>\t\t\t<\/span>\n\t\t\t\t\t\t\t\t\t<span class=\"elementor-button-text\">Leer comentarios<\/span>\n\t\t\t\t\t<\/span>\n\t\t\t\t\t<\/a>\n\t\t\t\t<\/div>\n\t\t\t\t\t\t\t\t<\/div>\n\t\t\t\t<\/div>\n\t\t\t\t<\/div>\n\t\t\t\t\t<\/div>\n\t\t\t\t<\/div>\n\t\t<div class=\"elementor-element elementor-element-f00c967 e-flex e-con-boxed e-con e-parent\" data-id=\"f00c967\" data-element_type=\"container\" data-e-type=\"container\">\n\t\t\t\t\t<div class=\"e-con-inner\">\n\t\t<div class=\"elementor-element elementor-element-b0bd093 e-con-full e-flex e-con e-child\" data-id=\"b0bd093\" data-element_type=\"container\" data-e-type=\"container\">\n\t\t\t\t<div class=\"elementor-element elementor-element-36ce7c5 elementor-widget elementor-widget-image\" data-id=\"36ce7c5\" data-element_type=\"widget\" data-e-type=\"widget\" data-widget_type=\"image.default\">\n\t\t\t\t<div class=\"elementor-widget-container\">\n\t\t\t\t\t\t\t\t\t\t\t\t\t\t\t<img decoding=\"async\" width=\"640\" height=\"640\" src=\"https:\/\/vivbliss.com\/wp-content\/uploads\/2024\/05\/Twitter-X-Line-Icon-PNG-1200x1200.png\" class=\"attachment-large size-large wp-image-18345\" alt=\"\" srcset=\"https:\/\/vivbliss.com\/wp-content\/uploads\/2024\/05\/Twitter-X-Line-Icon-PNG-1200x1200.png 1200w, https:\/\/vivbliss.com\/wp-content\/uploads\/2024\/05\/Twitter-X-Line-Icon-PNG-150x150.png 150w, https:\/\/vivbliss.com\/wp-content\/uploads\/2024\/05\/Twitter-X-Line-Icon-PNG-600x600.png 600w, https:\/\/vivbliss.com\/wp-content\/uploads\/2024\/05\/Twitter-X-Line-Icon-PNG-96x96.png 96w, https:\/\/vivbliss.com\/wp-content\/uploads\/2024\/05\/Twitter-X-Line-Icon-PNG-300x300.png 300w, https:\/\/vivbliss.com\/wp-content\/uploads\/2024\/05\/Twitter-X-Line-Icon-PNG-500x500.png 500w, https:\/\/vivbliss.com\/wp-content\/uploads\/2024\/05\/Twitter-X-Line-Icon-PNG-768x768.png 768w, https:\/\/vivbliss.com\/wp-content\/uploads\/2024\/05\/Twitter-X-Line-Icon-PNG-1536x1536.png 1536w, https:\/\/vivbliss.com\/wp-content\/uploads\/2024\/05\/Twitter-X-Line-Icon-PNG-2048x2048.png 2048w, https:\/\/vivbliss.com\/wp-content\/uploads\/2024\/05\/Twitter-X-Line-Icon-PNG-75x75.png 75w, https:\/\/vivbliss.com\/wp-content\/uploads\/2024\/05\/Twitter-X-Line-Icon-PNG-480x480.png 480w\" sizes=\"(max-width: 640px) 100vw, 640px\" \/>\t\t\t\t\t\t\t\t\t\t\t\t\t\t\t<\/div>\n\t\t\t\t<\/div>\n\t\t\t\t<div class=\"elementor-element elementor-element-9ad6963 elementor-widget elementor-widget-heading\" data-id=\"9ad6963\" data-element_type=\"widget\" data-e-type=\"widget\" data-widget_type=\"heading.default\">\n\t\t\t\t<div class=\"elementor-widget-container\">\n\t\t\t\t\t<h2 class=\"elementor-heading-title elementor-size-default\">Espacio X<\/h2>\t\t\t\t<\/div>\n\t\t\t\t<\/div>\n\t\t\t\t<div class=\"elementor-element elementor-element-bccd142 elementor-widget elementor-widget-text-editor\" data-id=\"bccd142\" data-element_type=\"widget\" data-e-type=\"widget\" data-widget_type=\"text-editor.default\">\n\t\t\t\t<div class=\"elementor-widget-container\">\n\t\t\t\t\t\t\t\t\t<p>Encontrar\u00e1 nuestras \u00faltimas actualizaciones de productos, ofertas especiales y promociones. \u00a1\u00danete a nosotros y estar a la vanguardia de la tendencia Er\u00f3tica, recibiendo actualizaciones en tiempo real! \ud83d\udcab\ud83d\udecd\ufe0f<\/p>\t\t\t\t\t\t\t\t<\/div>\n\t\t\t\t<\/div>\n\t\t\t\t<div class=\"elementor-element elementor-element-bb27753 elementor-align-center elementor-widget elementor-widget-button\" data-id=\"bb27753\" data-element_type=\"widget\" data-e-type=\"widget\" data-widget_type=\"button.default\">\n\t\t\t\t<div class=\"elementor-widget-container\">\n\t\t\t\t\t\t\t\t\t<div class=\"elementor-button-wrapper\">\n\t\t\t\t\t<a class=\"elementor-button elementor-button-link elementor-size-sm\" href=\"https:\/\/twitter.com\/vivbliss198523\" target=\"_blank\">\n\t\t\t\t\t\t<span class=\"elementor-button-content-wrapper\">\n\t\t\t\t\t\t<span class=\"elementor-button-icon\">\n\t\t\t\t<svg aria-hidden=\"true\" class=\"e-font-icon-svg e-fab-x-twitter\" viewbox=\"0 0 512 512\" xmlns=\"http:\/\/www.w3.org\/2000\/svg\"><path d=\"M389.2 48h70.6L305.6 224.2 487 464H345L233.7 318.6 106.5 464H35.8L200.7 275.5 26.8 48H172.4L272.9 180.9 389.2 48zM364.4 421.8h39.1L151.1 88h-42L364.4 421.8z\"><\/path><\/svg>\t\t\t<\/span>\n\t\t\t\t\t\t\t\t\t<span class=\"elementor-button-text\">\u00danete aqu\u00ed<\/span>\n\t\t\t\t\t<\/span>\n\t\t\t\t\t<\/a>\n\t\t\t\t<\/div>\n\t\t\t\t\t\t\t\t<\/div>\n\t\t\t\t<\/div>\n\t\t\t\t<\/div>\n\t\t\t\t\t<\/div>\n\t\t\t\t<\/div>\n\t\t\t\t<\/div>","protected":false},"excerpt":{"rendered":"<p>Join Our Big Family! Showcase, connect, date, swap, and enjoy coupons, and more! \ud83d\udc83\ud83d\udc65\ud83d\udc8b Become an Affiliate Within 30 days, any purchases made by customers through the affiliate link will earn a 20% commission. Payments are processed on the last day of each month. \ud83d\udcb8\ud83d\udcc5 Become an Affiliate Trusted Reviews All review data comes from a third-party platform called judge.me, which specializes in collecting genuine customer reviews. They are completely authentic and trustworthy. \u2705\ud83d\udcdd Read Reviews X Space You&#8217;ll find our latest product updates, special offers, and promotions. Join us and be at the forefront of the Erotic trend, receiving updates in real-time! \ud83d\udcab\ud83d\udecd\ufe0f Join Here<\/p>","protected":false},"author":1,"featured_media":0,"parent":0,"menu_order":0,"comment_status":"closed","ping_status":"closed","template":"","meta":{"_acf_changed":false,"footnotes":""},"class_list":["post-18311","page","type-page","status-publish","hentry","post-no-thumbnail"],"acf":[],"_links":{"self":[{"href":"https:\/\/vivbliss.com\/es\/wp-json\/wp\/v2\/pages\/18311","targetHints":{"allow":["GET"]}}],"collection":[{"href":"https:\/\/vivbliss.com\/es\/wp-json\/wp\/v2\/pages"}],"about":[{"href":"https:\/\/vivbliss.com\/es\/wp-json\/wp\/v2\/types\/page"}],"author":[{"embeddable":true,"href":"https:\/\/vivbliss.com\/es\/wp-json\/wp\/v2\/users\/1"}],"replies":[{"embeddable":true,"href":"https:\/\/vivbliss.com\/es\/wp-json\/wp\/v2\/comments?post=18311"}],"version-history":[{"count":0,"href":"https:\/\/vivbliss.com\/es\/wp-json\/wp\/v2\/pages\/18311\/revisions"}],"wp:attachment":[{"href":"https:\/\/vivbliss.com\/es\/wp-json\/wp\/v2\/media?parent=18311"}],"curies":[{"name":"wp","href":"https:\/\/api.w.org\/{rel}","templated":true}]}}