{"id":6591,"date":"2024-04-03T20:28:20","date_gmt":"2024-04-03T12:28:20","guid":{"rendered":"https:\/\/vivbliss.com\/?post_type=product&#038;p=6591"},"modified":"2024-10-24T01:17:33","modified_gmt":"2024-10-24T01:17:33","slug":"stripper-dessous","status":"publish","type":"product","link":"https:\/\/vivbliss.com\/de\/product\/stripper-lingerie\/","title":{"rendered":"Stripper-Dessous"},"content":{"rendered":"<p>Dieses Stripper-Dessous ist fesselnd und verf\u00fchrerisch, perfekt f\u00fcr die besonderen Momente. Das Design zeigt eine Kombination aus zarter Spitze und gewagten Tr\u00e4gern, die die nat\u00fcrlichen Kurven des K\u00f6rpers betonen.<\/p>\n<p>\u2728 <strong>Oberer Abschnitt<\/strong>: Das BH-Top aus exquisiter schwarzer Spitze sorgt f\u00fcr einen verf\u00fchrerischen und zugleich eleganten Look. Die K\u00f6rbchen aus transparenter Spitze verf\u00fchren mit minimaler Bedeckung und geben einen Blick auf das, was darunter liegt, frei. Der Neckholder-Tr\u00e4ger sorgt f\u00fcr Raffinesse und verbindet sich mit einem zentralen Tr\u00e4ger, der in der Mitte verl\u00e4uft und den Dekollet\u00e9-Bereich mit einer von Fesseln inspirierten \u00c4sthetik hervorhebt.<\/p>\n<p>\ud83d\udda4 <strong>Handschuhe<\/strong>: Schwarze, transparente Handschuhe erg\u00e4nzen das Oberteil und verleihen ihm Geheimnis und Raffinesse. Die Handschuhe reichen bis knapp \u00fcber die Handgelenke und haben am Ende eine zarte R\u00fcsche f\u00fcr einen besonders femininen Touch.<\/p>\n<p>\ud83d\udd25 <strong>H\u00f6schen-Design<\/strong>: Der untere Teil des Tangas passt zur Spitze des Oberteils und zieht mit seinen filigranen Mustern die Blicke auf sich. Die hohen H\u00fcfttr\u00e4ger verl\u00e4ngern die Beine und schaffen eine schmeichelhafte Silhouette. Ein gekreuztes Riemchendetail auf der Vorderseite sorgt f\u00fcr eine k\u00fchne, kantige Ausstrahlung, die alle Blicke auf die Tr\u00e4gerin lenkt.<\/p>\n<p>\ud83d\udd17 <strong>Riemchen Details<\/strong>: Die Verbindungsriemen bieten funktionalen Halt und sind gleichzeitig ein optisches Highlight. Ihre strategische Platzierung unterstreicht die Form des K\u00f6rpers und schafft einen verlockenden Rahmen, der sowohl st\u00fctzt als auch verf\u00fchrt.<\/p>","protected":false},"excerpt":{"rendered":"<p>This Stripper Lingerie captivates and allures, perfect for those special moments. The design showcases a combination of delicate lace and daring straps that accentuate the body&#8217;s natural curves. \u2728 Top Section: The bra top, made from exquisite black lace, provides a seductive yet elegant look. Sheer lace cups tease with minimal coverage, offering a glimpse of what lies beneath. The halter-neck strap adds sophistication, connecting to a central strap that runs down the middle, enhancing the cleavage area with a bondage-inspired aesthetic. \ud83d\udda4 Gloves: Sheer black gloves complement the top, adding mystery and refinement. These gloves extend just past the wrists, featuring a delicate ruffle at the end for an extra feminine touch. \ud83d\udd25 Panty Design: The thong bottom matches the lace of the top, featuring intricate patterns that draw the eye. High hip straps elongate the legs and create a flattering silhouette. A criss-cross strap detail in the front adds a bold, edgy vibe, ensuring all eyes focus on the wearer. \ud83d\udd17 Strappy Details: The connecting straps provide functional support while adding visual interest. Their strategic placement enhances the body&#8217;s shape, creating a tantalizing framework that both supports and seduces.<\/p>","protected":false},"featured_media":6592,"template":"","meta":{"_acf_changed":false},"product_brand":[],"product_cat":[594],"product_tag":[237,598,595,597,596,599],"class_list":{"0":"post-6591","1":"product","2":"type-product","3":"status-publish","4":"has-post-thumbnail","6":"product_cat-bdsm-lingerie","7":"product_tag-crotchless-lingerie","8":"product_tag-lace-choker-lingerie","9":"product_tag-open-cup-bra-and-panty-set","10":"product_tag-see-through-bra-and-underwear-set","11":"product_tag-strappy-lingerie-set","12":"product_tag-stripper-lingerie","14":"first","15":"instock","16":"sale","17":"shipping-taxable","18":"purchasable","19":"product-type-variable","20":"has-default-attributes"},"acf":[],"_links":{"self":[{"href":"https:\/\/vivbliss.com\/de\/wp-json\/wp\/v2\/product\/6591","targetHints":{"allow":["GET"]}}],"collection":[{"href":"https:\/\/vivbliss.com\/de\/wp-json\/wp\/v2\/product"}],"about":[{"href":"https:\/\/vivbliss.com\/de\/wp-json\/wp\/v2\/types\/product"}],"version-history":[{"count":0,"href":"https:\/\/vivbliss.com\/de\/wp-json\/wp\/v2\/product\/6591\/revisions"}],"wp:featuredmedia":[{"embeddable":true,"href":"https:\/\/vivbliss.com\/de\/wp-json\/wp\/v2\/media\/6592"}],"wp:attachment":[{"href":"https:\/\/vivbliss.com\/de\/wp-json\/wp\/v2\/media?parent=6591"}],"wp:term":[{"taxonomy":"product_brand","embeddable":true,"href":"https:\/\/vivbliss.com\/de\/wp-json\/wp\/v2\/product_brand?post=6591"},{"taxonomy":"product_cat","embeddable":true,"href":"https:\/\/vivbliss.com\/de\/wp-json\/wp\/v2\/product_cat?post=6591"},{"taxonomy":"product_tag","embeddable":true,"href":"https:\/\/vivbliss.com\/de\/wp-json\/wp\/v2\/product_tag?post=6591"}],"curies":[{"name":"wp","href":"https:\/\/api.w.org\/{rel}","templated":true}]}}