{"id":41704,"date":"2025-09-29T07:48:11","date_gmt":"2025-09-29T07:48:11","guid":{"rendered":"https:\/\/vivbliss.com\/product\/red-sequin-bustier\/"},"modified":"2025-09-30T08:08:22","modified_gmt":"2025-09-30T08:08:22","slug":"rotes-pailletten-bustier","status":"publish","type":"product","link":"https:\/\/vivbliss.com\/de\/product\/red-sequin-bustier\/","title":{"rendered":"Rotes Pailletten-Bustier"},"content":{"rendered":"<p>Dieses sexy schwarz-rote Pailletten-Bustier hat B\u00fcgel-Cups, einen Hakenverschluss vorne, verstellbare und abnehmbare Tr\u00e4ger und einen geschn\u00fcrten R\u00fccken. (Handschuhe, Boa und Tanga nicht im Lieferumfang enthalten.)<\/p>","protected":false},"excerpt":{"rendered":"<p>Dieses sexy schwarz-rote Pailletten-Bustier hat B\u00fcgel-Cups, einen Hakenverschluss vorne, verstellbare und abnehmbare Tr\u00e4ger und einen geschn\u00fcrten R\u00fccken. (Handschuhe, Boa und Tanga nicht im Lieferumfang enthalten.)<\/p>","protected":false},"featured_media":41705,"template":"","meta":{"_acf_changed":false},"product_brand":[],"product_cat":[938],"product_tag":[],"class_list":{"0":"post-41704","1":"product","2":"type-product","3":"status-publish","4":"has-post-thumbnail","6":"product_cat-slutty-dress","8":"first","9":"instock","10":"sale","11":"shipping-taxable","12":"purchasable","13":"product-type-variable"},"acf":[],"_links":{"self":[{"href":"https:\/\/vivbliss.com\/de\/wp-json\/wp\/v2\/product\/41704","targetHints":{"allow":["GET"]}}],"collection":[{"href":"https:\/\/vivbliss.com\/de\/wp-json\/wp\/v2\/product"}],"about":[{"href":"https:\/\/vivbliss.com\/de\/wp-json\/wp\/v2\/types\/product"}],"version-history":[{"count":1,"href":"https:\/\/vivbliss.com\/de\/wp-json\/wp\/v2\/product\/41704\/revisions"}],"predecessor-version":[{"id":41817,"href":"https:\/\/vivbliss.com\/de\/wp-json\/wp\/v2\/product\/41704\/revisions\/41817"}],"wp:featuredmedia":[{"embeddable":true,"href":"https:\/\/vivbliss.com\/de\/wp-json\/wp\/v2\/media\/41705"}],"wp:attachment":[{"href":"https:\/\/vivbliss.com\/de\/wp-json\/wp\/v2\/media?parent=41704"}],"wp:term":[{"taxonomy":"product_brand","embeddable":true,"href":"https:\/\/vivbliss.com\/de\/wp-json\/wp\/v2\/product_brand?post=41704"},{"taxonomy":"product_cat","embeddable":true,"href":"https:\/\/vivbliss.com\/de\/wp-json\/wp\/v2\/product_cat?post=41704"},{"taxonomy":"product_tag","embeddable":true,"href":"https:\/\/vivbliss.com\/de\/wp-json\/wp\/v2\/product_tag?post=41704"}],"curies":[{"name":"wp","href":"https:\/\/api.w.org\/{rel}","templated":true}]}}