{"id":41601,"date":"2025-09-29T07:46:09","date_gmt":"2025-09-29T07:46:09","guid":{"rendered":"https:\/\/vivbliss.com\/product\/black-mesh-and-lycra-bustier\/"},"modified":"2025-09-30T08:09:36","modified_gmt":"2025-09-30T08:09:36","slug":"schwarzes-bustier-aus-netz-und-lycra","status":"publish","type":"product","link":"https:\/\/vivbliss.com\/de\/product\/black-mesh-and-lycra-bustier\/","title":{"rendered":"Schwarzes Bustier aus Mesh und Lycra"},"content":{"rendered":"<p>Dieses schwarze Mesh-Bustier hat einen R\u00fcschenbesatz, eine Satinschleife, einen Lippenanh\u00e4nger, verstellbare Tr\u00e4ger und einen passenden Tanga.<\/p>","protected":false},"excerpt":{"rendered":"<p>Dieses schwarze Mesh-Bustier hat einen R\u00fcschenbesatz, eine Satinschleife, einen Lippenanh\u00e4nger, verstellbare Tr\u00e4ger und einen passenden Tanga.<\/p>","protected":false},"featured_media":41606,"template":"","meta":{"_acf_changed":false},"product_brand":[],"product_cat":[1817],"product_tag":[],"class_list":{"0":"post-41601","1":"product","2":"type-product","3":"status-publish","4":"has-post-thumbnail","6":"product_cat-underwear","8":"first","9":"instock","10":"sale","11":"shipping-taxable","12":"purchasable","13":"product-type-variable"},"acf":[],"_links":{"self":[{"href":"https:\/\/vivbliss.com\/de\/wp-json\/wp\/v2\/product\/41601","targetHints":{"allow":["GET"]}}],"collection":[{"href":"https:\/\/vivbliss.com\/de\/wp-json\/wp\/v2\/product"}],"about":[{"href":"https:\/\/vivbliss.com\/de\/wp-json\/wp\/v2\/types\/product"}],"version-history":[{"count":1,"href":"https:\/\/vivbliss.com\/de\/wp-json\/wp\/v2\/product\/41601\/revisions"}],"predecessor-version":[{"id":41822,"href":"https:\/\/vivbliss.com\/de\/wp-json\/wp\/v2\/product\/41601\/revisions\/41822"}],"wp:featuredmedia":[{"embeddable":true,"href":"https:\/\/vivbliss.com\/de\/wp-json\/wp\/v2\/media\/41606"}],"wp:attachment":[{"href":"https:\/\/vivbliss.com\/de\/wp-json\/wp\/v2\/media?parent=41601"}],"wp:term":[{"taxonomy":"product_brand","embeddable":true,"href":"https:\/\/vivbliss.com\/de\/wp-json\/wp\/v2\/product_brand?post=41601"},{"taxonomy":"product_cat","embeddable":true,"href":"https:\/\/vivbliss.com\/de\/wp-json\/wp\/v2\/product_cat?post=41601"},{"taxonomy":"product_tag","embeddable":true,"href":"https:\/\/vivbliss.com\/de\/wp-json\/wp\/v2\/product_tag?post=41601"}],"curies":[{"name":"wp","href":"https:\/\/api.w.org\/{rel}","templated":true}]}}