{"id":41358,"date":"2025-09-29T07:36:59","date_gmt":"2025-09-29T07:36:59","guid":{"rendered":"https:\/\/vivbliss.com\/product\/high-neck-keyhole-garter-cami\/"},"modified":"2025-09-30T08:12:37","modified_gmt":"2025-09-30T08:12:37","slug":"hochgeschlossenes-schlusselloch-strumpfband-cami","status":"publish","type":"product","link":"https:\/\/vivbliss.com\/de\/product\/high-neck-keyhole-garter-cami\/","title":{"rendered":"Hochgeschlossenes Schl\u00fcsselloch-Strumpfband-Cami"},"content":{"rendered":"<p>Dieses kokette Spitzenmieder verf\u00fcgt \u00fcber einen hohen Halsausschnitt mit Schl\u00fcssellochausschnitt im Brustbereich, angebrachte Strumpfhalter und ein passendes H\u00f6schen. (Str\u00fcmpfe nicht enthalten.)<\/p>","protected":false},"excerpt":{"rendered":"<p>Dieses kokette Spitzenmieder verf\u00fcgt \u00fcber einen hohen Halsausschnitt mit Schl\u00fcssellochausschnitt im Brustbereich, angebrachte Strumpfhalter und ein passendes H\u00f6schen. (Str\u00fcmpfe nicht enthalten.)<\/p>","protected":false},"featured_media":41361,"template":"","meta":{"_acf_changed":false},"product_brand":[],"product_cat":[592],"product_tag":[],"class_list":{"0":"post-41358","1":"product","2":"type-product","3":"status-publish","4":"has-post-thumbnail","6":"product_cat-erotic-cosplay","8":"first","9":"instock","10":"sale","11":"shipping-taxable","12":"purchasable","13":"product-type-variable"},"acf":[],"_links":{"self":[{"href":"https:\/\/vivbliss.com\/de\/wp-json\/wp\/v2\/product\/41358","targetHints":{"allow":["GET"]}}],"collection":[{"href":"https:\/\/vivbliss.com\/de\/wp-json\/wp\/v2\/product"}],"about":[{"href":"https:\/\/vivbliss.com\/de\/wp-json\/wp\/v2\/types\/product"}],"version-history":[{"count":1,"href":"https:\/\/vivbliss.com\/de\/wp-json\/wp\/v2\/product\/41358\/revisions"}],"predecessor-version":[{"id":41836,"href":"https:\/\/vivbliss.com\/de\/wp-json\/wp\/v2\/product\/41358\/revisions\/41836"}],"wp:featuredmedia":[{"embeddable":true,"href":"https:\/\/vivbliss.com\/de\/wp-json\/wp\/v2\/media\/41361"}],"wp:attachment":[{"href":"https:\/\/vivbliss.com\/de\/wp-json\/wp\/v2\/media?parent=41358"}],"wp:term":[{"taxonomy":"product_brand","embeddable":true,"href":"https:\/\/vivbliss.com\/de\/wp-json\/wp\/v2\/product_brand?post=41358"},{"taxonomy":"product_cat","embeddable":true,"href":"https:\/\/vivbliss.com\/de\/wp-json\/wp\/v2\/product_cat?post=41358"},{"taxonomy":"product_tag","embeddable":true,"href":"https:\/\/vivbliss.com\/de\/wp-json\/wp\/v2\/product_tag?post=41358"}],"curies":[{"name":"wp","href":"https:\/\/api.w.org\/{rel}","templated":true}]}}